{"id":8755,"date":"2022-10-30T19:13:09","date_gmt":"2022-10-30T18:13:09","guid":{"rendered":"https:\/\/svcard.fr\/produit\/svcard-nfc-pvc-negro\/"},"modified":"2023-05-21T16:38:18","modified_gmt":"2023-05-21T14:38:18","slug":"svcard-nfc-pvc-negro","status":"publish","type":"product","link":"https:\/\/svcard.fr\/es\/produit\/svcard-nfc-pvc-negro\/","title":{"rendered":"SVCard NFC en PVC negro con tecnolog\u00eda NFC"},"content":{"rendered":"<p>[et_pb_section fb_built=\u00bb1&#8243; _builder_version=\u00bb4.16&#8243; custom_padding=\u00bb0px||||false|false\u00bb global_colors_info=\u00bb{}\u00bb][et_pb_row _builder_version=\u00bb4.16&#8243; background_size=\u00bbinitial\u00bb background_position=\u00bbtop_left\u00bb background_repeat=\u00bbrepeat\u00bb width=\u00bb100%\u00bb custom_padding=\u00bb0px||0px||false|false\u00bb global_colors_info=\u00bb{}\u00bb][et_pb_column type=\u00bb4_4&#8243; _builder_version=\u00bb4.16&#8243; custom_padding=\u00bb|||\u00bb global_colors_info=\u00bb{}\u00bb custom_padding__hover=\u00bb|||\u00bb][et_pb_wc_breadcrumb _builder_version=\u00bb4.16&#8243; global_colors_info=\u00bb{}\u00bb][\/et_pb_wc_breadcrumb][et_pb_wc_cart_notice _builder_version=\u00bb4.16&#8243; global_colors_info=\u00bb{}\u00bb][\/et_pb_wc_cart_notice][\/et_pb_column][\/et_pb_row][et_pb_row column_structure=\u00bb1_2,1_2&#8243; _builder_version=\u00bb4.16&#8243; background_size=\u00bbinitial\u00bb background_position=\u00bbtop_left\u00bb background_repeat=\u00bbrepeat\u00bb width=\u00bb100%\u00bb custom_padding=\u00bb0px||||false|false\u00bb global_colors_info=\u00bb{}\u00bb][et_pb_column type=\u00bb1_2&#8243; _builder_version=\u00bb4.16&#8243; custom_padding=\u00bb|||\u00bb global_colors_info=\u00bb{}\u00bb custom_padding__hover=\u00bb|||\u00bb][et_pb_wc_images _builder_version=\u00bb4.18.1&#8243; global_colors_info=\u00bb{}\u00bb][\/et_pb_wc_images][\/et_pb_column][et_pb_column type=\u00bb1_2&#8243; _builder_version=\u00bb4.16&#8243; custom_padding=\u00bb|||\u00bb global_colors_info=\u00bb{}\u00bb custom_padding__hover=\u00bb|||\u00bb][et_pb_wc_title _builder_version=\u00bb4.19.2&#8243; header_font=\u00bb|600|||||||\u00bb header_text_color=\u00bb#A003A8&#8243; global_colors_info=\u00bb{}\u00bb][\/et_pb_wc_title][et_pb_wc_rating _builder_version=\u00bb4.18.1&#8243; global_colors_info=\u00bb{}\u00bb][\/et_pb_wc_rating][et_pb_wc_price _builder_version=\u00bb4.18.1&#8243; body_font=\u00bb|700|||||||\u00bb body_text_color=\u00bb#3395D1&#8243; global_colors_info=\u00bb{}\u00bb][\/et_pb_wc_price][et_pb_wc_add_to_cart show_stock=\u00bboff\u00bb _builder_version=\u00bb4.19.2&#8243; fields_background_color=\u00bb#FFA22E\u00bb fields_text_color=\u00bb#FFFFFF\u00bb dropdown_menus_background_color=\u00bb#A003A8&#8243; dropdown_menus_text_color=\u00bb#FFFFFF\u00bb fields_font=\u00bb|700|||||||\u00bb fields_line_height=\u00bb1.1em\u00bb custom_button=\u00bbon\u00bb button_text_color=\u00bb#000000&#8243; button_bg_color=\u00bb#FFA22E\u00bb button_border_width=\u00bb0px\u00bb button_border_radius=\u00bb0px\u00bb button_font=\u00bb|600|||||||\u00bb box_shadow_style_button=\u00bbpreset3&#8243; global_colors_info=\u00bb{}\u00bb fields_focus_text_color__hover_enabled=\u00bbon|desktop\u00bb][\/et_pb_wc_add_to_cart][et_pb_wc_description description_type=\u00bbdescription\u00bb _builder_version=\u00bb4.18.1&#8243; global_colors_info=\u00bb{}\u00bb][\/et_pb_wc_description][\/et_pb_column][\/et_pb_row][et_pb_row _builder_version=\u00bb4.16&#8243; background_size=\u00bbinitial\u00bb background_position=\u00bbtop_left\u00bb background_repeat=\u00bbrepeat\u00bb width=\u00bb100%\u00bb custom_padding=\u00bb17px|||||\u00bb global_colors_info=\u00bb{}\u00bb][et_pb_column type=\u00bb4_4&#8243; _builder_version=\u00bb4.16&#8243; custom_padding=\u00bb|||\u00bb global_colors_info=\u00bb{}\u00bb custom_padding__hover=\u00bb|||\u00bb][et_pb_wc_tabs include_tabs=\u00bb|\u00bb _builder_version=\u00bb4.16&#8243; global_colors_info=\u00bb{}\u00bb] [\/et_pb_wc_tabs][et_pb_wc_upsells _builder_version=\u00bb4.16&#8243; global_colors_info=\u00bb{}\u00bb][\/et_pb_wc_upsells][et_pb_wc_related_products product=\u00bb772&#8243; include_categories=\u00bb35&#8243; _builder_version=\u00bb4.17.3&#8243; global_colors_info=\u00bb{}\u00bb][\/et_pb_wc_related_products][\/et_pb_column][\/et_pb_row][\/et_pb_section][et_pb_section fb_built=\u00bb1&#8243; admin_label=\u00bbSection Que comprend notre o\ufb00re ?\u00bb _builder_version=\u00bb4.19.2&#8243; _module_preset=\u00bbdefault\u00bb background_color=\u00bbrgba(51,149,209,0.1)\u00bb locked=\u00bboff\u00bb global_colors_info=\u00bb{}\u00bb][et_pb_row column_structure=\u00bb2_5,3_5&#8243; _builder_version=\u00bb4.19.2&#8243; _module_preset=\u00bbdefault\u00bb global_colors_info=\u00bb{}\u00bb][et_pb_column type=\u00bb2_5&#8243; _builder_version=\u00bb4.18.1&#8243; _module_preset=\u00bbdefault\u00bb global_colors_info=\u00bb{}\u00bb][dsm_block_reveal_text block_reveal_text=\u00bb\u00bfQu\u00e9 incluye nuestro o\ufb00re?\u00bb _builder_version=\u00bb4.19.2&#8243; _module_preset=\u00bbdefault\u00bb header_text_color=\u00bb#A003A8&#8243; custom_margin=\u00bb||11px|||\u00bb global_colors_info=\u00bb{}\u00bb][\/dsm_block_reveal_text][et_pb_text _builder_version=\u00bb4.19.2&#8243; _module_preset=\u00bbdefault\u00bb text_font_size=\u00bb16px\u00bb global_colors_info=\u00bb{}\u00bb]<\/p>\n<ul>\n<li>  Personalizaci\u00f3n de la SVCard con su logotipo e informaci\u00f3n.<\/li>\n<li>Acceso a la plataforma para modificar su pro\ufb01l e informaci\u00f3n sin l\u00edmite.<\/li>\n<li><strong>No hay suscripci\u00f3n<\/strong><\/li>\n<li>Acceso de administrador para gestionar las tarjetas de los empleados con diferentes niveles de acceso.<\/li>\n<\/ul>\n<p>[\/et_pb_text][\/et_pb_column][et_pb_column type=\u00bb3_5&#8243; _builder_version=\u00bb4.18.1&#8243; _module_preset=\u00bbdefault\u00bb global_colors_info=\u00bb{}\u00bb][et_pb_image src=\u00bbhttps:\/\/svcard.fr\/wp-content\/uploads\/2022\/03\/svcard-img-saisie.png\u00bb alt=\u00bbZona de entrada segura de la Svcard\u00bb title_text=\u00bbZona de entrada segura de la Svcard\u00bb _builder_version=\u00bb4.18.1&#8243; _module_preset=\u00bbdefault\u00bb width=\u00bb62%\u00bb width_tablet=\u00bb62%\u00bb width_phone=\u00bb62%\u00bb width_last_edited=\u00bbon|desktop\u00bb module_alignment=\u00bbcenter\u00bb custom_margin=\u00bb|||22px||\u00bb global_colors_info=\u00bb{}\u00bb][\/et_pb_image][\/et_pb_column][\/et_pb_row][\/et_pb_section][et_pb_section fb_built=\u00bb1&#8243; admin_label=\u00bbSection La SVCard est personnalisable\u00bb _builder_version=\u00bb4.19.2&#8243; _module_preset=\u00bbdefault\u00bb custom_padding=\u00bb2px||3px|||\u00bb locked=\u00bboff\u00bb global_colors_info=\u00bb{}\u00bb][et_pb_row column_structure=\u00bb2_5,3_5&#8243; _builder_version=\u00bb4.18.1&#8243; _module_preset=\u00bbdefault\u00bb global_colors_info=\u00bb{}\u00bb][et_pb_column type=\u00bb2_5&#8243; _builder_version=\u00bb4.18.1&#8243; _module_preset=\u00bbdefault\u00bb global_colors_info=\u00bb{}\u00bb][et_pb_image src=\u00bbhttps:\/\/svcard.fr\/wp-content\/uploads\/2022\/10\/SVCard-NFC-pvc-noir-silver-fr-tr-v3-05.png\u00bb alt=\u00bbSVCard NFC en PVC negro\u00bb title_text=\u00bbSVCard NFC en PVC negro\u00bb _builder_version=\u00bb4.19.2&#8243; _module_preset=\u00bbdefault\u00bb width=\u00bb62%\u00bb width_tablet=\u00bb62%\u00bb width_phone=\u00bb62%\u00bb width_last_edited=\u00bbon|desktop\u00bb module_alignment=\u00bbcenter\u00bb custom_margin=\u00bb|85px||||\u00bb global_colors_info=\u00bb{}\u00bb][\/et_pb_image][\/et_pb_column][et_pb_column type=\u00bb3_5&#8243; _builder_version=\u00bb4.18.1&#8243; _module_preset=\u00bbdefault\u00bb global_colors_info=\u00bb{}\u00bb][dsm_block_reveal_text block_reveal_text=\u00bbLa SVCard es personalizable\u00bb module_id=\u00bbimpression\u00bb _builder_version=\u00bb4.19.0&#8243; _module_preset=\u00bbdefault\u00bb header_font=\u00bb||||||||\u00bb header_text_color=\u00bb#A003A8&#8243; custom_margin=\u00bb||11px|||\u00bb global_colors_info=\u00bb{}\u00bb][\/dsm_block_reveal_text][et_pb_text _builder_version=\u00bb4.19.2&#8243; _module_preset=\u00bbdefault\u00bb text_font_size=\u00bb16px\u00bb global_colors_info=\u00bb{}\u00bb]<\/p>\n<p>La SVCard PVC de color negro puede personalizarse de 4 formas distintas:<\/p>\n<ul>\n<li>Impresi\u00f3n en color plata<\/li>\n<li>Impresi\u00f3n en color dorado<\/li>\n<li>Impresi\u00f3n en blanco<\/li>\n<li>Impresi\u00f3n en color<a href=\"mailto:contact@svcard.fr\">(opcional, cons\u00faltenos<\/a>)<\/li>\n<\/ul>\n<p>Tras la validaci\u00f3n de su pedido, se le guiar\u00e1 para que personalice su SVCard<\/p>\n<p>Tan pronto como reciba sus elementos gr\u00e1ficos, recibir\u00e1 una prueba antes de imprimir su SVCard, su primera prueba se ofrece<\/p>\n<p>[\/et_pb_text][\/et_pb_column][\/et_pb_row][\/et_pb_section][et_pb_section fb_built=\u00bb1&#8243; admin_label=\u00bbSection Comment \u00e7a fonctionne ? titre\u00bb _builder_version=\u00bb4.18.1&#8243; _module_preset=\u00bbdefault\u00bb background_color=\u00bbrgba(51,149,209,0.1)\u00bb custom_padding=\u00bb3px||4px|||\u00bb locked=\u00bboff\u00bb global_colors_info=\u00bb{}\u00bb][et_pb_row _builder_version=\u00bb4.18.1&#8243; _module_preset=\u00bbdefault\u00bb global_colors_info=\u00bb{}\u00bb][et_pb_column type=\u00bb4_4&#8243; _builder_version=\u00bb4.18.1&#8243; _module_preset=\u00bbdefault\u00bb global_colors_info=\u00bb{}\u00bb][et_pb_text _builder_version=\u00bb4.19.2&#8243; _module_preset=\u00bbdefault\u00bb global_colors_info=\u00bb{}\u00bb]<\/p>\n<h2 style=\"text-align: center;\"><strong><span style=\"color: #a003a8;\">\u00bfC\u00f3mo funciona?<\/span><\/strong><\/h2>\n<p>[\/et_pb_text][\/et_pb_column][\/et_pb_row][\/et_pb_section][et_pb_section fb_built=\u00bb1&#8243; specialty=\u00bbon\u00bb admin_label=\u00bbSection Comment \u00e7a fonctionne ?\u00bb _builder_version=\u00bb4.18.1&#8243; _module_preset=\u00bbdefault\u00bb background_color=\u00bbrgba(51,149,209,0.1)\u00bb custom_padding=\u00bb5px||3px|||\u00bb locked=\u00bboff\u00bb global_colors_info=\u00bb{}\u00bb][et_pb_column type=\u00bb1_2&#8243; specialty_columns=\u00bb2&#8243; _builder_version=\u00bb4.16&#8243; custom_padding=\u00bb|||\u00bb global_colors_info=\u00bb{}\u00bb custom_padding__hover=\u00bb|||\u00bb][et_pb_row_inner _builder_version=\u00bb4.18.1&#8243; _module_preset=\u00bbdefault\u00bb global_colors_info=\u00bb{}\u00bb][et_pb_column_inner saved_specialty_column_type=\u00bb1_2&#8243; _builder_version=\u00bb4.18.1&#8243; _module_preset=\u00bbdefault\u00bb global_colors_info=\u00bb{}\u00bb][et_pb_text _builder_version=\u00bb4.19.2&#8243; _module_preset=\u00bbdefault\u00bb text_font_size=\u00bb16px\u00bb global_colors_info=\u00bb{}\u00bb]<\/p>\n<h2><span style=\"color: #a003a8;\"><strong>Muy f\u00e1cil de usar<\/strong><\/span><\/h2>\n<h5><span style=\"color: #a003a8;\">Un simple gesto para intercambiar sus datos<\/span><\/h5>\n<p>No hace falta una aplicaci\u00f3n, la SVCard funciona con el 99% de los smartphones.<br \/>La tarjeta SVCard se utiliza de dos maneras.<br \/>Ya sea mediante la tecnolog\u00eda NFC o\/y el c\u00f3digo QR.<\/p>\n<p>[\/et_pb_text][\/et_pb_column_inner][\/et_pb_row_inner][et_pb_row_inner column_structure=\u00bb1_2,1_2&#8243; _builder_version=\u00bb4.18.1&#8243; _module_preset=\u00bbdefault\u00bb global_colors_info=\u00bb{}\u00bb][et_pb_column_inner type=\u00bb1_2&#8243; saved_specialty_column_type=\u00bb1_2&#8243; _builder_version=\u00bb4.18.1&#8243; _module_preset=\u00bbdefault\u00bb global_colors_info=\u00bb{}\u00bb][et_pb_text admin_label=\u00bbTexte Partage\u00bb _builder_version=\u00bb4.18.1&#8243; _module_preset=\u00bbdefault\u00bb text_font_size=\u00bb16px\u00bb global_colors_info=\u00bb{}\u00bb]<\/p>\n<h5><strong><span style=\"color: #999999;\">Tecnolog\u00eda NFC<\/span><\/strong><\/h5>\n<ul>\n<li style=\"text-align: left;\">Acerque su SVCard al m\u00f3vil de su contacto.<\/li>\n<li style=\"text-align: left;\">Su contacto abre la noti\ufb01caci\u00f3n.<\/li>\n<\/ul>\n<p style=\"text-align: left;\">Eso es todo, \u00a1sus datos se transmiten!<\/p>\n<p>[\/et_pb_text][\/et_pb_column_inner][et_pb_column_inner type=\u00bb1_2&#8243; saved_specialty_column_type=\u00bb1_2&#8243; _builder_version=\u00bb4.18.1&#8243; _module_preset=\u00bbdefault\u00bb global_colors_info=\u00bb{}\u00bb][et_pb_text admin_label=\u00bbTexte Partage\u00bb _builder_version=\u00bb4.18.1&#8243; _module_preset=\u00bbdefault\u00bb text_font_size=\u00bb16px\u00bb global_colors_info=\u00bb{}\u00bb]<\/p>\n<h5><strong><span style=\"color: #999999;\">Por c\u00f3digo QR<\/span><\/strong><\/h5>\n<ul>\n<li style=\"text-align: left;\">Su persona de contacto escanea el c\u00f3digo QR en el reverso de su Svcard.<\/li>\n<li style=\"text-align: left;\">Su contacto abre la noti\ufb01caci\u00f3n.<\/li>\n<\/ul>\n<p style=\"text-align: left;\">Eso es todo, \u00a1sus datos se transmiten!<\/p>\n<p>[\/et_pb_text][\/et_pb_column_inner][\/et_pb_row_inner][et_pb_row_inner _builder_version=\u00bb4.18.1&#8243; _module_preset=\u00bbdefault\u00bb global_colors_info=\u00bb{}\u00bb][et_pb_column_inner saved_specialty_column_type=\u00bb1_2&#8243; _builder_version=\u00bb4.18.1&#8243; _module_preset=\u00bbdefault\u00bb global_colors_info=\u00bb{}\u00bb][et_pb_text admin_label=\u00bbTexte FAQ\u00bb _builder_version=\u00bb4.18.1&#8243; _module_preset=\u00bbdefault\u00bb text_font_size=\u00bb16px\u00bb global_colors_info=\u00bb{}\u00bb]<\/p>\n<p><span style=\"color: #999999;\">Si necesita m\u00e1s informaci\u00f3n, nuestra secci\u00f3n <a href=\"https:\/\/svcard.fr\/es\/faq-svcard\/\">de preguntas frecuentes<\/a> est\u00e1 a su disposici\u00f3n o tambi\u00e9n puede ponerse en contacto con nosotros en el +33 1 41 16 39 60 o a trav\u00e9s de <a href=\"https:\/\/svcard.fr\/es\/solicitud-de-presupuesto\/\">contacto<\/a>.<\/span><\/p>\n<p>[\/et_pb_text][\/et_pb_column_inner][\/et_pb_row_inner][\/et_pb_column][et_pb_column type=\u00bb1_4&#8243; _builder_version=\u00bb4.16&#8243; custom_padding=\u00bb|||\u00bb global_colors_info=\u00bb{}\u00bb custom_padding__hover=\u00bb|||\u00bb][et_pb_image src=\u00bbhttps:\/\/svcard.fr\/wp-content\/uploads\/2022\/03\/svcard-img-iphone.png\u00bb alt=\u00bbConexi\u00f3n de la tarjeta Svcard\u00bb title_text=\u00bbConexi\u00f3n de la tarjeta Svcard\u00bb admin_label=\u00bbImage iPhone\u00bb _builder_version=\u00bb4.18.1&#8243; _module_preset=\u00bbdefault\u00bb global_colors_info=\u00bb{}\u00bb][\/et_pb_image][\/et_pb_column][et_pb_column type=\u00bb1_4&#8243; _builder_version=\u00bb4.16&#8243; custom_padding=\u00bb|||\u00bb global_colors_info=\u00bb{}\u00bb custom_padding__hover=\u00bb|||\u00bb][et_pb_text admin_label=\u00bbTexte Cr\u00e9ation d&#8217;information\u00bb _builder_version=\u00bb4.18.1&#8243; _module_preset=\u00bbdefault\u00bb text_font_size=\u00bb16px\u00bb global_colors_info=\u00bb{}\u00bb]<\/p>\n<p><span style=\"color: #808080;\"><span style=\"color: #a003a8;\">\u2666<\/span> Crear su informaci\u00f3n para transmitirla a trav\u00e9s de la interfaz de usuario segura<\/span><\/p>\n<p>[\/et_pb_text][et_pb_divider _builder_version=\u00bb4.18.1&#8243; _module_preset=\u00bbdefault\u00bb global_colors_info=\u00bb{}\u00bb][\/et_pb_divider][et_pb_text admin_label=\u00bbTexte M \u00e0 J\u00bb _builder_version=\u00bb4.18.1&#8243; _module_preset=\u00bbdefault\u00bb text_font_size=\u00bb16px\u00bb global_colors_info=\u00bb{}\u00bb]<\/p>\n<p><span style=\"color: #808080;\"><span style=\"color: #a003a8;\">\u2666<\/span> Actualiza tus datos sin l\u00edmites a trav\u00e9s de la interfaz de usuario segura.<\/span><\/p>\n<p>[\/et_pb_text][et_pb_divider _builder_version=\u00bb4.18.1&#8243; _module_preset=\u00bbdefault\u00bb global_colors_info=\u00bb{}\u00bb][\/et_pb_divider][et_pb_text admin_label=\u00bbTexte Partage\u00bb _builder_version=\u00bb4.18.1&#8243; _module_preset=\u00bbdefault\u00bb text_font_size=\u00bb16px\u00bb global_colors_info=\u00bb{}\u00bb]<\/p>\n<p><span style=\"color: #808080;\"><span style=\"color: #a003a8;\">\u2666 Comparte<\/span> tus datos sin l\u00edmites y aprovecha al m\u00e1ximo la tecnolog\u00eda sin contacto.<\/span><\/p>\n<p>[\/et_pb_text][\/et_pb_column][\/et_pb_section]<\/p>\n","protected":false},"excerpt":{"rendered":"<h4><span style=\"color: #a003a8;\"><strong>Transfiera su informaci\u00f3n en un solo paso:  <\/strong><\/span><\/h4>\n<ul>\n<li>\u00bfUna feria? Un enlace a la URL de su elecci\u00f3n<\/li>\n<li>\u00bfUn evento? Una p\u00e1gina de Instagram<\/li>\n<li>\u00bfUn nuevo producto? Un video en youtube<\/li>\n<li>\u00bfSu pro\ufb01l? Linkedin<\/li>\n<\/ul>\n<p>O, por supuesto, para el diario su tarjeta de visita con la informaci\u00f3n que desee:<\/p>\n<ul>\n<li>Foto, Nombre, Apellido, Direcci\u00f3n, Tel\u00e9fono, Cargo, Correo, Twitter, etc&#8230;.<\/li>\n<\/ul>\n<p><b>Gracias a la SVCard, sea m\u00e1s visible, desarrolle su presencia en las redes sociales y comparta sus enlaces con sus clientes y prospectos en un solo clic.<\/b><\/p>\n","protected":false},"featured_media":13279,"template":"","meta":{"_seopress_robots_primary_cat":"none","_seopress_titles_title":"SVCard en PVC Noir technologie NFC","_seopress_titles_desc":"Gr\u00e2ce \u00e0 la SVCard PVC blanc soyez plus visible, d\u00e9veloppez votre pr\u00e9sence sur les r\u00e9seaux sociaux et partagez avec vos clients en un seul clic !","_seopress_robots_index":"","_et_pb_use_builder":"on","_et_pb_old_content":"<h4><span style=\"color: #a003a8\"><strong>SVCard la carte de visite sans contact NFC en PVC blanc<\/strong><\/span><\/h4>\r\n<strong>Une solution cl\u00e9 en main !<\/strong>\r\nLa personnalisation de la SVCard avec votre logo est comprise dans le prix\r\nCette personnalisation commence apr\u00e8s la validation de votre commande\r\nDe plus une remise par quantit\u00e9 s'applique automatiquement\r\n<h4><span style=\"color: #a003a8\"><strong>Prestations comprises<\/strong><\/span><\/h4>\r\n<ul>\r\n \t<li>Acc\u00e8s illimit\u00e9 \u00e0 l'interface de vos SVCard\u00a0<strong>sans abonnement<\/strong><\/li>\r\n \t<li><a href=\"#impression\"><span style=\"color: #a003a8\">L'impression de votre SVCard<\/span><\/a> en PVC noir <strong>avec votre Logo et vos informations<\/strong><\/li>\r\n \t<li>La livraison en\u00a0<strong>Europe est incluse\u00a0<\/strong><em>(pour toute livraison hors Europe merci de\u00a0<span style=\"color: #a003a8\"><a style=\"color: #a003a8\" href=\"mailto:contact@svcard.fr\">nous contacter<\/a><\/span>)<\/em><\/li>\r\n<\/ul>\r\n<h4><span style=\"color: #a003a8\"><b>Cr\u00e9ation de votre SVCard en 4 \u00e9tapes<\/b><\/span><\/h4>\r\n<ol>\r\n \t<li>Validez votre commande<\/li>\r\n \t<li>Vous allez \u00eatre guid\u00e9(e) pour la personnalisation de votre SVCard PVC (l'impression)<\/li>\r\n \t<li>Exp\u00e9dition de votre SVCard<\/li>\r\n \t<li>Acc\u00e8s \u00e0 l'espace d\u00e9di\u00e9 pour la cr\u00e9ation et la mise \u00e0 jour de votre fiche<\/li>\r\n<\/ol>\r\n<h4><span style=\"color: #a003a8\"><strong>Informations<\/strong><\/span><\/h4>\r\n<ul>\r\n \t<li>Les donn\u00e9es sont h\u00e9berg\u00e9es et sauvegard\u00e9es en Europe en conformit\u00e9 avec le RGPD<\/li>\r\n \t<li>Si vous souhaitez obtenir un devis personnalis\u00e9\u00a0<strong><a href=\"https:\/\/svcard.fr\/demande-de-devis\/\">cliquez ici<\/a><\/strong><\/li>\r\n \t<li>Si vous souhaitez avoir un d\u00e9mo de la SVCard en ligne<strong>\u00a0<a href=\"https:\/\/svcard.fr\/demo\/\">cliquet ici<\/a><\/strong><\/li>\r\n<\/ul>","_et_gb_content_width":""},"product_brand":[],"product_cat":[70],"product_tag":[],"class_list":{"0":"post-8755","1":"product","2":"type-product","3":"status-publish","4":"has-post-thumbnail","6":"product_cat-svcard-pvc-es","8":"first","9":"instock","10":"taxable","11":"shipping-taxable","12":"purchasable","13":"product-type-simple"},"_links":{"self":[{"href":"https:\/\/svcard.fr\/es\/wp-json\/wp\/v2\/product\/8755","targetHints":{"allow":["GET"]}}],"collection":[{"href":"https:\/\/svcard.fr\/es\/wp-json\/wp\/v2\/product"}],"about":[{"href":"https:\/\/svcard.fr\/es\/wp-json\/wp\/v2\/types\/product"}],"wp:featuredmedia":[{"embeddable":true,"href":"https:\/\/svcard.fr\/es\/wp-json\/wp\/v2\/media\/13279"}],"wp:attachment":[{"href":"https:\/\/svcard.fr\/es\/wp-json\/wp\/v2\/media?parent=8755"}],"wp:term":[{"taxonomy":"product_brand","embeddable":true,"href":"https:\/\/svcard.fr\/es\/wp-json\/wp\/v2\/product_brand?post=8755"},{"taxonomy":"product_cat","embeddable":true,"href":"https:\/\/svcard.fr\/es\/wp-json\/wp\/v2\/product_cat?post=8755"},{"taxonomy":"product_tag","embeddable":true,"href":"https:\/\/svcard.fr\/es\/wp-json\/wp\/v2\/product_tag?post=8755"}],"curies":[{"name":"wp","href":"https:\/\/api.w.org\/{rel}","templated":true}]}}