{"id":6389,"date":"2022-10-09T20:31:48","date_gmt":"2022-10-09T18:31:48","guid":{"rendered":"https:\/\/svcard.fr\/produit\/svcard-nfc-metal-gold\/"},"modified":"2023-05-21T17:18:49","modified_gmt":"2023-05-21T15:18:49","slug":"svcard-nfc-metal-gold","status":"publish","type":"product","link":"https:\/\/svcard.fr\/es\/produit\/svcard-nfc-metal-gold\/","title":{"rendered":"SVCard NFC h\u00edbrida ba\u00f1ada en oro de 24 quilates"},"content":{"rendered":"<p>[et_pb_section fb_built=\u00bb1&#8243; _builder_version=\u00bb4.16&#8243; custom_padding=\u00bb0px||||false|false\u00bb global_colors_info=\u00bb{}\u00bb][et_pb_row _builder_version=\u00bb4.16&#8243; background_size=\u00bbinitial\u00bb background_position=\u00bbtop_left\u00bb background_repeat=\u00bbrepeat\u00bb width=\u00bb100%\u00bb custom_padding=\u00bb0px||0px||false|false\u00bb global_colors_info=\u00bb{}\u00bb][et_pb_column type=\u00bb4_4&#8243; _builder_version=\u00bb4.16&#8243; custom_padding=\u00bb|||\u00bb global_colors_info=\u00bb{}\u00bb custom_padding__hover=\u00bb|||\u00bb][et_pb_wc_breadcrumb _builder_version=\u00bb4.16&#8243; global_colors_info=\u00bb{}\u00bb][\/et_pb_wc_breadcrumb][et_pb_wc_cart_notice _builder_version=\u00bb4.16&#8243; global_colors_info=\u00bb{}\u00bb][\/et_pb_wc_cart_notice][\/et_pb_column][\/et_pb_row][et_pb_row column_structure=\u00bb1_2,1_2&#8243; _builder_version=\u00bb4.16&#8243; background_size=\u00bbinitial\u00bb background_position=\u00bbtop_left\u00bb background_repeat=\u00bbrepeat\u00bb width=\u00bb100%\u00bb custom_padding=\u00bb0px||||false|false\u00bb global_colors_info=\u00bb{}\u00bb][et_pb_column type=\u00bb1_2&#8243; _builder_version=\u00bb4.16&#8243; custom_padding=\u00bb|||\u00bb global_colors_info=\u00bb{}\u00bb custom_padding__hover=\u00bb|||\u00bb][et_pb_wc_images _builder_version=\u00bb4.19.5&#8243; global_colors_info=\u00bb{}\u00bb][\/et_pb_wc_images][\/et_pb_column][et_pb_column type=\u00bb1_2&#8243; _builder_version=\u00bb4.16&#8243; custom_padding=\u00bb|||\u00bb global_colors_info=\u00bb{}\u00bb custom_padding__hover=\u00bb|||\u00bb][et_pb_wc_title _builder_version=\u00bb4.18.1&#8243; header_font=\u00bb|600|||||||\u00bb header_text_color=\u00bb#A003A8&#8243; custom_padding=\u00bb||2px|||\u00bb global_colors_info=\u00bb{}\u00bb][\/et_pb_wc_title][et_pb_wc_rating _builder_version=\u00bb4.18.0&#8243; global_colors_info=\u00bb{}\u00bb][\/et_pb_wc_rating][et_pb_wc_price _builder_version=\u00bb4.19.5&#8243; body_font=\u00bb|700|||||||\u00bb body_text_color=\u00bb#3395D1&#8243; body_font_size=\u00bb20px\u00bb global_colors_info=\u00bb{}\u00bb][\/et_pb_wc_price][et_pb_wc_add_to_cart show_stock=\u00bboff\u00bb _builder_version=\u00bb4.19.5&#8243; fields_background_color=\u00bb#FFA22E\u00bb fields_text_color=\u00bb#FFFFFF\u00bb dropdown_menus_background_color=\u00bb#A003A8&#8243; dropdown_menus_text_color=\u00bb#FFFFFF\u00bb fields_font=\u00bb|700|||||||\u00bb fields_line_height=\u00bb1.1em\u00bb custom_button=\u00bbon\u00bb button_text_color=\u00bb#000000&#8243; button_bg_color=\u00bb#FFA22E\u00bb button_border_width=\u00bb0px\u00bb button_border_radius=\u00bb0px\u00bb box_shadow_style_button=\u00bbpreset3&#8243; global_colors_info=\u00bb{}\u00bb fields_focus_text_color__hover_enabled=\u00bbon|desktop\u00bb][\/et_pb_wc_add_to_cart][et_pb_wc_description description_type=\u00bbdescription\u00bb _builder_version=\u00bb4.18.1&#8243; global_colors_info=\u00bb{}\u00bb][\/et_pb_wc_description][\/et_pb_column][\/et_pb_row][et_pb_row _builder_version=\u00bb4.16&#8243; background_size=\u00bbinitial\u00bb background_position=\u00bbtop_left\u00bb background_repeat=\u00bbrepeat\u00bb width=\u00bb100%\u00bb custom_padding=\u00bb17px|||||\u00bb global_colors_info=\u00bb{}\u00bb][et_pb_column type=\u00bb4_4&#8243; _builder_version=\u00bb4.16&#8243; custom_padding=\u00bb|||\u00bb global_colors_info=\u00bb{}\u00bb custom_padding__hover=\u00bb|||\u00bb][et_pb_wc_tabs include_tabs=\u00bb|\u00bb _builder_version=\u00bb4.16&#8243; global_colors_info=\u00bb{}\u00bb] [\/et_pb_wc_tabs][et_pb_wc_upsells _builder_version=\u00bb4.16&#8243; global_colors_info=\u00bb{}\u00bb][\/et_pb_wc_upsells][et_pb_wc_related_products product=\u00bb772&#8243; include_categories=\u00bb35&#8243; _builder_version=\u00bb4.17.3&#8243; global_colors_info=\u00bb{}\u00bb][\/et_pb_wc_related_products][\/et_pb_column][\/et_pb_row][et_pb_row _builder_version=\u00bb4.18.0&#8243; _module_preset=\u00bbdefault\u00bb global_colors_info=\u00bb{}\u00bb][et_pb_column type=\u00bb4_4&#8243; _builder_version=\u00bb4.18.0&#8243; _module_preset=\u00bbdefault\u00bb global_colors_info=\u00bb{}\u00bb][et_pb_wc_description _builder_version=\u00bb4.18.0&#8243; _module_preset=\u00bbdefault\u00bb global_colors_info=\u00bb{}\u00bb][\/et_pb_wc_description][\/et_pb_column][\/et_pb_row][\/et_pb_section]<\/p>\n","protected":false},"excerpt":{"rendered":"<h4><span style=\"color: #a003a8;\"><strong>Transfiera su informaci\u00f3n en un solo paso:  <\/strong><\/span><\/h4>\n<ul>\n<li>\u00bfUna feria? Un enlace a la URL de su elecci\u00f3n<\/li>\n<li>\u00bfUn evento? Una p\u00e1gina de Instagram<\/li>\n<li>\u00bfUn nuevo producto? Un video en youtube<\/li>\n<li>\u00bfSu pro\ufb01l? LinkedIn<\/li>\n<\/ul>\n<p>O, por supuesto, para el diario su tarjeta de visita con la informaci\u00f3n que desee:<\/p>\n<ul>\n<li>Foto, Nombre, Apellido, Direcci\u00f3n, Tel\u00e9fono, Cargo, Correo, Twitter, etc&#8230;.<\/li>\n<\/ul>\n<p><b>Gracias al h\u00edbrido SVCard NFC Metal Gold, sea m\u00e1s visible, desarrolle su presencia en las redes sociales y comparta sus enlaces con sus prospectos y clientes en un solo clic.<\/b><\/p>\n<ul>\n<li>El sencillo soporte de PVC dorado permite el paso de la se\u00f1al NFC<\/li>\n<li>Gracias a su lujoso dise\u00f1o, impresionar\u00e1 a sus clientes y prospectos.<\/li>\n<\/ul>\n","protected":false},"featured_media":11493,"template":"","meta":{"_seopress_robots_primary_cat":"none","_seopress_titles_title":"SVCard NFC Hybrid Metal Gold 24 carat la tarjeta de visita conectada","_seopress_titles_desc":"La SVCard GOLD es nuestro producto m\u00e1s lujoso.\nRevestida de metal dorado de 24 quilates, esta tarjeta es un s\u00edmbolo de estatus premium.\n","_seopress_robots_index":"","_et_pb_use_builder":"on","_et_pb_old_content":"<h4><strong><span style=\"color: #a003a8\">Lujo<\/span><\/strong><\/h4>\n<ul>\n \t<li>La SVCard h\u00edbrida en metal dorado es nuestro producto m\u00e1s lujoso.<\/li>\n \t<li>Revestida de metal dorado de 24 quilates, esta tarjeta simboliza un estatus premium.<\/li>\n<\/ul>\n<h4><strong><span style=\"color: #a003a8\">Env\u00edo<\/span><\/strong><\/h4>\n<ul>\n \t<li>Entregamos sus SVCards en todo el mundo<\/li>\n \t<li>Se ofrece la entrega en Europa<\/li>\n<\/ul>\n<h4><strong><span style=\"color: #a003a8\">Tarifas y servicios<\/span><\/strong><\/h4>\n<ul>\n \t<li>Personalizaci\u00f3n de su SVCard con su logotipo<\/li>\n \t<li><span style=\"color: #333333\">Acceso a la interfaz para personalizar su expediente<\/span><\/li>\n<\/ul>\n<h4><span style=\"color: #a003a8\"><b>Cree su SVCard NFC Metal Gold en 4 pasos<\/b><\/span><\/h4>\n<ol>\n \t<li><span style=\"color: #333333\">Valide su pedido  <\/span><\/li>\n \t<li><span style=\"color: #333333\">Se le guiar\u00e1 en la personalizaci\u00f3n de su SVCard NFC Metal Gold (impresi\u00f3n)<\/span><\/li>\n \t<li>Env\u00edo de su SVCard NFC Metal Gold<\/li>\n \t<li><span style=\"color: #333333\">Acceso al espacio dedicado a la creaci\u00f3n y actualizaci\u00f3n de su expediente<\/span><\/li>\n<\/ol>","_et_gb_content_width":""},"product_brand":[],"product_cat":[79],"product_tag":[],"class_list":{"0":"post-6389","1":"product","2":"type-product","3":"status-publish","4":"has-post-thumbnail","6":"product_cat-svcard-metal-es","8":"first","9":"instock","10":"taxable","11":"shipping-taxable","12":"purchasable","13":"product-type-simple"},"_links":{"self":[{"href":"https:\/\/svcard.fr\/es\/wp-json\/wp\/v2\/product\/6389","targetHints":{"allow":["GET"]}}],"collection":[{"href":"https:\/\/svcard.fr\/es\/wp-json\/wp\/v2\/product"}],"about":[{"href":"https:\/\/svcard.fr\/es\/wp-json\/wp\/v2\/types\/product"}],"wp:featuredmedia":[{"embeddable":true,"href":"https:\/\/svcard.fr\/es\/wp-json\/wp\/v2\/media\/11493"}],"wp:attachment":[{"href":"https:\/\/svcard.fr\/es\/wp-json\/wp\/v2\/media?parent=6389"}],"wp:term":[{"taxonomy":"product_brand","embeddable":true,"href":"https:\/\/svcard.fr\/es\/wp-json\/wp\/v2\/product_brand?post=6389"},{"taxonomy":"product_cat","embeddable":true,"href":"https:\/\/svcard.fr\/es\/wp-json\/wp\/v2\/product_cat?post=6389"},{"taxonomy":"product_tag","embeddable":true,"href":"https:\/\/svcard.fr\/es\/wp-json\/wp\/v2\/product_tag?post=6389"}],"curies":[{"name":"wp","href":"https:\/\/api.w.org\/{rel}","templated":true}]}}