{"id":3646,"date":"2022-06-17T15:38:27","date_gmt":"2022-06-17T13:38:27","guid":{"rendered":"https:\/\/svcard.fr\/produit\/svcard-nfc-en-madera-de-cerezo\/"},"modified":"2022-08-18T10:13:12","modified_gmt":"2022-08-18T08:13:12","slug":"svcard-nfc-en-madera-de-cerezo","status":"publish","type":"product","link":"https:\/\/svcard.fr\/es\/produit\/svcard-nfc-en-madera-de-cerezo\/","title":{"rendered":"SVCard NFC en madera de cerezo"},"content":{"rendered":"<p>[et_pb_section fb_built=\u00bb1&#8243; _builder_version=\u00bb4.16&#8243; custom_padding=\u00bb0px||||false|false\u00bb global_colors_info=\u00bb{}\u00bb][et_pb_row _builder_version=\u00bb4.16&#8243; background_size=\u00bbinitial\u00bb background_position=\u00bbtop_left\u00bb background_repeat=\u00bbrepeat\u00bb width=\u00bb100%\u00bb custom_padding=\u00bb0px||0px||false|false\u00bb global_colors_info=\u00bb{}\u00bb][et_pb_column type=\u00bb4_4&#8243; _builder_version=\u00bb4.16&#8243; custom_padding=\u00bb|||\u00bb global_colors_info=\u00bb{}\u00bb custom_padding__hover=\u00bb|||\u00bb][et_pb_wc_breadcrumb _builder_version=\u00bb4.16&#8243; global_colors_info=\u00bb{}\u00bb][\/et_pb_wc_breadcrumb][et_pb_wc_cart_notice _builder_version=\u00bb4.16&#8243; global_colors_info=\u00bb{}\u00bb][\/et_pb_wc_cart_notice][\/et_pb_column][\/et_pb_row][et_pb_row column_structure=\u00bb1_2,1_2&#8243; _builder_version=\u00bb4.16&#8243; background_size=\u00bbinitial\u00bb background_position=\u00bbtop_left\u00bb background_repeat=\u00bbrepeat\u00bb width=\u00bb100%\u00bb custom_padding=\u00bb0px||||false|false\u00bb global_colors_info=\u00bb{}\u00bb][et_pb_column type=\u00bb1_2&#8243; _builder_version=\u00bb4.16&#8243; custom_padding=\u00bb|||\u00bb global_colors_info=\u00bb{}\u00bb custom_padding__hover=\u00bb|||\u00bb][et_pb_wc_images product=\u00bb2068&#8243; _builder_version=\u00bb4.17.4&#8243; global_colors_info=\u00bb{}\u00bb][\/et_pb_wc_images][\/et_pb_column][et_pb_column type=\u00bb1_2&#8243; _builder_version=\u00bb4.16&#8243; custom_padding=\u00bb|||\u00bb global_colors_info=\u00bb{}\u00bb custom_padding__hover=\u00bb|||\u00bb][et_pb_wc_title _builder_version=\u00bb4.16&#8243; header_font=\u00bb|600|||||||\u00bb header_text_color=\u00bb#A003A8&#8243; global_colors_info=\u00bb{}\u00bb][\/et_pb_wc_title][et_pb_wc_rating show_rating=\u00bboff\u00bb show_reviews_link=\u00bboff\u00bb _builder_version=\u00bb4.16&#8243; global_colors_info=\u00bb{}\u00bb][\/et_pb_wc_rating][et_pb_wc_price _builder_version=\u00bb4.16&#8243; body_font=\u00bb|700|||||||\u00bb body_text_color=\u00bb#3395D1&#8243; global_colors_info=\u00bb{}\u00bb][\/et_pb_wc_price][et_pb_wc_description description_type=\u00bbdescription\u00bb _builder_version=\u00bb4.16&#8243; global_colors_info=\u00bb{}\u00bb][\/et_pb_wc_description][et_pb_wc_add_to_cart show_stock=\u00bboff\u00bb _builder_version=\u00bb4.16&#8243; fields_background_color=\u00bb#FFA22E\u00bb fields_text_color=\u00bb#FFFFFF\u00bb dropdown_menus_background_color=\u00bb#A003A8&#8243; dropdown_menus_text_color=\u00bb#FFFFFF\u00bb fields_font=\u00bb|700|||||||\u00bb fields_line_height=\u00bb1.1em\u00bb custom_button=\u00bbon\u00bb button_border_radius=\u00bb13px\u00bb global_colors_info=\u00bb{}\u00bb fields_focus_text_color__hover_enabled=\u00bbon|desktop\u00bb][\/et_pb_wc_add_to_cart][\/et_pb_column][\/et_pb_row][et_pb_row _builder_version=\u00bb4.16&#8243; background_size=\u00bbinitial\u00bb background_position=\u00bbtop_left\u00bb background_repeat=\u00bbrepeat\u00bb width=\u00bb100%\u00bb custom_padding=\u00bb17px|||||\u00bb global_colors_info=\u00bb{}\u00bb][et_pb_column type=\u00bb4_4&#8243; _builder_version=\u00bb4.16&#8243; custom_padding=\u00bb|||\u00bb global_colors_info=\u00bb{}\u00bb custom_padding__hover=\u00bb|||\u00bb][et_pb_wc_tabs include_tabs=\u00bb|\u00bb _builder_version=\u00bb4.16&#8243; global_colors_info=\u00bb{}\u00bb]\t\t\t\t\t[\/et_pb_wc_tabs][et_pb_wc_upsells _builder_version=\u00bb4.16&#8243; global_colors_info=\u00bb{}\u00bb][\/et_pb_wc_upsells][et_pb_wc_related_products _builder_version=\u00bb4.16&#8243; global_colors_info=\u00bb{}\u00bb][\/et_pb_wc_related_products][\/et_pb_column][\/et_pb_row][\/et_pb_section]<\/p>\n","protected":false},"excerpt":{"rendered":"<h4><span style=\"color: #a003a8;\"><strong>Transfiera su informaci\u00f3n en un solo paso:  <\/strong><\/span><\/h4>\n<ul>\n<li>\u00bfUna feria? Un enlace a la URL de su elecci\u00f3n<\/li>\n<li>\u00bfUn evento? Una p\u00e1gina de Instagram<\/li>\n<li>\u00bfUn nuevo producto? Un video en youtube<\/li>\n<li>\u00bfSu pro\ufb01l? Linkedin<\/li>\n<\/ul>\n<p>O, por supuesto, para el diario su tarjeta de visita con la informaci\u00f3n que desee:<\/p>\n<ul>\n<li>Foto, Nombre, Apellido, Direcci\u00f3n, Tel\u00e9fono, Cargo, Correo, Twitter, etc&#8230;.<\/li>\n<\/ul>\n<p><b>Gracias a la SVCard, sea m\u00e1s visible, desarrolle su presencia en las redes sociales y comparta sus enlaces con sus clientes y prospectos en un solo clic.<\/b><\/p>\n","protected":false},"featured_media":2714,"template":"","meta":{"_seopress_robots_primary_cat":"none","_seopress_titles_title":"Svcard Bois Cerisier","_seopress_titles_desc":"Gracias a la SVCard de madera, sea m\u00e1s visible, desarrolle sus redes sociales y comparta sus enlaces con sus clientes y prospectos en un solo clic.","_seopress_robots_index":"","_et_pb_use_builder":"on","_et_pb_old_content":"<h4><strong><span style=\"color: #a003a8\">Env\u00edo<\/span><\/strong><\/h4>\n<ul>\n \t<li>Entregamos sus SVCards en todo el mundo<\/li>\n \t<li> <strong>Se ofrece<\/strong> la entrega en <strong>Francia<\/strong><\/li>\n<\/ul>\n<h4><strong><span style=\"color: #a003a8\">Tarifas y servicios<\/span><\/strong><\/h4>\n<ul>\n \t<li><span style=\"color: #333333\">La impresi\u00f3n de su SVCard en madera de cerezo con su logotipo<\/span><\/li>\n \t<li><span style=\"color: #333333\">Acceso a la interfaz para personalizar su expediente<\/span><\/li>\n<\/ul>\n<h4><span style=\"color: #a003a8\"><span style=\"color: #a003a8\"><b>Creaci\u00f3n de su SVCard en 4 pasos<\/b><\/span><\/span><\/h4>\n<ol>\n \t<li><span style=\"color: #333333\">Valide su pedido  <\/span><\/li>\n \t<li><span style=\"color: #333333\">Est\u00e1 a punto de ser guiado en la personalizaci\u00f3n de su SVCard Bois Cerisier (impresi\u00f3n)<\/span><\/li>\n \t<li>Env\u00edo de su tarjeta SVCard<\/li>\n \t<li><span style=\"color: #333333\">Acceso al espacio dedicado a la creaci\u00f3n y actualizaci\u00f3n de su expediente<\/span><\/li>\n<\/ol>","_et_gb_content_width":""},"product_brand":[],"product_cat":[67],"product_tag":[],"class_list":{"0":"post-3646","1":"product","2":"type-product","3":"status-publish","4":"has-post-thumbnail","6":"product_cat-svcard-de-madera","8":"first","9":"instock","10":"taxable","11":"shipping-taxable","12":"purchasable","13":"product-type-simple"},"_links":{"self":[{"href":"https:\/\/svcard.fr\/es\/wp-json\/wp\/v2\/product\/3646","targetHints":{"allow":["GET"]}}],"collection":[{"href":"https:\/\/svcard.fr\/es\/wp-json\/wp\/v2\/product"}],"about":[{"href":"https:\/\/svcard.fr\/es\/wp-json\/wp\/v2\/types\/product"}],"wp:featuredmedia":[{"embeddable":true,"href":"https:\/\/svcard.fr\/es\/wp-json\/wp\/v2\/media\/2714"}],"wp:attachment":[{"href":"https:\/\/svcard.fr\/es\/wp-json\/wp\/v2\/media?parent=3646"}],"wp:term":[{"taxonomy":"product_brand","embeddable":true,"href":"https:\/\/svcard.fr\/es\/wp-json\/wp\/v2\/product_brand?post=3646"},{"taxonomy":"product_cat","embeddable":true,"href":"https:\/\/svcard.fr\/es\/wp-json\/wp\/v2\/product_cat?post=3646"},{"taxonomy":"product_tag","embeddable":true,"href":"https:\/\/svcard.fr\/es\/wp-json\/wp\/v2\/product_tag?post=3646"}],"curies":[{"name":"wp","href":"https:\/\/api.w.org\/{rel}","templated":true}]}}