{"id":3641,"date":"2022-05-04T12:33:15","date_gmt":"2022-05-04T10:33:15","guid":{"rendered":"https:\/\/svcard.fr\/produit\/llavero-de-cuero-con-tecnologia-nfc\/"},"modified":"2022-11-12T14:06:27","modified_gmt":"2022-11-12T13:06:27","slug":"anillo-de-cuero-nfc","status":"publish","type":"product","link":"https:\/\/svcard.fr\/es\/produit\/anillo-de-cuero-nfc\/","title":{"rendered":"Llavero de cuero con tecnolog\u00eda NFC"},"content":{"rendered":"<p>[et_pb_section fb_built=\u00bb1&#8243; _builder_version=\u00bb4.16&#8243; custom_padding=\u00bb0px||||false|false\u00bb global_colors_info=\u00bb{}\u00bb][et_pb_row _builder_version=\u00bb4.16&#8243; background_size=\u00bbinitial\u00bb background_position=\u00bbtop_left\u00bb background_repeat=\u00bbrepeat\u00bb width=\u00bb100%\u00bb custom_padding=\u00bb0px||0px||false|false\u00bb global_colors_info=\u00bb{}\u00bb][et_pb_column type=\u00bb4_4&#8243; _builder_version=\u00bb4.16&#8243; custom_padding=\u00bb|||\u00bb global_colors_info=\u00bb{}\u00bb custom_padding__hover=\u00bb|||\u00bb][et_pb_wc_breadcrumb _builder_version=\u00bb4.16&#8243; global_colors_info=\u00bb{}\u00bb][\/et_pb_wc_breadcrumb][et_pb_wc_cart_notice _builder_version=\u00bb4.16&#8243; global_colors_info=\u00bb{}\u00bb][\/et_pb_wc_cart_notice][\/et_pb_column][\/et_pb_row][et_pb_row column_structure=\u00bb1_2,1_2&#8243; _builder_version=\u00bb4.16&#8243; background_size=\u00bbinitial\u00bb background_position=\u00bbtop_left\u00bb background_repeat=\u00bbrepeat\u00bb width=\u00bb100%\u00bb custom_padding=\u00bb0px||||false|false\u00bb global_colors_info=\u00bb{}\u00bb][et_pb_column type=\u00bb1_2&#8243; _builder_version=\u00bb4.16&#8243; custom_padding=\u00bb|||\u00bb global_colors_info=\u00bb{}\u00bb custom_padding__hover=\u00bb|||\u00bb][et_pb_wc_images _builder_version=\u00bb4.16&#8243; global_colors_info=\u00bb{}\u00bb][\/et_pb_wc_images][\/et_pb_column][et_pb_column type=\u00bb1_2&#8243; _builder_version=\u00bb4.16&#8243; custom_padding=\u00bb|||\u00bb global_colors_info=\u00bb{}\u00bb custom_padding__hover=\u00bb|||\u00bb][et_pb_wc_title product=\u00bb1273&#8243; _builder_version=\u00bb4.17.3&#8243; header_font=\u00bb|600|||||||\u00bb header_text_color=\u00bb#A003A8&#8243; global_colors_info=\u00bb{}\u00bb][\/et_pb_wc_title][et_pb_wc_rating product=\u00bb1273&#8243; show_rating=\u00bboff\u00bb show_reviews_link=\u00bboff\u00bb _builder_version=\u00bb4.17.3&#8243; global_colors_info=\u00bb{}\u00bb][\/et_pb_wc_rating][et_pb_wc_price product=\u00bb1273&#8243; _builder_version=\u00bb4.17.3&#8243; body_font=\u00bb|700|||||||\u00bb body_text_color=\u00bb#3395D1&#8243; global_colors_info=\u00bb{}\u00bb][\/et_pb_wc_price][et_pb_wc_description product=\u00bb1273&#8243; description_type=\u00bbdescription\u00bb _builder_version=\u00bb4.17.3&#8243; global_colors_info=\u00bb{}\u00bb][\/et_pb_wc_description][et_pb_wc_add_to_cart product=\u00bb1273&#8243; show_stock=\u00bboff\u00bb _builder_version=\u00bb4.17.3&#8243; fields_background_color=\u00bb#FFA22E\u00bb fields_text_color=\u00bb#FFFFFF\u00bb dropdown_menus_background_color=\u00bb#A003A8&#8243; dropdown_menus_text_color=\u00bb#FFFFFF\u00bb fields_font=\u00bb|700|||||||\u00bb fields_line_height=\u00bb1.1em\u00bb custom_button=\u00bbon\u00bb button_border_radius=\u00bb13px\u00bb global_colors_info=\u00bb{}\u00bb fields_focus_text_color__hover_enabled=\u00bbon|desktop\u00bb][\/et_pb_wc_add_to_cart][\/et_pb_column][\/et_pb_row][et_pb_row _builder_version=\u00bb4.16&#8243; background_size=\u00bbinitial\u00bb background_position=\u00bbtop_left\u00bb background_repeat=\u00bbrepeat\u00bb width=\u00bb100%\u00bb custom_padding=\u00bb17px|||||\u00bb global_colors_info=\u00bb{}\u00bb][et_pb_column type=\u00bb4_4&#8243; _builder_version=\u00bb4.16&#8243; custom_padding=\u00bb|||\u00bb global_colors_info=\u00bb{}\u00bb custom_padding__hover=\u00bb|||\u00bb][et_pb_wc_tabs include_tabs=\u00bb|\u00bb _builder_version=\u00bb4.16&#8243; global_colors_info=\u00bb{}\u00bb] [\/et_pb_wc_tabs][et_pb_wc_upsells _builder_version=\u00bb4.16&#8243; global_colors_info=\u00bb{}\u00bb][\/et_pb_wc_upsells][et_pb_wc_related_products _builder_version=\u00bb4.16&#8243; global_colors_info=\u00bb{}\u00bb][\/et_pb_wc_related_products][\/et_pb_column][\/et_pb_row][\/et_pb_section]<\/p>\n","protected":false},"excerpt":{"rendered":"","protected":false},"featured_media":2449,"template":"","meta":{"_seopress_robots_primary_cat":"none","_seopress_titles_title":"Llavero de cuero con tecnolog\u00eda NFC","_seopress_titles_desc":"Transfiera su informaci\u00f3n en un solo paso:  \n\nSiempre a mano, este elegante y discreto objeto har\u00e1 las veces de SVCard cuando sea necesario.","_seopress_robots_index":"","_et_pb_use_builder":"on","_et_pb_old_content":"<h4><span style=\"color: #a003a8\"><strong>Transfiera su informaci\u00f3n en un solo paso:  <\/strong><\/span><\/h4>\nEl llavero NFC es un excelente complemento de la SVCard.\n\nSiempre a mano, este elegante y discreto objeto har\u00e1 las veces de SVCard cuando sea necesario.\n\nCon su elegante aspecto, este llavero NFC le ofrecer\u00e1 una presentaci\u00f3n alternativa para cualquier informaci\u00f3n que desee compartir con sus clientes y prospectos.\n\nEs un art\u00edculo duradero, siempre disponible para proporcionar la informaci\u00f3n que sus clientes necesitan r\u00e1pidamente.\n\nSu tecnolog\u00eda NFC permite la transferencia instant\u00e1nea de los datos necesarios, para que puedas compartir la informaci\u00f3n como quieras.\n\nEl llavero de cuero le ofrece la misma funcionalidad que la SVCard.\n\nBenef\u00edciese de un <strong>\n  <span style=\"color: red\">hasta un 30% de descuento<\/span>\n<\/strong> cuando compre el llavero como accesorio de su SVCard.\n\n<a href=\"https:\/\/svcard.fr\/produit\/pack-svcard-pvc-noir-porte-cles-en-cuir-nfc\/\">Haga clic aqu\u00ed<\/a> para descubrir nuestra oferta de tarjeta SVCard + llavero.","_et_gb_content_width":""},"product_brand":[],"product_cat":[78],"product_tag":[],"class_list":{"0":"post-3641","1":"product","2":"type-product","3":"status-publish","4":"has-post-thumbnail","6":"product_cat-accesorios","8":"first","9":"instock","10":"taxable","11":"shipping-taxable","12":"purchasable","13":"product-type-simple"},"_links":{"self":[{"href":"https:\/\/svcard.fr\/es\/wp-json\/wp\/v2\/product\/3641","targetHints":{"allow":["GET"]}}],"collection":[{"href":"https:\/\/svcard.fr\/es\/wp-json\/wp\/v2\/product"}],"about":[{"href":"https:\/\/svcard.fr\/es\/wp-json\/wp\/v2\/types\/product"}],"wp:featuredmedia":[{"embeddable":true,"href":"https:\/\/svcard.fr\/es\/wp-json\/wp\/v2\/media\/2449"}],"wp:attachment":[{"href":"https:\/\/svcard.fr\/es\/wp-json\/wp\/v2\/media?parent=3641"}],"wp:term":[{"taxonomy":"product_brand","embeddable":true,"href":"https:\/\/svcard.fr\/es\/wp-json\/wp\/v2\/product_brand?post=3641"},{"taxonomy":"product_cat","embeddable":true,"href":"https:\/\/svcard.fr\/es\/wp-json\/wp\/v2\/product_cat?post=3641"},{"taxonomy":"product_tag","embeddable":true,"href":"https:\/\/svcard.fr\/es\/wp-json\/wp\/v2\/product_tag?post=3641"}],"curies":[{"name":"wp","href":"https:\/\/api.w.org\/{rel}","templated":true}]}}