{"id":10030,"date":"2023-01-23T18:29:26","date_gmt":"2023-01-23T17:29:26","guid":{"rendered":"https:\/\/svcard.fr\/?post_type=product&#038;p=10030"},"modified":"2023-05-21T17:14:19","modified_gmt":"2023-05-21T15:14:19","slug":"svcard-nfc-hybrid-metal-negro-efecto-plata-copie","status":"publish","type":"product","link":"https:\/\/svcard.fr\/es\/produit\/svcard-nfc-hybrid-metal-negro-efecto-plata-copie\/","title":{"rendered":"SVCard NFC Hybrid metal negro dorado grabado"},"content":{"rendered":"<p>[et_pb_section fb_built=\u00bb1&#8243; _builder_version=\u00bb4.16&#8243; custom_padding=\u00bb0px||3px||false|false\u00bb global_colors_info=\u00bb{}\u00bb][et_pb_row _builder_version=\u00bb4.16&#8243; background_size=\u00bbinitial\u00bb background_position=\u00bbtop_left\u00bb background_repeat=\u00bbrepeat\u00bb width=\u00bb100%\u00bb custom_padding=\u00bb0px||0px||false|false\u00bb global_colors_info=\u00bb{}\u00bb][et_pb_column type=\u00bb4_4&#8243; _builder_version=\u00bb4.16&#8243; custom_padding=\u00bb|||\u00bb global_colors_info=\u00bb{}\u00bb custom_padding__hover=\u00bb|||\u00bb][et_pb_wc_breadcrumb _builder_version=\u00bb4.16&#8243; global_colors_info=\u00bb{}\u00bb][\/et_pb_wc_breadcrumb][et_pb_wc_cart_notice _builder_version=\u00bb4.16&#8243; global_colors_info=\u00bb{}\u00bb][\/et_pb_wc_cart_notice][\/et_pb_column][\/et_pb_row][et_pb_row column_structure=\u00bb1_2,1_2&#8243; _builder_version=\u00bb4.16&#8243; background_size=\u00bbinitial\u00bb background_position=\u00bbtop_left\u00bb background_repeat=\u00bbrepeat\u00bb width=\u00bb100%\u00bb custom_padding=\u00bb0px||||false|false\u00bb global_colors_info=\u00bb{}\u00bb][et_pb_column type=\u00bb1_2&#8243; _builder_version=\u00bb4.16&#8243; custom_padding=\u00bb|||\u00bb global_colors_info=\u00bb{}\u00bb custom_padding__hover=\u00bb|||\u00bb][et_pb_wc_images _builder_version=\u00bb4.19.4&#8243; global_colors_info=\u00bb{}\u00bb][\/et_pb_wc_images][\/et_pb_column][et_pb_column type=\u00bb1_2&#8243; _builder_version=\u00bb4.16&#8243; custom_padding=\u00bb|||\u00bb global_colors_info=\u00bb{}\u00bb custom_padding__hover=\u00bb|||\u00bb][et_pb_wc_title _builder_version=\u00bb4.18.1&#8243; header_font=\u00bb|600|||||||\u00bb header_text_color=\u00bb#A003A8&#8243; global_colors_info=\u00bb{}\u00bb][\/et_pb_wc_title][et_pb_wc_rating _builder_version=\u00bb4.18.1&#8243; global_colors_info=\u00bb{}\u00bb][\/et_pb_wc_rating][et_pb_wc_price _builder_version=\u00bb4.19.5&#8243; body_font=\u00bb|700|||||||\u00bb body_text_color=\u00bb#3395D1&#8243; body_font_size=\u00bb20px\u00bb global_colors_info=\u00bb{}\u00bb][\/et_pb_wc_price][et_pb_wc_add_to_cart show_stock=\u00bboff\u00bb _builder_version=\u00bb4.19.5&#8243; fields_background_color=\u00bb#FFA22E\u00bb fields_text_color=\u00bb#FFFFFF\u00bb dropdown_menus_background_color=\u00bb#A003A8&#8243; dropdown_menus_text_color=\u00bb#FFFFFF\u00bb fields_font=\u00bb|700|||||||\u00bb fields_line_height=\u00bb1.1em\u00bb custom_button=\u00bbon\u00bb button_text_color=\u00bb#000000&#8243; button_bg_color=\u00bb#FFA22E\u00bb button_border_width=\u00bb0px\u00bb button_border_radius=\u00bb0px\u00bb box_shadow_style_button=\u00bbpreset3&#8243; global_colors_info=\u00bb{}\u00bb fields_focus_text_color__hover_enabled=\u00bbon|desktop\u00bb][\/et_pb_wc_add_to_cart][et_pb_wc_description description_type=\u00bbdescription\u00bb _builder_version=\u00bb4.18.1&#8243; global_colors_info=\u00bb{}\u00bb][\/et_pb_wc_description][\/et_pb_column][\/et_pb_row][et_pb_row _builder_version=\u00bb4.19.4&#8243; _module_preset=\u00bbdefault\u00bb custom_padding=\u00bb11px||15px|||\u00bb global_colors_info=\u00bb{}\u00bb][et_pb_column type=\u00bb4_4&#8243; _builder_version=\u00bb4.19.4&#8243; _module_preset=\u00bbdefault\u00bb global_colors_info=\u00bb{}\u00bb][et_pb_wc_tabs include_tabs=\u00bb|\u00bb _builder_version=\u00bb4.16&#8243; global_colors_info=\u00bb{}\u00bb] [\/et_pb_wc_tabs][\/et_pb_column][\/et_pb_row][et_pb_row column_structure=\u00bb1_2,1_2&#8243; _builder_version=\u00bb4.16&#8243; background_size=\u00bbinitial\u00bb background_position=\u00bbtop_left\u00bb background_repeat=\u00bbrepeat\u00bb width=\u00bb100%\u00bb custom_padding=\u00bb9px||5px|||\u00bb global_colors_info=\u00bb{}\u00bb][et_pb_column type=\u00bb1_2&#8243; _builder_version=\u00bb4.16&#8243; custom_padding=\u00bb|||\u00bb global_colors_info=\u00bb{}\u00bb custom_padding__hover=\u00bb|||\u00bb][et_pb_wc_upsells posts_number=\u00bb1&#8243; columns_number=\u00bb1&#8243; _builder_version=\u00bb4.19.4&#8243; width=\u00bb60%\u00bb width_tablet=\u00bb70%\u00bb width_phone=\u00bb70%\u00bb width_last_edited=\u00bbon|phone\u00bb module_alignment=\u00bbleft\u00bb custom_margin=\u00bb|25px||||\u00bb global_colors_info=\u00bb{}\u00bb][\/et_pb_wc_upsells][\/et_pb_column][et_pb_column type=\u00bb1_2&#8243; _builder_version=\u00bb4.16&#8243; custom_padding=\u00bb|||\u00bb global_colors_info=\u00bb{}\u00bb custom_padding__hover=\u00bb|||\u00bb][et_pb_wc_related_products product=\u00bb772&#8243; posts_number=\u00bb1&#8243; columns_number=\u00bb1&#8243; include_categories=\u00bb27&#8243; _builder_version=\u00bb4.19.4&#8243; text_orientation=\u00bbcenter\u00bb width=\u00bb50%\u00bb border_radii_image=\u00bboff||||\u00bb border_radii_image_tablet=\u00bboff||||\u00bb border_radii_image_phone=\u00bboff||||\u00bb border_radii_image_last_edited=\u00bbon|desktop\u00bb global_colors_info=\u00bb{}\u00bb][\/et_pb_wc_related_products][\/et_pb_column][\/et_pb_row][\/et_pb_section][et_pb_section fb_built=\u00bb1&#8243; admin_label=\u00bbSection Que comprend notre o\ufb00re ?\u00bb _builder_version=\u00bb4.18.1&#8243; _module_preset=\u00bbdefault\u00bb background_color=\u00bbrgba(51,149,209,0.1)\u00bb global_colors_info=\u00bb{}\u00bb][et_pb_row column_structure=\u00bb2_5,3_5&#8243; _builder_version=\u00bb4.18.1&#8243; _module_preset=\u00bbdefault\u00bb global_colors_info=\u00bb{}\u00bb][et_pb_column type=\u00bb2_5&#8243; _builder_version=\u00bb4.18.1&#8243; _module_preset=\u00bbdefault\u00bb global_colors_info=\u00bb{}\u00bb][dsm_block_reveal_text block_reveal_text=\u00bb\u00bfQu\u00e9 incluye nuestro o\ufb00re?\u00bb _builder_version=\u00bb4.18.1&#8243; _module_preset=\u00bbdefault\u00bb header_text_color=\u00bb#A003A8&#8243; custom_margin=\u00bb||11px|||\u00bb global_colors_info=\u00bb{}\u00bb][\/dsm_block_reveal_text][et_pb_text _builder_version=\u00bb4.19.0&#8243; _module_preset=\u00bbdefault\u00bb text_font_size=\u00bb16px\u00bb global_colors_info=\u00bb{}\u00bb]<\/p>\n<ul>\n<li>  Personalizaci\u00f3n de la SVCard con su logotipo e informaci\u00f3n.<\/li>\n<li>Acceso a la plataforma para modificar su pro\ufb01l e informaci\u00f3n sin l\u00edmite.<\/li>\n<li><strong>No hay suscripci\u00f3n<\/strong><\/li>\n<li>Acceso de administrador para gestionar las tarjetas de los empleados con diferentes niveles de acceso.<\/li>\n<\/ul>\n<p>[\/et_pb_text][\/et_pb_column][et_pb_column type=\u00bb3_5&#8243; _builder_version=\u00bb4.18.1&#8243; _module_preset=\u00bbdefault\u00bb global_colors_info=\u00bb{}\u00bb][et_pb_image src=\u00bbhttps:\/\/svcard.fr\/wp-content\/uploads\/2022\/03\/svcard-img-saisie.png\u00bb alt=\u00bbZona de entrada segura de la Svcard\u00bb title_text=\u00bbZona de entrada segura de la Svcard\u00bb _builder_version=\u00bb4.19.4&#8243; _module_preset=\u00bbdefault\u00bb width=\u00bb70%\u00bb width_tablet=\u00bb62%\u00bb width_phone=\u00bb62%\u00bb width_last_edited=\u00bbon|desktop\u00bb module_alignment=\u00bbcenter\u00bb custom_margin=\u00bb|||22px||\u00bb global_colors_info=\u00bb{}\u00bb][\/et_pb_image][\/et_pb_column][\/et_pb_row][\/et_pb_section][et_pb_section fb_built=\u00bb1&#8243; admin_label=\u00bbSection La SVCard est personnalisable\u00bb _builder_version=\u00bb4.18.1&#8243; _module_preset=\u00bbdefault\u00bb custom_padding=\u00bb2px||3px|||\u00bb global_colors_info=\u00bb{}\u00bb][et_pb_row column_structure=\u00bb2_5,3_5&#8243; _builder_version=\u00bb4.18.1&#8243; _module_preset=\u00bbdefault\u00bb global_colors_info=\u00bb{}\u00bb][et_pb_column type=\u00bb2_5&#8243; _builder_version=\u00bb4.18.1&#8243; _module_preset=\u00bbdefault\u00bb global_colors_info=\u00bb{}\u00bb][et_pb_image src=\u00bbhttps:\/\/svcard.fr\/wp-content\/uploads\/2023\/01\/SVCard-nfc-metal-noir-g-g-bl-v4-05.png\u00bb alt=\u00bbSVCard Metal negro oro\u00bb title_text=\u00bbSVCard Metal negro oro\u00bb _builder_version=\u00bb4.19.5&#8243; _module_preset=\u00bbdefault\u00bb width=\u00bb100%\u00bb width_tablet=\u00bb62%\u00bb width_phone=\u00bb62%\u00bb width_last_edited=\u00bbon|desktop\u00bb module_alignment=\u00bbcenter\u00bb custom_margin=\u00bb|85px||||\u00bb global_colors_info=\u00bb{}\u00bb][\/et_pb_image][\/et_pb_column][et_pb_column type=\u00bb3_5&#8243; _builder_version=\u00bb4.18.1&#8243; _module_preset=\u00bbdefault\u00bb global_colors_info=\u00bb{}\u00bb][dsm_block_reveal_text block_reveal_text=\u00bbLa SVCard es personalizable\u00bb module_id=\u00bbimpression\u00bb _builder_version=\u00bb4.19.4&#8243; _module_preset=\u00bbdefault\u00bb header_font=\u00bb||||||||\u00bb header_text_color=\u00bb#A003A8&#8243; custom_margin=\u00bb||11px|||\u00bb global_colors_info=\u00bb{}\u00bb][\/dsm_block_reveal_text][et_pb_text _builder_version=\u00bb4.19.4&#8243; _module_preset=\u00bbdefault\u00bb text_font_size=\u00bb16px\u00bb global_colors_info=\u00bb{}\u00bb]La SVCard Metal Black Hybrid se puede personalizar de las siguientes maneras:<\/p>\n<p>Lado met\u00e1lico<\/p>\n<ul>\n<li>Grabado l\u00e1ser para resaltar el color dorado del metal<\/li>\n<\/ul>\n<p>Lado de PVC<\/p>\n<ul>\n<li>Impresi\u00f3n digital dorada para conseguir un aspecto met\u00e1lico<\/li>\n<\/ul>\n<p>&nbsp;<\/p>\n<p>Tras la validaci\u00f3n de su pedido, se le guiar\u00e1 para que personalice su SVCard<\/p>\n<p>Tan pronto como reciba sus elementos gr\u00e1ficos, recibir\u00e1 una prueba antes de imprimir su SVCard, su primera prueba se ofrece<br \/>\n[\/et_pb_text][\/et_pb_column][\/et_pb_row][\/et_pb_section][et_pb_section fb_built=\u00bb1&#8243; admin_label=\u00bbSection Comment \u00e7a fonctionne ? titre\u00bb _builder_version=\u00bb4.18.1&#8243; _module_preset=\u00bbdefault\u00bb background_color=\u00bbrgba(51,149,209,0.1)\u00bb custom_padding=\u00bb3px||4px|||\u00bb global_colors_info=\u00bb{}\u00bb][et_pb_row _builder_version=\u00bb4.18.1&#8243; _module_preset=\u00bbdefault\u00bb global_colors_info=\u00bb{}\u00bb][et_pb_column type=\u00bb4_4&#8243; _builder_version=\u00bb4.18.1&#8243; _module_preset=\u00bbdefault\u00bb global_colors_info=\u00bb{}\u00bb][et_pb_text _builder_version=\u00bb4.18.1&#8243; _module_preset=\u00bbdefault\u00bb global_colors_info=\u00bb{}\u00bb]<\/p>\n<h2 style=\"text-align: center;\"><strong><span style=\"color: #a003a8;\">\u00bfC\u00f3mo funciona?<\/span><\/strong><\/h2>\n<p>[\/et_pb_text][\/et_pb_column][\/et_pb_row][\/et_pb_section][et_pb_section fb_built=\u00bb1&#8243; specialty=\u00bbon\u00bb admin_label=\u00bbSection Comment \u00e7a fonctionne ?\u00bb _builder_version=\u00bb4.18.1&#8243; _module_preset=\u00bbdefault\u00bb background_color=\u00bbrgba(51,149,209,0.1)\u00bb custom_padding=\u00bb5px||3px|||\u00bb global_colors_info=\u00bb{}\u00bb][et_pb_column type=\u00bb1_2&#8243; specialty_columns=\u00bb2&#8243; _builder_version=\u00bb4.16&#8243; custom_padding=\u00bb|||\u00bb global_colors_info=\u00bb{}\u00bb custom_padding__hover=\u00bb|||\u00bb][et_pb_row_inner _builder_version=\u00bb4.18.1&#8243; _module_preset=\u00bbdefault\u00bb global_colors_info=\u00bb{}\u00bb][et_pb_column_inner saved_specialty_column_type=\u00bb1_2&#8243; _builder_version=\u00bb4.18.1&#8243; _module_preset=\u00bbdefault\u00bb global_colors_info=\u00bb{}\u00bb][et_pb_text _builder_version=\u00bb4.18.1&#8243; _module_preset=\u00bbdefault\u00bb text_font_size=\u00bb16px\u00bb global_colors_info=\u00bb{}\u00bb]<\/p>\n<h2><span style=\"color: #a003a8;\"><strong>Muy f\u00e1cil de usar<\/strong><\/span><\/h2>\n<h5><span style=\"color: #a003a8;\">Un simple gesto para intercambiar sus datos<\/span><\/h5>\n<p>No hace falta una aplicaci\u00f3n, la SVCard funciona con el 99% de los smartphones.<br \/>\nLa tarjeta SVCard se utiliza de dos maneras.<br \/>\nYa sea mediante la tecnolog\u00eda NFC o\/y el c\u00f3digo QR.<br \/>\n[\/et_pb_text][\/et_pb_column_inner][\/et_pb_row_inner][et_pb_row_inner column_structure=\u00bb1_2,1_2&#8243; _builder_version=\u00bb4.18.1&#8243; _module_preset=\u00bbdefault\u00bb global_colors_info=\u00bb{}\u00bb][et_pb_column_inner type=\u00bb1_2&#8243; saved_specialty_column_type=\u00bb1_2&#8243; _builder_version=\u00bb4.18.1&#8243; _module_preset=\u00bbdefault\u00bb global_colors_info=\u00bb{}\u00bb][et_pb_text admin_label=\u00bbTexte Partage\u00bb _builder_version=\u00bb4.18.1&#8243; _module_preset=\u00bbdefault\u00bb text_font_size=\u00bb16px\u00bb global_colors_info=\u00bb{}\u00bb]<\/p>\n<h5><strong><span style=\"color: #999999;\">Tecnolog\u00eda NFC<\/span><\/strong><\/h5>\n<ul>\n<li style=\"text-align: left;\">Acerque su SVCard al m\u00f3vil de su contacto.<\/li>\n<li style=\"text-align: left;\">Su contacto abre la noti\ufb01caci\u00f3n.<\/li>\n<\/ul>\n<p style=\"text-align: left;\">Eso es todo, \u00a1sus datos se transmiten!<\/p>\n<p>[\/et_pb_text][\/et_pb_column_inner][et_pb_column_inner type=\u00bb1_2&#8243; saved_specialty_column_type=\u00bb1_2&#8243; _builder_version=\u00bb4.18.1&#8243; _module_preset=\u00bbdefault\u00bb global_colors_info=\u00bb{}\u00bb][et_pb_text admin_label=\u00bbTexte Partage\u00bb _builder_version=\u00bb4.18.1&#8243; _module_preset=\u00bbdefault\u00bb text_font_size=\u00bb16px\u00bb global_colors_info=\u00bb{}\u00bb]<\/p>\n<h5><strong><span style=\"color: #999999;\">Por c\u00f3digo QR<\/span><\/strong><\/h5>\n<ul>\n<li style=\"text-align: left;\">Su persona de contacto escanea el c\u00f3digo QR en el reverso de su Svcard.<\/li>\n<li style=\"text-align: left;\">Su contacto abre la noti\ufb01caci\u00f3n.<\/li>\n<\/ul>\n<p style=\"text-align: left;\">Eso es todo, \u00a1sus datos se transmiten!<\/p>\n<p>[\/et_pb_text][\/et_pb_column_inner][\/et_pb_row_inner][et_pb_row_inner _builder_version=\u00bb4.18.1&#8243; _module_preset=\u00bbdefault\u00bb global_colors_info=\u00bb{}\u00bb][et_pb_column_inner saved_specialty_column_type=\u00bb1_2&#8243; _builder_version=\u00bb4.18.1&#8243; _module_preset=\u00bbdefault\u00bb global_colors_info=\u00bb{}\u00bb][et_pb_text admin_label=\u00bbTexte FAQ\u00bb _builder_version=\u00bb4.18.1&#8243; _module_preset=\u00bbdefault\u00bb text_font_size=\u00bb16px\u00bb global_colors_info=\u00bb{}\u00bb]<span style=\"color: #999999;\">Si necesita m\u00e1s informaci\u00f3n, nuestra secci\u00f3n <a href=\"https:\/\/svcard.fr\/es\/faq-svcard\/\">de preguntas frecuentes<\/a> est\u00e1 a su disposici\u00f3n o tambi\u00e9n puede ponerse en contacto con nosotros en el +33 1 41 16 39 60 o a trav\u00e9s de <a href=\"https:\/\/svcard.fr\/es\/solicitud-de-presupuesto\/\">contacto<\/a>.<\/span><br \/>\n[\/et_pb_text][\/et_pb_column_inner][\/et_pb_row_inner][\/et_pb_column][et_pb_column type=\u00bb1_4&#8243; _builder_version=\u00bb4.16&#8243; custom_padding=\u00bb|||\u00bb global_colors_info=\u00bb{}\u00bb custom_padding__hover=\u00bb|||\u00bb][et_pb_image src=\u00bbhttps:\/\/svcard.fr\/wp-content\/uploads\/2022\/03\/svcard-img-iphone.png\u00bb alt=\u00bbConexi\u00f3n de la tarjeta Svcard\u00bb title_text=\u00bbConexi\u00f3n de la tarjeta Svcard\u00bb admin_label=\u00bbImage iPhone\u00bb _builder_version=\u00bb4.18.1&#8243; _module_preset=\u00bbdefault\u00bb global_colors_info=\u00bb{}\u00bb][\/et_pb_image][\/et_pb_column][et_pb_column type=\u00bb1_4&#8243; _builder_version=\u00bb4.16&#8243; custom_padding=\u00bb|||\u00bb global_colors_info=\u00bb{}\u00bb custom_padding__hover=\u00bb|||\u00bb][et_pb_text admin_label=\u00bbTexte Cr\u00e9ation d&#8217;information\u00bb _builder_version=\u00bb4.18.1&#8243; _module_preset=\u00bbdefault\u00bb text_font_size=\u00bb16px\u00bb global_colors_info=\u00bb{}\u00bb]<span style=\"color: #808080;\"><span style=\"color: #a003a8;\">\u2666<\/span> Crear su informaci\u00f3n para transmitirla a trav\u00e9s de la interfaz de usuario segura<\/span><br \/>\n[\/et_pb_text][et_pb_divider _builder_version=\u00bb4.18.1&#8243; _module_preset=\u00bbdefault\u00bb global_colors_info=\u00bb{}\u00bb][\/et_pb_divider][et_pb_text admin_label=\u00bbTexte M \u00e0 J\u00bb _builder_version=\u00bb4.18.1&#8243; _module_preset=\u00bbdefault\u00bb text_font_size=\u00bb16px\u00bb global_colors_info=\u00bb{}\u00bb]<span style=\"color: #808080;\"><span style=\"color: #a003a8;\">\u2666<\/span> Actualiza tus datos sin l\u00edmites a trav\u00e9s de la interfaz de usuario segura.<\/span><br \/>\n[\/et_pb_text][et_pb_divider _builder_version=\u00bb4.18.1&#8243; _module_preset=\u00bbdefault\u00bb global_colors_info=\u00bb{}\u00bb][\/et_pb_divider][et_pb_text admin_label=\u00bbTexte Partage\u00bb _builder_version=\u00bb4.18.1&#8243; _module_preset=\u00bbdefault\u00bb text_font_size=\u00bb16px\u00bb global_colors_info=\u00bb{}\u00bb]<span style=\"color: #808080;\"><span style=\"color: #a003a8;\">\u2666 Comparte<\/span> tus datos sin l\u00edmites y aprovecha al m\u00e1ximo la tecnolog\u00eda sin contacto.<\/span><br \/>\n[\/et_pb_text][\/et_pb_column][\/et_pb_section]<\/p>\n","protected":false},"excerpt":{"rendered":"<p>[dsm_block_reveal_text block_reveal_text=\u00bb\u00bfQu\u00e9 incluye nuestro o\ufb00re?\u00bb _builder_version=\u00bb4.18.1&#8243; _module_preset=\u00bbdefault\u00bb header_text_color=\u00bb#A003A8&#8243; custom_margin=\u00bb||11px|||\u00bb global_colors_info=\u00bb{}\u00bb][\/dsm_block_reveal_text] Personalizaci\u00f3n de la SVCard con su logotipo e informaci\u00f3n. Acceso a la plataforma para modificar su pro\ufb01l e informaci\u00f3n sin l\u00edmite. No hay suscripci\u00f3n Acceso de administrador para gestionar las tarjetas de los empleados con diferentes niveles de acceso. [dsm_block_reveal_text block_reveal_text=\u00bbLa SVCard es personalizable\u00bb module_id=\u00bbimpression\u00bb [&hellip;]<\/p>\n","protected":false},"featured_media":11453,"template":"","meta":{"_seopress_robots_primary_cat":"none","_seopress_titles_title":"SVCard NFC Hybrid metal negro plata grabado","_seopress_titles_desc":"Gracias al h\u00edbrido SVCard NFC Metal black, \u00a1sea m\u00e1s visible, desarrolle su presencia en las redes sociales con sus clientes en un solo clic!","_seopress_robots_index":"","_et_pb_use_builder":"on","_et_pb_old_content":"<h4><strong><span style=\"color: #a003a8\">SVCard la tarjeta de visita sin contacto NFC de metal<\/span><\/strong><\/h4>\n<span style=\"color: #333333\"><strong>Una soluci\u00f3n llave en mano<\/strong><\/span>\n<span style=\"color: #333333\">La personalizaci\u00f3n de la SVCard con su logotipo est\u00e1 incluida en el precio<\/span>\n<span style=\"color: #333333\">Esta personalizaci\u00f3n comienza tras la validaci\u00f3n de su pedido<\/span>\n<span style=\"color: #333333\">Adem\u00e1s, se aplica autom\u00e1ticamente un descuento por cantidad<\/span>\n<h4><strong><span style=\"color: #a003a8\">Servicios incluidos:<\/span><\/strong><\/h4>\n<ul>\n \t<li style=\"list-style-type: none\">\n<ul>\n \t<li style=\"list-style-type: none\">\n<ul>\n \t<li><span style=\"color: #333333\">Acceso ilimitado a su interfaz SVCard <strong>sin suscripci\u00f3n<\/strong><\/span><\/li>\n \t<li><span style=\"color: #333333\"><span style=\"color: #a003a8\">\n  <a style=\"color: #a003a8\" href=\"#impression\">Impresi\u00f3n de su SVCard<\/a>\n<\/span> <strong>con su logotipo e informaci\u00f3n en grabado l\u00e1ser plateado<\/strong><\/span><\/li>\n \t<li><span style=\"color: #333333\">Entrega en <strong>Francia y en Europa <\/strong><em>(para cualquier entrega fuera de Europa, <span style=\"color: #a003a8\"><a style=\"color: #a003a8\" href=\"mailto:contact@svcard.fr\">p\u00f3ngase en contacto con nosotros<\/a><\/span>)<\/em><\/span><\/li>\n<\/ul>\n<\/li>\n<\/ul>\n<\/li>\n<\/ul>\n<h4><span style=\"color: #a003a8\"><b>Creaci\u00f3n de su SVCard en 4 pasos<\/b><\/span><\/h4>\n<ul>\n \t<li style=\"list-style-type: none\">\n<ul>\n \t<li style=\"list-style-type: none\">\n<ol>\n \t<li><span style=\"color: #333333\">Validar su pedido<\/span><\/li>\n \t<li><span style=\"color: #333333\">Se le guiar\u00e1 en la personalizaci\u00f3n de su SVCard PVC (impresi\u00f3n)<\/span><\/li>\n \t<li><span style=\"color: #333333\">Env\u00edo de su tarjeta SVCard<\/span><\/li>\n \t<li><span style=\"color: #333333\">Acceso al espacio dedicado a la creaci\u00f3n y actualizaci\u00f3n de su expediente<\/span><\/li>\n<\/ol>\n<\/li>\n<\/ul>\n<\/li>\n<\/ul>\n<h4><span style=\"color: #a003a8\"><strong>Informaci\u00f3n<\/strong><\/span><\/h4>\n<ul>\n \t<li style=\"list-style-type: none\">\n<ul>\n \t<li><span style=\"color: #333333\">Los datos se alojan y almacenan en Europa de conformidad con el RGPD<\/span><\/li>\n \t<li><span style=\"color: #333333\">Si desea recibir un presupuesto personalizado<\/span> <strong>\n  <span style=\"color: #a003a8\">\n    <a style=\"color: #a003a8\" href=\"https:\/\/svcard.fr\/demande-de-devis\/\">pulse aqu\u00ed<\/a>\n  <\/span>\n<\/strong><\/li>\n \t<li>Si desea una demostraci\u00f3n de la SVCard en l\u00ednea pulse aqu\u00ed<\/li>\n<\/ul>\n<\/li>\n<\/ul>","_et_gb_content_width":""},"product_brand":[],"product_cat":[79],"product_tag":[],"class_list":{"0":"post-10030","1":"product","2":"type-product","3":"status-publish","4":"has-post-thumbnail","6":"product_cat-svcard-metal-es","8":"first","9":"instock","10":"taxable","11":"shipping-taxable","12":"purchasable","13":"product-type-simple"},"_links":{"self":[{"href":"https:\/\/svcard.fr\/es\/wp-json\/wp\/v2\/product\/10030","targetHints":{"allow":["GET"]}}],"collection":[{"href":"https:\/\/svcard.fr\/es\/wp-json\/wp\/v2\/product"}],"about":[{"href":"https:\/\/svcard.fr\/es\/wp-json\/wp\/v2\/types\/product"}],"wp:featuredmedia":[{"embeddable":true,"href":"https:\/\/svcard.fr\/es\/wp-json\/wp\/v2\/media\/11453"}],"wp:attachment":[{"href":"https:\/\/svcard.fr\/es\/wp-json\/wp\/v2\/media?parent=10030"}],"wp:term":[{"taxonomy":"product_brand","embeddable":true,"href":"https:\/\/svcard.fr\/es\/wp-json\/wp\/v2\/product_brand?post=10030"},{"taxonomy":"product_cat","embeddable":true,"href":"https:\/\/svcard.fr\/es\/wp-json\/wp\/v2\/product_cat?post=10030"},{"taxonomy":"product_tag","embeddable":true,"href":"https:\/\/svcard.fr\/es\/wp-json\/wp\/v2\/product_tag?post=10030"}],"curies":[{"name":"wp","href":"https:\/\/api.w.org\/{rel}","templated":true}]}}