{"id":9578,"date":"2022-11-26T10:08:15","date_gmt":"2022-11-26T09:08:15","guid":{"rendered":"https:\/\/svcard.fr\/widget\/"},"modified":"2022-12-30T12:26:07","modified_gmt":"2022-12-30T11:26:07","slug":"widget","status":"publish","type":"page","link":"https:\/\/svcard.fr\/es\/widget\/","title":{"rendered":"Widget"},"content":{"rendered":"<p>[et_pb_section fb_built=\u00bb1&#8243; _builder_version=\u00bb4.19.1&#8243; _module_preset=\u00bbdefault\u00bb custom_padding=\u00bb0px|||||\u00bb global_colors_info=\u00bb{}\u00bb][et_pb_row _builder_version=\u00bb4.19.1&#8243; _module_preset=\u00bbdefault\u00bb custom_padding=\u00bb1px|||||\u00bb global_colors_info=\u00bb{}\u00bb][et_pb_column type=\u00bb4_4&#8243; _builder_version=\u00bb4.19.1&#8243; _module_preset=\u00bbdefault\u00bb global_colors_info=\u00bb{}\u00bb][et_pb_code _builder_version=\u00bb4.19.1&#8243; _module_preset=\u00bbdefault\u00bb global_colors_info=\u00bb{}\u00bb]<!-- [et_pb_line_break_holder] -->[\/et_pb_code][et_pb_text _builder_version=\u00bb4.19.1&#8243; _module_preset=\u00bbdefault\u00bb text_font=\u00bb|600|||||||\u00bb text_text_color=\u00bb#0a0a0a\u00bb text_font_size=\u00bb28px\u00bb text_letter_spacing=\u00bb2px\u00bb text_line_height=\u00bb1.8em\u00bb text_orientation=\u00bbcenter\u00bb animation_style=\u00bbslide\u00bb hover_enabled=\u00bb0&#8243; global_colors_info=\u00bb{}\u00bb sticky_enabled=\u00bb0&#8243;]<\/p>\n<p>\u00bfC\u00f3mo hacerlo?<br \/>Es sencillo<\/p>\n<p>[\/et_pb_text][\/et_pb_column][\/et_pb_row][et_pb_row column_structure=\u00bb1_2,1_2&#8243; _builder_version=\u00bb4.19.1&#8243; _module_preset=\u00bbdefault\u00bb custom_padding=\u00bb|||46px||\u00bb global_colors_info=\u00bb{}\u00bb][et_pb_column type=\u00bb1_2&#8243; _builder_version=\u00bb4.19.1&#8243; _module_preset=\u00bbdefault\u00bb global_colors_info=\u00bb{}\u00bb][et_pb_text admin_label=\u00bbiPhone\u00bb _builder_version=\u00bb4.19.1&#8243; _module_preset=\u00bbdefault\u00bb text_font=\u00bb|600|||||||\u00bb text_font_size=\u00bb17px\u00bb global_colors_info=\u00bb{}\u00bb]<\/p>\n<p>Para tel\u00e9fonos inteligentes iOS (iPhone)<\/p>\n<p>[\/et_pb_text][et_pb_text _builder_version=\u00bb4.19.1&#8243; _module_preset=\u00bbdefault\u00bb global_colors_info=\u00bb{}\u00bb]<\/p>\n<ol>\n<li>Abrir la aplicaci\u00f3n Safari<\/li>\n<li>Visite https:\/\/smartvcard.fr<\/li>\n<li>Toca el icono Compartir  <img loading=\"lazy\" decoding=\"async\" class=\"alignnone wp-image-9630\" src=\"https:\/\/svcard.fr\/wp-content\/uploads\/2022\/11\/Pictos-partge.png\" alt=\"\" width=\"20\" height=\"26\"><\/li>\n<li>Seleccione En la pantalla de inicio<\/li>\n<\/ol>\n<p><img loading=\"lazy\" decoding=\"async\" class=\"wp-image-9636 alignnone size-medium\" src=\"https:\/\/svcard.fr\/wp-content\/uploads\/2022\/11\/Svcard-accueil-iphone-188x300.png\" alt=\"\" width=\"188\" height=\"300\" srcset=\"https:\/\/svcard.fr\/wp-content\/uploads\/2022\/11\/Svcard-accueil-iphone-188x300.png 188w, https:\/\/svcard.fr\/wp-content\/uploads\/2022\/11\/Svcard-accueil-iphone.png 227w\" sizes=\"(max-width: 188px) 100vw, 188px\" \/><\/p>\n<p>[\/et_pb_text][\/et_pb_column][et_pb_column type=\u00bb1_2&#8243; _builder_version=\u00bb4.19.1&#8243; _module_preset=\u00bbdefault\u00bb global_colors_info=\u00bb{}\u00bb][et_pb_text admin_label=\u00bbAndroid\u00bb _builder_version=\u00bb4.19.1&#8243; _module_preset=\u00bbdefault\u00bb text_font=\u00bb|600|||||||\u00bb text_font_size=\u00bb17px\u00bb global_colors_info=\u00bb{}\u00bb]<\/p>\n<p>Para smartphones con sistema operativo Android<\/p>\n<p>[\/et_pb_text][et_pb_text _builder_version=\u00bb4.19.1&#8243; _module_preset=\u00bbdefault\u00bb global_colors_info=\u00bb{}\u00bb]<\/p>\n<p>1. Visite https:\/\/smartvcard.fr<\/p>\n<p><img loading=\"lazy\" decoding=\"async\" class=\"wp-image-9647 alignnone size-medium\" src=\"https:\/\/svcard.fr\/wp-content\/uploads\/2022\/11\/svcard-android-1-144x300.jpg\" alt=\"\" width=\"144\" height=\"300\"><\/p>\n<p>2. Haga clic en la parte inferior (o superior) derecha del cuadrado con los tres puntos<\/p>\n<p><img loading=\"lazy\" decoding=\"async\" class=\"wp-image-9653 alignnone size-medium\" src=\"https:\/\/svcard.fr\/wp-content\/uploads\/2022\/11\/svcard-android-2-144x300.jpg\" alt=\"\" width=\"144\" height=\"300\"><\/p>\n<p>3. Selecciona \u00abAnclar a pantalla de inicio\u00bb.<\/p>\n<p><img loading=\"lazy\" decoding=\"async\" class=\"wp-image-9659 alignnone size-medium\" src=\"https:\/\/svcard.fr\/wp-content\/uploads\/2022\/11\/svcard-android-3-144x300.jpg\" alt=\"\" width=\"144\" height=\"300\"><\/p>\n<p>[\/et_pb_text][\/et_pb_column][\/et_pb_row][\/et_pb_section]<\/p>\n","protected":false},"excerpt":{"rendered":"<p>\u00bfC\u00f3mo hacerlo?Es sencilloPara tel\u00e9fonos inteligentes iOS (iPhone) Abrir la aplicaci\u00f3n Safari Visite https:\/\/smartvcard.fr Toca el icono Compartir Seleccione En la pantalla de inicio Para smartphones con sistema operativo Android1. Visite https:\/\/smartvcard.fr 2. Haga clic en la parte inferior (o superior) derecha del cuadrado con los tres puntos 3. Selecciona \u00abAnclar a pantalla de inicio\u00bb.<\/p>\n","protected":false},"author":1,"featured_media":0,"parent":0,"menu_order":0,"comment_status":"closed","ping_status":"closed","template":"","meta":{"_seopress_robots_primary_cat":"","_seopress_titles_title":"","_seopress_titles_desc":"\u00bfSab\u00eda que puede fijar su espacio SVCard a su smartphone?","_seopress_robots_index":"","_et_pb_use_builder":"on","_et_pb_old_content":"","_et_gb_content_width":"","footnotes":""},"class_list":["post-9578","page","type-page","status-publish","hentry"],"_links":{"self":[{"href":"https:\/\/svcard.fr\/es\/wp-json\/wp\/v2\/pages\/9578","targetHints":{"allow":["GET"]}}],"collection":[{"href":"https:\/\/svcard.fr\/es\/wp-json\/wp\/v2\/pages"}],"about":[{"href":"https:\/\/svcard.fr\/es\/wp-json\/wp\/v2\/types\/page"}],"author":[{"embeddable":true,"href":"https:\/\/svcard.fr\/es\/wp-json\/wp\/v2\/users\/1"}],"replies":[{"embeddable":true,"href":"https:\/\/svcard.fr\/es\/wp-json\/wp\/v2\/comments?post=9578"}],"version-history":[{"count":0,"href":"https:\/\/svcard.fr\/es\/wp-json\/wp\/v2\/pages\/9578\/revisions"}],"wp:attachment":[{"href":"https:\/\/svcard.fr\/es\/wp-json\/wp\/v2\/media?parent=9578"}],"curies":[{"name":"wp","href":"https:\/\/api.w.org\/{rel}","templated":true}]}}