{"id":6580,"date":"2022-10-12T14:00:02","date_gmt":"2022-10-12T12:00:02","guid":{"rendered":"https:\/\/svcard.fr\/svcard-metal-iron-plata\/"},"modified":"2022-11-12T14:07:04","modified_gmt":"2022-11-12T13:07:04","slug":"svcard-metal-iron-plata","status":"publish","type":"page","link":"https:\/\/svcard.fr\/es\/svcard-metal-iron-plata\/","title":{"rendered":"SVCard Metal IRON Plata"},"content":{"rendered":"<p>[et_pb_section fb_built=\u00bb1&#8243; specialty=\u00bbon\u00bb _builder_version=\u00bb4.16&#8243; _module_preset=\u00bbdefault\u00bb custom_padding=\u00bb17px||8px|||\u00bb global_colors_info=\u00bb{}\u00bb theme_builder_area=\u00bbpost_content\u00bb][et_pb_column type=\u00bb1_2&#8243; _builder_version=\u00bb4.16&#8243; custom_padding=\u00bb|||\u00bb global_colors_info=\u00bb{}\u00bb custom_padding__hover=\u00bb|||\u00bb theme_builder_area=\u00bbpost_content\u00bb][et_pb_code _builder_version=\u00bb4.16&#8243; _module_preset=\u00bbdefault\u00bb module_alignment=\u00bbcenter\u00bb custom_padding=\u00bb13px|||||\u00bb global_colors_info=\u00bb{}\u00bb theme_builder_area=\u00bbpost_content\u00bb][\/et_pb_code][et_pb_button button_url=\u00bbhttps:\/\/svcard.fr\/produit\/svcard-nfc-metal\/\u00bb button_text=\u00bbMe gustar\u00eda recibir mi SVard en metal\u00bb button_alignment=\u00bbcenter\u00bb admin_label=\u00bbDemande de devis\u00bb _builder_version=\u00bb4.17.3&#8243; _module_preset=\u00bbdefault\u00bb custom_button=\u00bbon\u00bb button_text_size=\u00bb21px\u00bb button_text_color=\u00bb#a003a8&#8243; button_font=\u00bb|300|||||||\u00bb button_icon=\u00bb&#xf584;||fa||400&#8243; animation_style=\u00bbbounce\u00bb box_shadow_style=\u00bbpreset2&#8243; global_colors_info=\u00bb{}\u00bb theme_builder_area=\u00bbpost_content\u00bb][\/et_pb_button][\/et_pb_column][et_pb_column type=\u00bb1_2&#8243; specialty_columns=\u00bb2&#8243; _builder_version=\u00bb4.16&#8243; custom_padding=\u00bb|||\u00bb global_colors_info=\u00bb{}\u00bb custom_padding__hover=\u00bb|||\u00bb theme_builder_area=\u00bbpost_content\u00bb][et_pb_row_inner _builder_version=\u00bb4.16&#8243; _module_preset=\u00bbdefault\u00bb global_colors_info=\u00bb{}\u00bb theme_builder_area=\u00bbpost_content\u00bb][et_pb_column_inner saved_specialty_column_type=\u00bb1_2&#8243; _builder_version=\u00bb4.16&#8243; _module_preset=\u00bbdefault\u00bb global_colors_info=\u00bb{}\u00bb theme_builder_area=\u00bbpost_content\u00bb][et_pb_text admin_label=\u00bbTitre SVCard standard M\u00e9tal\u00bb _builder_version=\u00bb4.17.3&#8243; _module_preset=\u00bbdefault\u00bb global_colors_info=\u00bb{}\u00bb theme_builder_area=\u00bbpost_content\u00bb]<\/p>\n<h1><span style=\"color: #a003a8;\"><strong>SVCard en METAL H\u00edbrido<\/strong><\/span><\/h1>\n<p>[\/et_pb_text][et_pb_text admin_label=\u00bbTexte SVCrd standard M\u00e9tal\u00bb _builder_version=\u00bb4.17.3&#8243; _module_preset=\u00bbdefault\u00bb global_colors_info=\u00bb{}\u00bb theme_builder_area=\u00bbpost_content\u00bb]<\/p>\n<h4><strong><span style=\"color: #a003a8;\">Transfiera su informaci\u00f3n en un solo paso:  <\/span><\/strong><\/h4>\n<ul>\n<li><span style=\"color: #000000;\">\u00bfUna feria? Un enlace a la URL de su elecci\u00f3n<\/span><\/li>\n<li><span style=\"color: #000000;\">\u00bfUn evento? Una p\u00e1gina de Instagram<\/span><\/li>\n<li><span style=\"color: #000000;\">\u00bfUn nuevo producto? Un video en youtube<\/span><\/li>\n<li><span style=\"color: #000000;\">\u00bfSu pro\ufb01l? Linkedin<\/span><\/li>\n<\/ul>\n<p><span style=\"color: #000000;\">O, por supuesto, para el diario su tarjeta de visita con la informaci\u00f3n que desee:<\/span><\/p>\n<ul>\n<li><span style=\"color: #000000;\">Foto, Nombre, Apellido, Direcci\u00f3n, Tel\u00e9fono, Cargo, Correo, Twitter, etc&#8230;.<\/span><\/li>\n<\/ul>\n<p style=\"text-align: center;\"><span style=\"color: #a003a8;\"><strong>Gracias a la SVCard, sea m\u00e1s visible, desarrolle su presencia en las redes sociales y comparta sus enlaces con sus clientes y prospectos en un solo clic.<\/strong><\/span><\/p>\n<p>[\/et_pb_text][\/et_pb_column_inner][\/et_pb_row_inner][et_pb_row_inner column_structure=\u00bb1_2,1_2&#8243; _builder_version=\u00bb4.16&#8243; _module_preset=\u00bbdefault\u00bb custom_margin=\u00bb-22px|||||\u00bb custom_padding=\u00bb0px||10px|||\u00bb global_colors_info=\u00bb{}\u00bb theme_builder_area=\u00bbpost_content\u00bb][et_pb_column_inner type=\u00bb1_2&#8243; saved_specialty_column_type=\u00bb1_2&#8243; _builder_version=\u00bb4.16&#8243; _module_preset=\u00bbdefault\u00bb global_colors_info=\u00bb{}\u00bb theme_builder_area=\u00bbpost_content\u00bb][et_pb_image src=\u00bbhttps:\/\/svcard.fr\/wp-content\/uploads\/2022\/05\/SVCard-metal-004B.jpg\u00bb alt=\u00bbSVCard en metal\u00bb title_text=\u00bbSVCard en metal\u00bb admin_label=\u00bbImage SVCard en M\u00e9tal\u00bb _builder_version=\u00bb4.17.3&#8243; _module_preset=\u00bbdefault\u00bb global_colors_info=\u00bb{}\u00bb theme_builder_area=\u00bbpost_content\u00bb][\/et_pb_image][\/et_pb_column_inner][et_pb_column_inner type=\u00bb1_2&#8243; saved_specialty_column_type=\u00bb1_2&#8243; _builder_version=\u00bb4.16&#8243; _module_preset=\u00bbdefault\u00bb global_colors_info=\u00bb{}\u00bb theme_builder_area=\u00bbpost_content\u00bb][et_pb_image src=\u00bbhttps:\/\/svcard.fr\/wp-content\/uploads\/2022\/05\/SVCard-metal-005B.jpg\u00bb alt=\u00bbSVCard en metal\u00bb title_text=\u00bbSVCard en metal\u00bb admin_label=\u00bbImage SVCard en M\u00e9tal\u00bb _builder_version=\u00bb4.17.3&#8243; _module_preset=\u00bbdefault\u00bb global_colors_info=\u00bb{}\u00bb theme_builder_area=\u00bbpost_content\u00bb][\/et_pb_image][\/et_pb_column_inner][\/et_pb_row_inner][\/et_pb_column][\/et_pb_section][et_pb_section fb_built=\u00bb1&#8243; _builder_version=\u00bb4.16&#8243; _module_preset=\u00bbdefault\u00bb background_color=\u00bbrgba(51,149,209,0.1)\u00bb custom_padding=\u00bb15px||12px|||\u00bb global_colors_info=\u00bb{}\u00bb theme_builder_area=\u00bbpost_content\u00bb][et_pb_row column_structure=\u00bb3_5,2_5&#8243; _builder_version=\u00bb4.16&#8243; _module_preset=\u00bbdefault\u00bb custom_margin=\u00bb|auto|15px|auto||\u00bb custom_padding=\u00bb10px||0px|||\u00bb global_colors_info=\u00bb{}\u00bb theme_builder_area=\u00bbpost_content\u00bb][et_pb_column type=\u00bb3_5&#8243; _builder_version=\u00bb4.16&#8243; _module_preset=\u00bbdefault\u00bb global_colors_info=\u00bb{}\u00bb theme_builder_area=\u00bbpost_content\u00bb][et_pb_text admin_label=\u00bbTexte personnalisation SVCard en M\u00e9tal\u00bb _builder_version=\u00bb4.17.3&#8243; _module_preset=\u00bbdefault\u00bb custom_padding=\u00bb26px|||||\u00bb global_colors_info=\u00bb{}\u00bb theme_builder_area=\u00bbpost_content\u00bb]<\/p>\n<h3><span style=\"color: #a003a8;\"><strong>Su SVCard en Hybrid Metal es una tarjeta personalizable.<\/strong><\/span><\/h3>\n<p>Podemos personalizar su SVCard en Hybrid Metal a su imagen, respetar\u00e1 fielmente su carta gr\u00e1fica.<br \/>La tarjeta SVCard de Hybrid Metal se puede personalizar:<\/p>\n<ul>\n<li>El anverso puede imprimirse en plata<\/li>\n<li>La impresi\u00f3n del reverso est\u00e1 grabada con l\u00e1ser (en color plata)<\/li>\n<\/ul>\n<p>Antes de imprimir su tarjeta SVCard en Metal, recibir\u00e1 una orden de impresi\u00f3n para validar la impresi\u00f3n.<br \/>S\u00f3lo tiene que enviarnos su logotipo o dise\u00f1o gr\u00e1fico.<\/p>\n<p>[\/et_pb_text][\/et_pb_column][et_pb_column type=\u00bb2_5&#8243; _builder_version=\u00bb4.16&#8243; _module_preset=\u00bbdefault\u00bb global_colors_info=\u00bb{}\u00bb theme_builder_area=\u00bbpost_content\u00bb][et_pb_image src=\u00bbhttps:\/\/svcard.fr\/wp-content\/uploads\/2022\/03\/svcard-img-gravure-laser-metal-A.png\u00bb alt=\u00bbSvcard grabado l\u00e1ser en metal\u00bb title_text=\u00bbSvcard grabado l\u00e1ser en metal\u00bb _builder_version=\u00bb4.16&#8243; _module_preset=\u00bbdefault\u00bb custom_padding=\u00bb0px||0px|||\u00bb global_colors_info=\u00bb{}\u00bb theme_builder_area=\u00bbpost_content\u00bb][\/et_pb_image][\/et_pb_column][\/et_pb_row][\/et_pb_section][et_pb_section fb_built=\u00bb1&#8243; _builder_version=\u00bb4.16&#8243; _module_preset=\u00bbdefault\u00bb custom_padding=\u00bb21px||9px|||\u00bb global_colors_info=\u00bb{}\u00bb theme_builder_area=\u00bbpost_content\u00bb][et_pb_row column_structure=\u00bb2_5,3_5&#8243; _builder_version=\u00bb4.16&#8243; _module_preset=\u00bbdefault\u00bb custom_margin=\u00bb-8px|auto||auto||\u00bb custom_padding=\u00bb17px||13px|||\u00bb global_colors_info=\u00bb{}\u00bb theme_builder_area=\u00bbpost_content\u00bb][et_pb_column type=\u00bb2_5&#8243; _builder_version=\u00bb4.16&#8243; _module_preset=\u00bbdefault\u00bb global_colors_info=\u00bb{}\u00bb theme_builder_area=\u00bbpost_content\u00bb][et_pb_image src=\u00bbhttps:\/\/svcard.fr\/wp-content\/uploads\/2022\/03\/svcard-img-saisie.png\u00bb alt=\u00bbZona de entrada segura de la Svcard\u00bb title_text=\u00bbZona de entrada segura de la Svcard\u00bb admin_label=\u00bbImage saisie\u00bb _builder_version=\u00bb4.17.3&#8243; _module_preset=\u00bbdefault\u00bb global_colors_info=\u00bb{}\u00bb theme_builder_area=\u00bbpost_content\u00bb][\/et_pb_image][\/et_pb_column][et_pb_column type=\u00bb3_5&#8243; _builder_version=\u00bb4.16&#8243; _module_preset=\u00bbdefault\u00bb global_colors_info=\u00bb{}\u00bb theme_builder_area=\u00bbpost_content\u00bb][et_pb_text admin_label=\u00bbTexte saisie\u00bb _builder_version=\u00bb4.17.3&#8243; _module_preset=\u00bbdefault\u00bb custom_padding=\u00bb37px|||||\u00bb global_colors_info=\u00bb{}\u00bb theme_builder_area=\u00bbpost_content\u00bb]<\/p>\n<h2><span style=\"color: #a003a8;\"><strong>Personalice su SVCard est\u00e1ndar<\/strong><\/span><\/h2>\n<p>En cuanto reciba su SVCard en Hybrid Metal, podr\u00e1 personalizar completamente su formulario de contacto en l\u00ednea.<br \/>Tendr\u00e1 acceso a una zona segura para iniciar sesi\u00f3n y gestionar su SVCard en Hybrid Metal.<br \/>No hay l\u00edmite para los cambios, puedes cambiar toda la informaci\u00f3n como quieras.<\/p>\n<p>[\/et_pb_text][\/et_pb_column][\/et_pb_row][\/et_pb_section][et_pb_section fb_built=\u00bb1&#8243; _builder_version=\u00bb4.16&#8243; _module_preset=\u00bbdefault\u00bb background_color=\u00bbrgba(51,149,209,0.1)\u00bb custom_padding=\u00bb11px||11px|||\u00bb global_colors_info=\u00bb{}\u00bb theme_builder_area=\u00bbpost_content\u00bb][et_pb_row _builder_version=\u00bb4.16&#8243; _module_preset=\u00bbdefault\u00bb custom_padding=\u00bb||9px|||\u00bb global_colors_info=\u00bb{}\u00bb theme_builder_area=\u00bbpost_content\u00bb][et_pb_column type=\u00bb4_4&#8243; _builder_version=\u00bb4.16&#8243; _module_preset=\u00bbdefault\u00bb global_colors_info=\u00bb{}\u00bb theme_builder_area=\u00bbpost_content\u00bb][et_pb_text admin_label=\u00bbTexte Comment \u00e7a fonctionne ?\u00bb _builder_version=\u00bb4.17.3&#8243; _module_preset=\u00bbdefault\u00bb global_colors_info=\u00bb{}\u00bb theme_builder_area=\u00bbpost_content\u00bb]<\/p>\n<h2 style=\"text-align: center;\"><strong><span style=\"color: #a003a8;\">\u00bfC\u00f3mo funciona?<\/span><\/strong><\/h2>\n<p>[\/et_pb_text][\/et_pb_column][\/et_pb_row][\/et_pb_section][et_pb_section fb_built=\u00bb1&#8243; specialty=\u00bbon\u00bb _builder_version=\u00bb4.16&#8243; _module_preset=\u00bbdefault\u00bb background_color=\u00bbrgba(51,149,209,0.1)\u00bb custom_padding=\u00bb12px||11px|||\u00bb global_colors_info=\u00bb{}\u00bb theme_builder_area=\u00bbpost_content\u00bb][et_pb_column type=\u00bb1_2&#8243; specialty_columns=\u00bb2&#8243; _builder_version=\u00bb4.16&#8243; custom_padding=\u00bb|||\u00bb global_colors_info=\u00bb{}\u00bb custom_padding__hover=\u00bb|||\u00bb theme_builder_area=\u00bbpost_content\u00bb][et_pb_row_inner _builder_version=\u00bb4.16&#8243; _module_preset=\u00bbdefault\u00bb custom_padding=\u00bb16px|||||\u00bb global_colors_info=\u00bb{}\u00bb theme_builder_area=\u00bbpost_content\u00bb][et_pb_column_inner saved_specialty_column_type=\u00bb1_2&#8243; _builder_version=\u00bb4.16&#8243; _module_preset=\u00bbdefault\u00bb global_colors_info=\u00bb{}\u00bb theme_builder_area=\u00bbpost_content\u00bb][et_pb_text _builder_version=\u00bb4.17.3&#8243; _module_preset=\u00bbdefault\u00bb global_colors_info=\u00bb{}\u00bb theme_builder_area=\u00bbpost_content\u00bb]<\/p>\n<h2><span style=\"color: #a003a8;\"><strong>Muy f\u00e1cil de usar<\/strong><\/span><\/h2>\n<h5><span style=\"color: #a003a8;\">Un simple gesto para intercambiar sus datos<\/span><\/h5>\n<p>No hace falta una aplicaci\u00f3n, Svcard funciona con el 99% de los smartphones.<br \/>La Svcard se utiliza de dos maneras.<br \/>Ya sea mediante la tecnolog\u00eda NFC o\/y el c\u00f3digo QR.<\/p>\n<p>[\/et_pb_text][\/et_pb_column_inner][\/et_pb_row_inner][et_pb_row_inner column_structure=\u00bb1_2,1_2&#8243; _builder_version=\u00bb4.16&#8243; _module_preset=\u00bbdefault\u00bb custom_margin=\u00bb-23px|||||\u00bb custom_padding=\u00bb||8px|||\u00bb global_colors_info=\u00bb{}\u00bb theme_builder_area=\u00bbpost_content\u00bb][et_pb_column_inner type=\u00bb1_2&#8243; saved_specialty_column_type=\u00bb1_2&#8243; _builder_version=\u00bb4.16&#8243; _module_preset=\u00bbdefault\u00bb global_colors_info=\u00bb{}\u00bb theme_builder_area=\u00bbpost_content\u00bb][et_pb_text _builder_version=\u00bb4.17.3&#8243; _module_preset=\u00bbdefault\u00bb global_colors_info=\u00bb{}\u00bb theme_builder_area=\u00bbpost_content\u00bb]<\/p>\n<h5><strong><span style=\"color: #999999;\">Tecnolog\u00eda NFC<\/span><\/strong><\/h5>\n<ul>\n<li style=\"text-align: left;\">Acerque su SVCard al m\u00f3vil de su contacto.<\/li>\n<li style=\"text-align: left;\">Su contacto abre la noti\ufb01caci\u00f3n.<\/li>\n<\/ul>\n<p style=\"text-align: left;\">Eso es todo, \u00a1sus datos se transmiten!<\/p>\n<p>[\/et_pb_text][\/et_pb_column_inner][et_pb_column_inner type=\u00bb1_2&#8243; saved_specialty_column_type=\u00bb1_2&#8243; _builder_version=\u00bb4.16&#8243; _module_preset=\u00bbdefault\u00bb global_colors_info=\u00bb{}\u00bb theme_builder_area=\u00bbpost_content\u00bb][et_pb_text _builder_version=\u00bb4.17.3&#8243; _module_preset=\u00bbdefault\u00bb global_colors_info=\u00bb{}\u00bb theme_builder_area=\u00bbpost_content\u00bb]<\/p>\n<h5><strong><span style=\"color: #999999;\">Por c\u00f3digo QR<\/span><\/strong><\/h5>\n<ul>\n<li style=\"text-align: left;\">Su persona de contacto escanea el c\u00f3digo QR en el reverso de su Svcard.<\/li>\n<li style=\"text-align: left;\">Su contacto abre la noti\ufb01caci\u00f3n.<\/li>\n<\/ul>\n<p style=\"text-align: left;\">Eso es todo, \u00a1sus datos se transmiten!<\/p>\n<p>[\/et_pb_text][\/et_pb_column_inner][\/et_pb_row_inner][et_pb_row_inner _builder_version=\u00bb4.16&#8243; _module_preset=\u00bbdefault\u00bb custom_padding=\u00bb7px|||||\u00bb global_colors_info=\u00bb{}\u00bb theme_builder_area=\u00bbpost_content\u00bb][et_pb_column_inner saved_specialty_column_type=\u00bb1_2&#8243; _builder_version=\u00bb4.16&#8243; _module_preset=\u00bbdefault\u00bb global_colors_info=\u00bb{}\u00bb theme_builder_area=\u00bbpost_content\u00bb][et_pb_text admin_label=\u00bbTexte FAQ\u00bb _builder_version=\u00bb4.17.3&#8243; _module_preset=\u00bbdefault\u00bb global_colors_info=\u00bb{}\u00bb theme_builder_area=\u00bbpost_content\u00bb]<\/p>\n<p style=\"text-align: justify;\"><span style=\"color: #999999;\">Si necesita m\u00e1s informaci\u00f3n, nuestra secci\u00f3n <a href=\"https:\/\/svcard.fr\/es\/faq-svcard\/\">de preguntas frecuentes<\/a> est\u00e1 a su disposici\u00f3n o tambi\u00e9n puede ponerse en contacto con nosotros en el +33 1 41 16 39 60 o a trav\u00e9s de <a href=\"https:\/\/svcard.fr\/es\/solicitud-de-presupuesto\/\">contacto<\/a>.<\/span><\/p>\n<p>[\/et_pb_text][\/et_pb_column_inner][\/et_pb_row_inner][\/et_pb_column][et_pb_column type=\u00bb1_4&#8243; _builder_version=\u00bb4.16&#8243; custom_padding=\u00bb|||\u00bb global_colors_info=\u00bb{}\u00bb custom_padding__hover=\u00bb|||\u00bb theme_builder_area=\u00bbpost_content\u00bb][et_pb_image src=\u00bbhttps:\/\/svcard.fr\/wp-content\/uploads\/2022\/03\/svcard-img-iphone.png\u00bb alt=\u00bbConexi\u00f3n de la tarjeta Svcard\u00bb title_text=\u00bbConexi\u00f3n de la tarjeta Svcard\u00bb admin_label=\u00bbImage iPhone\u00bb _builder_version=\u00bb4.17.3&#8243; _module_preset=\u00bbdefault\u00bb custom_margin=\u00bb24px|||||\u00bb global_colors_info=\u00bb{}\u00bb theme_builder_area=\u00bbpost_content\u00bb][\/et_pb_image][\/et_pb_column][et_pb_column type=\u00bb1_4&#8243; _builder_version=\u00bb4.16&#8243; custom_padding=\u00bb|||\u00bb global_colors_info=\u00bb{}\u00bb custom_padding__hover=\u00bb|||\u00bb theme_builder_area=\u00bbpost_content\u00bb][et_pb_text admin_label=\u00bbTexte Cr\u00e9ation d&#8217;infomation\u00bb _builder_version=\u00bb4.17.3&#8243; _module_preset=\u00bbdefault\u00bb custom_margin=\u00bb||7px|||\u00bb global_colors_info=\u00bb{}\u00bb theme_builder_area=\u00bbpost_content\u00bb]<\/p>\n<p style=\"text-align: justify;\"><span style=\"color: #808080;\"><span style=\"color: #a003a8;\">\u2666<\/span> Crear su informaci\u00f3n para transmitirla a trav\u00e9s de la interfaz de usuario segura.<\/span><\/p>\n<p>[\/et_pb_text][et_pb_divider _builder_version=\u00bb4.16&#8243; _module_preset=\u00bbdefault\u00bb custom_margin=\u00bb||8px|||\u00bb global_colors_info=\u00bb{}\u00bb theme_builder_area=\u00bbpost_content\u00bb][\/et_pb_divider][et_pb_text admin_label=\u00bbTexte M \u00e0 J\u00bb _builder_version=\u00bb4.16&#8243; _module_preset=\u00bbdefault\u00bb custom_margin=\u00bb||16px|||\u00bb global_colors_info=\u00bb{}\u00bb theme_builder_area=\u00bbpost_content\u00bb]<\/p>\n<p style=\"text-align: justify;\"><span style=\"color: #808080;\"><span style=\"color: #a003a8;\">\u2666<\/span> Actualiza tus datos sin l\u00edmites a trav\u00e9s de la interfaz de usuario segura.<\/span><\/p>\n<p>[\/et_pb_text][et_pb_divider _builder_version=\u00bb4.16&#8243; _module_preset=\u00bbdefault\u00bb custom_margin=\u00bb||10px|||\u00bb global_colors_info=\u00bb{}\u00bb theme_builder_area=\u00bbpost_content\u00bb][\/et_pb_divider][et_pb_text admin_label=\u00bbTexte Partage\u00bb _builder_version=\u00bb4.16&#8243; _module_preset=\u00bbdefault\u00bb global_colors_info=\u00bb{}\u00bb theme_builder_area=\u00bbpost_content\u00bb]<\/p>\n<p style=\"text-align: justify;\"><span style=\"color: #808080;\"><span style=\"color: #a003a8;\">\u2666 Comparte<\/span> tus datos sin l\u00edmites y aprovecha al m\u00e1ximo la tecnolog\u00eda sin contacto.<\/span><\/p>\n<p>[\/et_pb_text][\/et_pb_column][\/et_pb_section]<\/p>\n","protected":false},"excerpt":{"rendered":"<p>SVCard en METAL H\u00edbridoTransfiera su informaci\u00f3n en un solo paso: \u00bfUna feria? Un enlace a la URL de su elecci\u00f3n \u00bfUn evento? Una p\u00e1gina de Instagram \u00bfUn nuevo producto? Un video en youtube \u00bfSu pro\ufb01l? Linkedin O, por supuesto, para el diario su tarjeta de visita con la informaci\u00f3n que desee: Foto, Nombre, Apellido, [&hellip;]<\/p>\n","protected":false},"author":1,"featured_media":0,"parent":0,"menu_order":0,"comment_status":"closed","ping_status":"closed","template":"","meta":{"_seopress_robots_primary_cat":"","_seopress_titles_title":"","_seopress_titles_desc":"","_seopress_robots_index":"","_et_pb_use_builder":"on","_et_pb_old_content":"","_et_gb_content_width":"","footnotes":""},"class_list":["post-6580","page","type-page","status-publish","hentry"],"_links":{"self":[{"href":"https:\/\/svcard.fr\/es\/wp-json\/wp\/v2\/pages\/6580","targetHints":{"allow":["GET"]}}],"collection":[{"href":"https:\/\/svcard.fr\/es\/wp-json\/wp\/v2\/pages"}],"about":[{"href":"https:\/\/svcard.fr\/es\/wp-json\/wp\/v2\/types\/page"}],"author":[{"embeddable":true,"href":"https:\/\/svcard.fr\/es\/wp-json\/wp\/v2\/users\/1"}],"replies":[{"embeddable":true,"href":"https:\/\/svcard.fr\/es\/wp-json\/wp\/v2\/comments?post=6580"}],"version-history":[{"count":0,"href":"https:\/\/svcard.fr\/es\/wp-json\/wp\/v2\/pages\/6580\/revisions"}],"wp:attachment":[{"href":"https:\/\/svcard.fr\/es\/wp-json\/wp\/v2\/media?parent=6580"}],"curies":[{"name":"wp","href":"https:\/\/api.w.org\/{rel}","templated":true}]}}