{"id":3097,"date":"2022-04-15T15:17:01","date_gmt":"2022-04-15T13:17:01","guid":{"rendered":"https:\/\/svcard.fr\/imprimir-svcard-pvc-blanco\/"},"modified":"2022-11-12T14:05:40","modified_gmt":"2022-11-12T13:05:40","slug":"imprimir-svcard-pvc-blanco","status":"publish","type":"page","link":"https:\/\/svcard.fr\/es\/imprimir-svcard-pvc-blanco\/","title":{"rendered":"Imprimir SVCard PVC Blanco"},"content":{"rendered":"<p>[et_pb_section fb_built=\u00bb1&#8243; _builder_version=\u00bb4.17.0&#8243; _module_preset=\u00bbdefault\u00bb custom_padding=\u00bb15px||14px|||\u00bb global_colors_info=\u00bb{}\u00bb][et_pb_row _builder_version=\u00bb4.17.0&#8243; _module_preset=\u00bbdefault\u00bb custom_padding=\u00bb||11px|||\u00bb global_colors_info=\u00bb{}\u00bb][et_pb_column type=\u00bb4_4&#8243; _builder_version=\u00bb4.17.0&#8243; _module_preset=\u00bbdefault\u00bb global_colors_info=\u00bb{}\u00bb][et_pb_text _builder_version=\u00bb4.17.1&#8243; _module_preset=\u00bbdefault\u00bb global_colors_info=\u00bb{}\u00bb]<\/p>\n<h1>Personalice su tarjeta SVCard PVC White<\/h1>\n<p>[\/et_pb_text][\/et_pb_column][\/et_pb_row][\/et_pb_section][et_pb_section fb_built=\u00bb1&#8243; specialty=\u00bbon\u00bb _builder_version=\u00bb4.17.0&#8243; _module_preset=\u00bbdefault\u00bb custom_padding=\u00bb17px|||||\u00bb global_colors_info=\u00bb{}\u00bb][et_pb_column type=\u00bb1_2&#8243; _builder_version=\u00bb4.16&#8243; custom_padding=\u00bb|||\u00bb global_colors_info=\u00bb{}\u00bb custom_padding__hover=\u00bb|||\u00bb][et_pb_code _builder_version=\u00bb4.17.1&#8243; _module_preset=\u00bbdefault\u00bb global_colors_info=\u00bb{}\u00bb][contact-form-7 id=\u00bb1092&#8243; title=\u00bbFormulario de creaci\u00f3n SVCard PVC Blanco\u00bb][\/et_pb_code][\/et_pb_column][et_pb_column type=\u00bb1_2&#8243; specialty_columns=\u00bb2&#8243; _builder_version=\u00bb4.16&#8243; custom_padding=\u00bb|||\u00bb global_colors_info=\u00bb{}\u00bb custom_padding__hover=\u00bb|||\u00bb][et_pb_row_inner column_structure=\u00bb1_2,1_2&#8243; _builder_version=\u00bb4.17.0&#8243; _module_preset=\u00bbdefault\u00bb global_colors_info=\u00bb{}\u00bb][et_pb_column_inner type=\u00bb1_2&#8243; saved_specialty_column_type=\u00bb1_2&#8243; _builder_version=\u00bb4.17.0&#8243; _module_preset=\u00bbdefault\u00bb global_colors_info=\u00bb{}\u00bb][et_pb_image src=\u00bbhttps:\/\/svcard.fr\/wp-content\/uploads\/2022\/03\/SVCard-pvc-blanc-003B.jpg\u00bb alt=\u00bbSVCard PVC Impresi\u00f3n blanca de plata\u00bb title_text=\u00bbSVCard PVC Impresi\u00f3n blanca de plata\u00bb admin_label=\u00bbSVCard PVC Blanc imp Silver\u00bb _builder_version=\u00bb4.17.4&#8243; _module_preset=\u00bbdefault\u00bb global_colors_info=\u00bb{}\u00bb][\/et_pb_image][et_pb_text _builder_version=\u00bb4.17.3&#8243; _module_preset=\u00bbdefault\u00bb global_colors_info=\u00bb{}\u00bb]<\/p>\n<p><span style=\"color: #808080;\">Ejemplo de impresi\u00f3n en plata<\/span><\/p>\n<p>[\/et_pb_text][et_pb_image src=\u00bbhttps:\/\/svcard.fr\/wp-content\/uploads\/2022\/03\/SVCard-pvc-blanc-002B.jpg\u00bb alt=\u00bbSVCard PVC Blanco con impresi\u00f3n en negro\u00bb title_text=\u00bbSVCard PVC Blanco con impresi\u00f3n en negro\u00bb admin_label=\u00bbSVCard PVC Blanc imp Noir\u00bb _builder_version=\u00bb4.17.4&#8243; _module_preset=\u00bbdefault\u00bb global_colors_info=\u00bb{}\u00bb][\/et_pb_image][et_pb_text _builder_version=\u00bb4.17.3&#8243; _module_preset=\u00bbdefault\u00bb global_colors_info=\u00bb{}\u00bb]<\/p>\n<p><span style=\"color: #808080;\">Ejemplo de impresi\u00f3n en negro<\/span><\/p>\n<p>[\/et_pb_text][\/et_pb_column_inner][et_pb_column_inner type=\u00bb1_2&#8243; saved_specialty_column_type=\u00bb1_2&#8243; _builder_version=\u00bb4.17.0&#8243; _module_preset=\u00bbdefault\u00bb global_colors_info=\u00bb{}\u00bb][et_pb_image src=\u00bbhttps:\/\/svcard.fr\/wp-content\/uploads\/2022\/03\/SVCard-pvc-blanc-004B.jpg\u00bb alt=\u00bbSVCard PVC Impresi\u00f3n en oro blanco\u00bb title_text=\u00bbSVCard PVC Impresi\u00f3n en oro blanco\u00bb admin_label=\u00bbSVCard PVC Blanc imp Gold\u00bb _builder_version=\u00bb4.17.4&#8243; _module_preset=\u00bbdefault\u00bb global_colors_info=\u00bb{}\u00bb][\/et_pb_image][et_pb_text _builder_version=\u00bb4.17.3&#8243; _module_preset=\u00bbdefault\u00bb global_colors_info=\u00bb{}\u00bb]<\/p>\n<p><span style=\"color: #808080;\">Ejemplo de impresi\u00f3n en oro<\/span><\/p>\n<p>[\/et_pb_text][\/et_pb_column_inner][\/et_pb_row_inner][et_pb_row_inner _builder_version=\u00bb4.17.0&#8243; _module_preset=\u00bbdefault\u00bb global_colors_info=\u00bb{}\u00bb][et_pb_column_inner saved_specialty_column_type=\u00bb1_2&#8243; _builder_version=\u00bb4.17.0&#8243; _module_preset=\u00bbdefault\u00bb global_colors_info=\u00bb{}\u00bb][et_pb_text _builder_version=\u00bb4.17.3&#8243; _module_preset=\u00bbdefault\u00bb global_colors_info=\u00bb{}\u00bb]<\/p>\n<h4><span style=\"color: #808080;\">Informaci\u00f3n sobre la impresi\u00f3n de su SVCard White PVC<\/span><\/h4>\n<p>La tarjeta SVCard de PVC blanco puede personalizarse con :<\/p>\n<ul>\n<li>Una impresi\u00f3n en plata met\u00e1lica por ambas caras<\/li>\n<li>Impresi\u00f3n met\u00e1lica dorada en ambas caras<\/li>\n<li>Impresi\u00f3n en negro por ambas caras<\/li>\n<\/ul>\n<p>\u00bfQuiere personalizar usted mismo su SVCard?<br \/>Descargue la plantilla <a href=\"https:\/\/svcard.fr\/gabarits\/GABARIT-SVCard-PVC-BLANC.pdf\" target=\"_blank\" rel=\"noopener\">haciendo clic aqu\u00ed<\/a><\/p>\n<p>[\/et_pb_text][\/et_pb_column_inner][\/et_pb_row_inner][\/et_pb_column][\/et_pb_section]<\/p>\n","protected":false},"excerpt":{"rendered":"<p>Personalice su tarjeta SVCard PVC White[contact-form-7 id=\u00bb1092&#8243; title=\u00bbFormulario de creaci\u00f3n SVCard PVC Blanco\u00bb]Ejemplo de impresi\u00f3n en plataEjemplo de impresi\u00f3n en negroEjemplo de impresi\u00f3n en oroInformaci\u00f3n sobre la impresi\u00f3n de su SVCard White PVC La tarjeta SVCard de PVC blanco puede personalizarse con : Una impresi\u00f3n en plata met\u00e1lica por ambas caras Impresi\u00f3n met\u00e1lica dorada en [&hellip;]<\/p>\n","protected":false},"author":1,"featured_media":0,"parent":0,"menu_order":0,"comment_status":"closed","ping_status":"closed","template":"","meta":{"_seopress_robots_primary_cat":"","_seopress_titles_title":"","_seopress_titles_desc":"","_seopress_robots_index":"","_et_pb_use_builder":"on","_et_pb_old_content":"","_et_gb_content_width":"","footnotes":""},"class_list":["post-3097","page","type-page","status-publish","hentry"],"_links":{"self":[{"href":"https:\/\/svcard.fr\/es\/wp-json\/wp\/v2\/pages\/3097","targetHints":{"allow":["GET"]}}],"collection":[{"href":"https:\/\/svcard.fr\/es\/wp-json\/wp\/v2\/pages"}],"about":[{"href":"https:\/\/svcard.fr\/es\/wp-json\/wp\/v2\/types\/page"}],"author":[{"embeddable":true,"href":"https:\/\/svcard.fr\/es\/wp-json\/wp\/v2\/users\/1"}],"replies":[{"embeddable":true,"href":"https:\/\/svcard.fr\/es\/wp-json\/wp\/v2\/comments?post=3097"}],"version-history":[{"count":0,"href":"https:\/\/svcard.fr\/es\/wp-json\/wp\/v2\/pages\/3097\/revisions"}],"wp:attachment":[{"href":"https:\/\/svcard.fr\/es\/wp-json\/wp\/v2\/media?parent=3097"}],"curies":[{"name":"wp","href":"https:\/\/api.w.org\/{rel}","templated":true}]}}