{"id":3046,"date":"2022-03-10T19:35:24","date_gmt":"2022-03-10T18:35:24","guid":{"rendered":"https:\/\/svcard.fr\/faq-svcard\/"},"modified":"2025-01-02T00:35:22","modified_gmt":"2025-01-01T23:35:22","slug":"faq-svcard","status":"publish","type":"page","link":"https:\/\/svcard.fr\/es\/faq-svcard\/","title":{"rendered":"FAQ Tarjeta SV"},"content":{"rendered":"<p>[et_pb_section fb_built=\u00bb1&#8243; specialty=\u00bbon\u00bb _builder_version=\u00bb4.16&#8243; _module_preset=\u00bbdefault\u00bb global_colors_info=\u00bb{}\u00bb][et_pb_column type=\u00bb1_2&#8243; _builder_version=\u00bb4.16&#8243; custom_padding=\u00bb|||\u00bb global_colors_info=\u00bb{}\u00bb custom_padding__hover=\u00bb|||\u00bb][et_pb_text admin_label=\u00bbTitre FAQ\u00bb _builder_version=\u00bb4.17.3&#8243; _module_preset=\u00bbdefault\u00bb global_colors_info=\u00bb{}\u00bb]<\/p>\n<h1><strong><span style=\"color: #a003a8;\">\u00bfTiene alguna pregunta sobre la tarjeta SVCard?<br \/>Tenemos la respuesta.<\/span><\/strong><\/h1>\n<p>[\/et_pb_text][et_pb_toggle title=\u00bb\u00bfC\u00f3mo funciona la Svcard?\u00bb icon_color=\u00bb#a003a8&#8243; open_icon_color=\u00bb#3395d1&#8243; admin_label=\u00bbComment fonction la Svcard ?\u00bb _builder_version=\u00bb4.17.3&#8243; _module_preset=\u00bbdefault\u00bb title_font=\u00bb|700|||||||\u00bb closed_title_font=\u00bb|700|||||||\u00bb global_colors_info=\u00bb{}\u00bb]<\/p>\n<p>La SVCard est\u00e1 equipada con <a href=\"https:\/\/svcard.fr\/es\/la-estructura-de-la-svcard-en-nfc\/\">tecnolog\u00eda NFC<\/a>.<br \/>La SVCard se comunica con los smartphones y env\u00eda informaci\u00f3n sin contacto.<br \/>En el caso de los tel\u00e9fonos inteligentes no equipados con NFC, el c\u00f3digo QR toma el relevo.<\/p>\n<p>[\/et_pb_toggle][et_pb_toggle title=\u00bb\u00bfEs necesaria una aplicaci\u00f3n para la Svcard?\u00bb icon_color=\u00bb#a003a8&#8243; open_icon_color=\u00bb#3395d1&#8243; admin_label=\u00bbFaut-il une application pour la Svcard ?\u00bb _builder_version=\u00bb4.17.3&#8243; _module_preset=\u00bbdefault\u00bb title_font=\u00bb|700|||||||\u00bb closed_title_font=\u00bb|700|||||||\u00bb global_colors_info=\u00bb{}\u00bb]<\/p>\n<p>Pero no hace falta una aplicaci\u00f3n, la SVCard utiliza las funciones nativas de los smartphones Apple o Android.<\/p>\n<p>[\/et_pb_toggle][et_pb_toggle title=\u00bb\u00bfEs segura la Svcard?\u00bb icon_color=\u00bb#a003a8&#8243; open_icon_color=\u00bb#3395d1&#8243; admin_label=\u00bbLa Svcard est elle s\u00e9curis\u00e9e ?\u00bb _builder_version=\u00bb4.17.3&#8243; _module_preset=\u00bbdefault\u00bb title_font=\u00bb|700|||||||\u00bb closed_title_font=\u00bb|700|||||||\u00bb global_colors_info=\u00bb{}\u00bb]<\/p>\n<p>S\u00ed, los datos de su SVCard est\u00e1n protegidos y se almacenan en nuestros servidores seguros en Francia, en OVH, el l\u00edder franc\u00e9s y europeo de la nube.<\/p>\n<p>[\/et_pb_toggle][et_pb_toggle title=\u00bb\u00bfPuedo actualizar mis datos?\u00bb icon_color=\u00bb#a003a8&#8243; open_icon_color=\u00bb#3395d1&#8243; admin_label=\u00bbEst-ce que je peux mettre \u00e0 jour mes informations ?\u00bb _builder_version=\u00bb4.17.3&#8243; _module_preset=\u00bbdefault\u00bb title_font=\u00bb|700|||||||\u00bb closed_title_font=\u00bb|700|||||||\u00bb global_colors_info=\u00bb{}\u00bb]<\/p>\n<p>S\u00ed, por supuesto, tienes tu propio espacio seguro y puedes modificar tu informaci\u00f3n a voluntad y sin l\u00edmite.<\/p>\n<p>[\/et_pb_toggle][et_pb_toggle title=\u00bb\u00bfQu\u00e9 pasa con la impresi\u00f3n de mi logotipo en mi Svcard?\u00bb icon_color=\u00bb#a003a8&#8243; open_icon_color=\u00bb#3395d1&#8243; admin_label=\u00bbEt pour l&#8217;impression de mon logo sur ma Svcard ?\u00bb _builder_version=\u00bb4.17.3&#8243; _module_preset=\u00bbdefault\u00bb title_font=\u00bb|700|||||||\u00bb closed_title_font=\u00bb|700|||||||\u00bb global_colors_info=\u00bb{}\u00bb]<\/p>\n<p>Que no cunda el p\u00e1nico, ofrecemos 2 soluciones:<\/p>\n<ul>\n<li>O podemos proporcionarle plantillas y usted puede proporcionarnos su dise\u00f1o<\/li>\n<li>O simplemente env\u00edenos su logotipo y nosotros nos encargaremos del resto.<\/li>\n<\/ul>\n<p>[\/et_pb_toggle][\/et_pb_column][et_pb_column type=\u00bb1_2&#8243; specialty_columns=\u00bb2&#8243; _builder_version=\u00bb4.16&#8243; custom_padding=\u00bb|||\u00bb global_colors_info=\u00bb{}\u00bb custom_padding__hover=\u00bb|||\u00bb][et_pb_row_inner _builder_version=\u00bb4.16&#8243; _module_preset=\u00bbdefault\u00bb global_colors_info=\u00bb{}\u00bb][et_pb_column_inner saved_specialty_column_type=\u00bb1_2&#8243; _builder_version=\u00bb4.16&#8243; _module_preset=\u00bbdefault\u00bb global_colors_info=\u00bb{}\u00bb][et_pb_text _builder_version=\u00bb4.19.1&#8243; _module_preset=\u00bbdefault\u00bb global_colors_info=\u00bb{}\u00bb]<\/p>\n<h2 style=\"text-align: center;\"><strong><span style=\"color: #808080;\">SVCard<\/span><\/strong><\/h2>\n<p>[\/et_pb_text][\/et_pb_column_inner][\/et_pb_row_inner][et_pb_row_inner column_structure=\u00bb1_3,1_3,1_3&#8243; _builder_version=\u00bb4.16&#8243; _module_preset=\u00bbdefault\u00bb global_colors_info=\u00bb{}\u00bb][et_pb_column_inner type=\u00bb1_3&#8243; saved_specialty_column_type=\u00bb1_2&#8243; _builder_version=\u00bb4.16&#8243; _module_preset=\u00bbdefault\u00bb global_colors_info=\u00bb{}\u00bb][et_pb_image src=\u00bbhttps:\/\/svcard.fr\/wp-content\/uploads\/2022\/10\/SVCard-NFC-pvc-blanc-couleur-fr-tr-v3-04.png\u00bb alt=\u00bbSVCard NFC en PVC blanco\u00bb title_text=\u00bbSVCard NFC en PVC blanco\u00bb url=\u00bbhttps:\/\/svcard.fr\/es\/?page_id=8161&#8243; align=\u00bbcenter\u00bb admin_label=\u00bbImage Svcard en PVC\u00bb _builder_version=\u00bb4.19.1&#8243; _module_preset=\u00bbdefault\u00bb global_colors_info=\u00bb{}\u00bb][\/et_pb_image][et_pb_text admin_label=\u00bbTexte SVCARD EN PVC\u00bb _builder_version=\u00bb4.19.1&#8243; _module_preset=\u00bbdefault\u00bb link_option_url=\u00bbhttps:\/\/svcard.fr\/es\/?page_id=8161&#8243; global_colors_info=\u00bb{}\u00bb]<\/p>\n<h5 style=\"text-align: center;\"><span style=\"color: #808080;\"><strong>Tarjeta SVCard en PVC<\/strong><\/span><\/h5>\n<p>[\/et_pb_text][\/et_pb_column_inner][et_pb_column_inner type=\u00bb1_3&#8243; saved_specialty_column_type=\u00bb1_2&#8243; _builder_version=\u00bb4.16&#8243; _module_preset=\u00bbdefault\u00bb global_colors_info=\u00bb{}\u00bb][et_pb_image src=\u00bbhttps:\/\/svcard.fr\/wp-content\/uploads\/2022\/10\/SVCard-NFC-bois-cerisier-fr-tr-v3-02.png\u00bb alt=\u00bbSVCard NFC en madera de cerezo\u00bb title_text=\u00bbSVCard NFC en madera de cerezo\u00bb url=\u00bbhttps:\/\/svcard.fr\/es\/productos-svcard-nfc-en-madera\/\u00bb align=\u00bbcenter\u00bb admin_label=\u00bbImage Svcard en Bois\u00bb _builder_version=\u00bb4.19.1&#8243; _module_preset=\u00bbdefault\u00bb global_colors_info=\u00bb{}\u00bb][\/et_pb_image][et_pb_text admin_label=\u00bbTexte SVCARD EN BOIS\u00bb _builder_version=\u00bb4.19.1&#8243; _module_preset=\u00bbdefault\u00bb link_option_url=\u00bbhttps:\/\/svcard.fr\/es\/productos-svcard-nfc-en-madera\/\u00bb global_colors_info=\u00bb{}\u00bb]<\/p>\n<h5 style=\"text-align: center;\"><span style=\"color: #808080;\"><strong>Tarjeta SVCard en madera<\/strong><\/span><\/h5>\n<p>[\/et_pb_text][\/et_pb_column_inner][et_pb_column_inner type=\u00bb1_3&#8243; saved_specialty_column_type=\u00bb1_2&#8243; _builder_version=\u00bb4.16&#8243; _module_preset=\u00bbdefault\u00bb global_colors_info=\u00bb{}\u00bb][et_pb_image src=\u00bbhttps:\/\/svcard.fr\/wp-content\/uploads\/2022\/11\/SVCard-nfc-metal-noir-silver-imp-silver-v3-03.png\u00bb alt=\u00bbSVCard NFC Metal Negro plata\u00bb title_text=\u00bbSVCard NFC Metal Negro plata\u00bb url=\u00bbhttps:\/\/svcard.fr\/es\/produit\/svcard-nfc-metal-silver\/\u00bb align=\u00bbcenter\u00bb admin_label=\u00bbImage Svcard en M\u00e9tal\u00bb _builder_version=\u00bb4.19.1&#8243; _module_preset=\u00bbdefault\u00bb global_colors_info=\u00bb{}\u00bb][\/et_pb_image][et_pb_text admin_label=\u00bbTexte SVCARD EN METAL\u00bb _builder_version=\u00bb4.19.1&#8243; _module_preset=\u00bbdefault\u00bb link_option_url=\u00bbhttps:\/\/svcard.fr\/es\/produit\/svcard-nfc-metal-silver\/\u00bb global_colors_info=\u00bb{}\u00bb]<\/p>\n<h5 style=\"text-align: center;\"><span style=\"color: #808080;\"><strong>SVCard en METAL<\/strong><\/span><\/h5>\n<p>[\/et_pb_text][\/et_pb_column_inner][\/et_pb_row_inner][et_pb_row_inner _builder_version=\u00bb4.16&#8243; _module_preset=\u00bbdefault\u00bb global_colors_info=\u00bb{}\u00bb][et_pb_column_inner saved_specialty_column_type=\u00bb1_2&#8243; _builder_version=\u00bb4.16&#8243; _module_preset=\u00bbdefault\u00bb global_colors_info=\u00bb{}\u00bb][et_pb_text _builder_version=\u00bb4.17.3&#8243; _module_preset=\u00bbdefault\u00bb global_colors_info=\u00bb{}\u00bb]<\/p>\n<h3 style=\"text-align: center;\"><strong><span style=\"color: #808080;\">\u00bfQu\u00e9 tarjeta SVCard ser\u00e1 la suya?<\/span><\/strong><\/h3>\n<p>[\/et_pb_text][et_pb_button button_url=\u00bbhttps:\/\/svcard.fr\/es\/solicitud-de-presupuesto\/\u00bb button_text=\u00bbMe gustar\u00eda recibir mi SVCard\u00bb button_alignment=\u00bbcenter\u00bb admin_label=\u00bbJe souhaite recevoir ma Svcard\u00bb _builder_version=\u00bb4.19.1&#8243; _module_preset=\u00bbdefault\u00bb custom_button=\u00bbon\u00bb button_text_size=\u00bb21px\u00bb button_text_color=\u00bb#a003a8&#8243; button_font=\u00bb|300|||||||\u00bb button_icon=\u00bb&#xf584;||fa||400&#8243; animation_style=\u00bbbounce\u00bb box_shadow_style=\u00bbpreset2&#8243; global_colors_info=\u00bb{}\u00bb][\/et_pb_button][\/et_pb_column_inner][\/et_pb_row_inner][\/et_pb_column][\/et_pb_section]<\/p>\n","protected":false},"excerpt":{"rendered":"<p>\u00bfTiene alguna pregunta sobre la tarjeta SVCard?Tenemos la respuesta.La SVCard est\u00e1 equipada con tecnolog\u00eda NFC.La SVCard se comunica con los smartphones y env\u00eda informaci\u00f3n sin contacto.En el caso de los tel\u00e9fonos inteligentes no equipados con NFC, el c\u00f3digo QR toma el relevo.Pero no hace falta una aplicaci\u00f3n, la SVCard utiliza las funciones nativas de los [&hellip;]<\/p>\n","protected":false},"author":1,"featured_media":0,"parent":0,"menu_order":0,"comment_status":"closed","ping_status":"closed","template":"","meta":{"_seopress_robots_primary_cat":"","_seopress_titles_title":"FAQ - SVCARD","_seopress_titles_desc":"\u00bfTiene alguna pregunta sobre la Svcard?\nTenemos la respuesta","_seopress_robots_index":"","_et_pb_use_builder":"on","_et_pb_old_content":"","_et_gb_content_width":"","footnotes":""},"class_list":["post-3046","page","type-page","status-publish","hentry"],"_links":{"self":[{"href":"https:\/\/svcard.fr\/es\/wp-json\/wp\/v2\/pages\/3046","targetHints":{"allow":["GET"]}}],"collection":[{"href":"https:\/\/svcard.fr\/es\/wp-json\/wp\/v2\/pages"}],"about":[{"href":"https:\/\/svcard.fr\/es\/wp-json\/wp\/v2\/types\/page"}],"author":[{"embeddable":true,"href":"https:\/\/svcard.fr\/es\/wp-json\/wp\/v2\/users\/1"}],"replies":[{"embeddable":true,"href":"https:\/\/svcard.fr\/es\/wp-json\/wp\/v2\/comments?post=3046"}],"version-history":[{"count":0,"href":"https:\/\/svcard.fr\/es\/wp-json\/wp\/v2\/pages\/3046\/revisions"}],"wp:attachment":[{"href":"https:\/\/svcard.fr\/es\/wp-json\/wp\/v2\/media?parent=3046"}],"curies":[{"name":"wp","href":"https:\/\/api.w.org\/{rel}","templated":true}]}}