{"id":3037,"date":"2022-03-29T12:00:41","date_gmt":"2022-03-29T10:00:41","guid":{"rendered":"https:\/\/svcard.fr\/gtc\/"},"modified":"2022-11-12T14:05:08","modified_gmt":"2022-11-12T13:05:08","slug":"gtc","status":"publish","type":"page","link":"https:\/\/svcard.fr\/es\/gtc\/","title":{"rendered":"GTC"},"content":{"rendered":"<p>[et_pb_section fb_built=\u00bb1&#8243; _builder_version=\u00bb4.15.1&#8243; _module_preset=\u00bbdefault\u00bb global_colors_info=\u00bb{}\u00bb][et_pb_row _builder_version=\u00bb4.15.1&#8243; _module_preset=\u00bbdefault\u00bb global_colors_info=\u00bb{}\u00bb][et_pb_column type=\u00bb4_4&#8243; _builder_version=\u00bb4.15.1&#8243; _module_preset=\u00bbdefault\u00bb global_colors_info=\u00bb{}\u00bb][et_pb_text _builder_version=\u00bb4.15.1&#8243; _module_preset=\u00bbdefault\u00bb hover_enabled=\u00bb0&#8243; global_colors_info=\u00bb{}\u00bb sticky_enabled=\u00bb0&#8243;]<\/p>\n<h1 style=\"text-align: center;\"><span style=\"color: #808080;\"><strong>Condiciones generales de venta<\/strong><\/span><\/h1>\n<ol>\n<li><strong>Identificaci\u00f3n<\/strong><\/li>\n<li><strong>Aceptaci\u00f3n de las condiciones<\/strong><\/li>\n<li><strong>  Pedir<\/strong><\/li>\n<li><strong>  Premios<\/strong><\/li>\n<li><strong>  Pago<\/strong><\/li>\n<li><strong>  Forma de pago<\/strong><\/li>\n<li><strong>  Entrega<\/strong><\/li>\n<li><strong>Retirada y reclamaciones<\/strong><\/li>\n<li><strong>Asegurar las transacciones<\/strong><\/li>\n<li><strong>Garant\u00eda<\/strong><\/li>\n<li><strong>Propiedad Intelectual<\/strong><\/li>\n<li><strong>Informaci\u00f3n personal, nominativa o privada<\/strong><\/li>\n<li><strong>Legislaci\u00f3n aplicable<\/strong><\/li>\n<\/ol>\n<p><strong> <\/strong><\/p>\n<p><strong>1. Identificaci\u00f3n<\/strong><\/p>\n<p>El sitio SVCARD.fr es propiedad de la empresa BANDIT BANDIT, con domicilio social en 33 rue Pergol\u00e8se 75116 Par\u00eds, Francia, en su totalidad, as\u00ed como todos los derechos relacionados.<\/p>\n<p>Cualquier reproducci\u00f3n, total o parcial, est\u00e1 sistem\u00e1ticamente sujeta a la autorizaci\u00f3n de los propietarios. No obstante, se permiten los enlaces de hipertexto al sitio sin necesidad de solicitarlo expresamente.<\/p>\n<p><strong>2. Aceptaci\u00f3n de las condiciones<\/strong><\/p>\n<p>El cliente reconoce haber le\u00eddo, en el momento de realizar el pedido, las condiciones particulares de venta expuestas en esta pantalla y declara expresamente que las acepta sin reservas.<\/p>\n<p>Las presentes condiciones generales de venta rigen las relaciones contractuales entre svcard.fr y su cliente, acept\u00e1ndolas ambas partes sin reservas. Las presentes condiciones generales de venta prevalecer\u00e1n sobre cualquier otra condici\u00f3n que figure en cualquier otro documento, salvo derogaci\u00f3n previa, expresa y escrita.<\/p>\n<p><strong>3. Controlar<\/strong><\/p>\n<p>Si el cliente desea realizar un pedido, primero debe identificarse. Para ello, rellenar\u00e1, seg\u00fan la informaci\u00f3n que se le facilite en l\u00ednea, un formulario puesto a su disposici\u00f3n en el que facilitar\u00e1 la informaci\u00f3n necesaria para su identificaci\u00f3n y, en particular, sus apellidos, nombres, n\u00famero de tel\u00e9fono, direcci\u00f3n postal y electr\u00f3nica y direcci\u00f3n de facturaci\u00f3n y entrega. Toda la informaci\u00f3n se presenta al cliente en franc\u00e9s.<\/p>\n<p>El cliente que haya elegido los productos presentados, validar\u00e1 definitivamente su pedido haciendo clic en el bot\u00f3n \u00abValidar el pedido\u00bb para manifestar su compromiso y su aceptaci\u00f3n de las Condiciones Generales de Venta. A partir de ese momento, el pedido queda registrado y se comunica al cliente un n\u00famero de pedido y una confirmaci\u00f3n en la pantalla y\/o por correo electr\u00f3nico. Los datos registrados por constituyen una prueba de la naturaleza, el contenido y la fecha del pedido.<\/p>\n<p>Cuando realice su pedido, le informaremos de la disponibilidad de los productos que desea comprar.<\/p>\n<p>No obstante, si, a pesar de nuestra vigilancia, un producto resulta no estar disponible temporalmente despu\u00e9s de su pedido, BANDIT BANDIT le informar\u00e1 por correo electr\u00f3nico o por tel\u00e9fono lo antes posible (en un plazo m\u00e1ximo de cinco d\u00edas) y le invitar\u00e1 a anular o modificar su pedido. Los datos registrados por svcard.fr constituyen la prueba del pedido. Los datos registrados por el sistema de pago constituyen la prueba de las transacciones financieras.<\/p>\n<p>La validaci\u00f3n final del pedido tiene lugar tras la validaci\u00f3n y aceptaci\u00f3n de su pago.<\/p>\n<p>Tras la aceptaci\u00f3n de su pedido, svcard.fr le enviar\u00e1 un correo electr\u00f3nico con un resumen de los productos solicitados, as\u00ed como la informaci\u00f3n de entrega.<\/p>\n<p><strong>4.Precio<\/strong><\/p>\n<p>Los precios de nuestros productos se indican en euros, con todos los impuestos incluidos pero sin los gastos de env\u00edo.<\/p>\n<p>Este precio incluye el precio de los productos, los gastos de manipulaci\u00f3n y embalaje de los mismos.<\/p>\n<p>SVCARD se reserva el derecho de modificar los precios en cualquier momento sin previo aviso.<\/p>\n<p><strong>5. pago<\/strong><\/p>\n<p>El pago de la totalidad del pedido debe ser realizado en el momento del pedido por el comprador. En ning\u00fan momento las cantidades abonadas pueden considerarse como un dep\u00f3sito o un anticipo. Todos los pedidos se pagan en euros. Para pagar su pedido, el comprador dispone de todos los medios de pago mencionados en el formulario de pedido: tarjeta de cr\u00e9dito o Paypal.<\/p>\n<p>El comprador garantiza a svcard.fr que dispone de las autorizaciones necesarias para utilizar el medio de pago que habr\u00e1 elegido, en el momento del registro de la orden de pedido. svcard.fr se reserva el derecho de suspender o anular cualquier pedido y\/o entrega, cualquiera que sea su naturaleza y nivel de ejecuci\u00f3n, en caso de impago de cualquier suma que ser\u00eda debida por el comprador, o en caso de incidente de pago.<\/p>\n<p>Cualquier retraso en el pago conllevar\u00e1 autom\u00e1ticamente, en beneficio de nuestra empresa, una penalizaci\u00f3n por retraso igual a una vez y media el tipo de inter\u00e9s legal vigente en la fecha de vencimiento, incrementado en tres puntos. De acuerdo con la ley desde el 01\/01\/2013, en caso de retraso en el pago, se aplicar\u00e1 una penalizaci\u00f3n igual al doble del tipo de inter\u00e9s vigente, a la que se a\u00f1adir\u00e1 una indemnizaci\u00f3n fija por gastos de cobro. De conformidad con el art\u00edculo 121-II de la ley n\u00b0 2012-387 de 22 de marzo de 2012. Esta asignaci\u00f3n est\u00e1 fijada en 40 euros por el Decreto 2012-1115 de 2 de octubre de 2012. La entrega de cualquier nuevo pedido podr\u00e1 suspenderse en caso de retraso en el pago de un pedido anterior, sin perjuicio de lo dispuesto en el presente documento.<\/p>\n<p><strong>Reserva de propiedad<\/strong><\/p>\n<p>La mercanc\u00eda entregada sigue siendo propiedad del vendedor hasta el pago \u00edntegro del precio. La entrega de letras de cambio o valores que crean una obligaci\u00f3n de pago no constituye un pago.<\/p>\n<p>Sin perjuicio de la reserva de dominio, el comprador asumir\u00e1 el riesgo en caso de p\u00e9rdida o destrucci\u00f3n que se produzca entre la entrega de la mercanc\u00eda y el pago \u00edntegro del precio.<\/p>\n<p><strong>6. M\u00e9todos de liquidaci\u00f3n<\/strong><\/p>\n<p>El pago de un pedido puede hacerse :<\/p>\n<p><strong>Con tarjeta de cr\u00e9dito:<\/strong> (Carte Bleue, Visa, Eurocard, Mastercard aceptadas en Francia)<\/p>\n<p>La validaci\u00f3n del pedido mediante tarjeta de cr\u00e9dito equivale a un mandato de pago del precio del pedido, incluidos todos los impuestos. Gracias al protocolo Mollie, el cliente podr\u00e1 transmitir de forma segura el tipo de tarjeta (Carte Bleue, Visa, Eurocard, Mastercard), el n\u00famero de tarjeta, la fecha de validez y el nombre del titular (nombre tal y como aparece en la tarjeta). En l\u00ednea, SVCARD.co.uk le permite pagar a trav\u00e9s del servidor bancario seguro de Mollie en un entorno seguro.<\/p>\n<p>Su n\u00famero de tarjeta de cr\u00e9dito se dirige por tanto a los servidores de Mollie, que transmiten su pago a nuestro banco en un entorno seguro sin pasar por el servidor de la tienda, una garant\u00eda tanto m\u00e1s importante cuanto que sus n\u00fameros s\u00f3lo son conocidos por nuestro socio bancario.<\/p>\n<p><strong>Mediante PayPal:<\/strong><\/p>\n<p>Utilice su cuenta de PayPal y pague su pedido de forma segura sin revelar ninguna informaci\u00f3n bancaria. Para m\u00e1s informaci\u00f3n, visite <a href=\"https:\/\/www.paypal.com\/\">www.paypal.com<\/a><\/p>\n<p><strong>7. Entrega<\/strong><\/p>\n<p>svcard.co.uk se compromete a enviar en un plazo de 5 d\u00edas laborables cualquier producto en stock tras la aceptaci\u00f3n de su pago.<\/p>\n<p>El plazo de entrega suele ser de 24\/48 horas.<\/p>\n<p>Los gastos de env\u00edo se calculan en funci\u00f3n del transportista seleccionado.<\/p>\n<p>Estos precios incluyen el embalaje, la manipulaci\u00f3n y los gastos de env\u00edo.<\/p>\n<p>Para todos los env\u00edos internacionales. A continuaci\u00f3n, recibir\u00e1 un presupuesto personalizado.<\/p>\n<p>En ning\u00fan caso los retrasos en la entrega debidos a la escasez de productos pueden dar lugar a indemnizaciones y\/o da\u00f1os y perjuicios.<\/p>\n<p>Los gastos de env\u00edo pueden contener una parte fija y otra variable en funci\u00f3n del precio o del peso de su pedido. Le aconsejamos que agrupe sus compras en un solo pedido. No podemos agrupar dos pedidos distintos y tendr\u00e1 que pagar los gastos de env\u00edo de cada uno.<\/p>\n<p>Nuestros contratos con nuestros transportistas no nos permiten enviar a los departamentos y territorios franceses de ultramar en este momento.<\/p>\n<p>En caso de fuerza mayor o de acontecimientos excepcionales (cat\u00e1strofes naturales, epidemias, huelgas, cierres patronales, etc.) que retrasen o proh\u00edban la entrega de las mercanc\u00edas, BANDIT BANDIT quedar\u00e1 exenta de toda responsabilidad.<\/p>\n<p>BANDIT BANDIT no se hace responsable en ning\u00fan caso del incumplimiento de los plazos de entrega anunciados por el propio transportista. Por lo tanto, no se puede solicitar ninguna compensaci\u00f3n o reembolso a BANDIT BANDIT en caso de retraso debido a un fallo exclusivo del transportista.<\/p>\n<p>Su paquete se env\u00eda bajo su propio riesgo, pero se tiene especial cuidado con los art\u00edculos fr\u00e1giles.<\/p>\n<p>Las cajas tienen el tama\u00f1o adecuado y sus art\u00edculos est\u00e1n correctamente protegidos.<\/p>\n<p><strong>8. Retirada y reclamaciones<\/strong><\/p>\n<p>\u00bfSu pedido contiene un producto defectuoso o un art\u00edculo no solicitado?<\/p>\n<p>P\u00f3ngase en contacto con nosotros directamente por correo electr\u00f3nico en info@svcard.fr y explique la situaci\u00f3n.<\/p>\n<p>Se le dar\u00e1 un n\u00famero de RMA para devolver los productos defectuosos.<\/p>\n<p>Tan pronto como recibamos su pedido en nuestras instalaciones, se le enviar\u00e1 un nuevo paquete de sustituci\u00f3n a nuestro cargo.<\/p>\n<p>Los productos personalizados con la informaci\u00f3n proporcionada por usted no se reembolsar\u00e1n<\/p>\n<p><strong>9. Asegurar las transacciones<\/strong><\/p>\n<p>Nuestro sitio web svcard.co.uk utiliza el m\u00f3dulo de pago seguro Mollie.<\/p>\n<p><strong>10. Garant\u00eda<\/strong><\/p>\n<p>Todos los Productos a la venta en el Sitio Web se benefician de la garant\u00eda legal de conformidad (L211-1 y siguientes del C\u00f3digo del Consumidor) y de la garant\u00eda contra los vicios ocultos (art\u00edculos 1641 y siguientes del C\u00f3digo Civil), lo que permite al Usuario devolver los Productos defectuosos o no conformes.<\/p>\n<p>&#8211; <em> Art\u00edculo L211-4 del C\u00f3digo de Consumo franc\u00e9s: <\/em>El vendedor est\u00e1 obligado a entregar los bienes de conformidad con el contrato y es responsable de los defectos de conformidad existentes en el momento de la entrega. Tambi\u00e9n ser\u00e1 responsable de las faltas de conformidad que se deriven del embalaje, de las instrucciones de montaje o de la instalaci\u00f3n, si \u00e9sta ha sido realizada bajo su responsabilidad por el contrato o se ha llevado a cabo bajo su responsabilidad.<\/p>\n<p>&#8211; <em> Art\u00edculo L211-5 del C\u00f3digo del Consumidor: <\/em>Para que los bienes sean conformes con el contrato, deben :<\/p>\n<p>1) Ser apto para la finalidad a la que se destina habitualmente y, en su caso:<\/p>\n<p>corresponder a la descripci\u00f3n dada por el vendedor y tener las cualidades presentadas al comprador en forma de muestra o modelo<\/p>\n<p>Tener las cualidades que un comprador puede esperar leg\u00edtimamente, teniendo en cuenta las declaraciones p\u00fablicas realizadas por el vendedor, el productor o su representante, en particular en la publicidad o el etiquetado;<\/p>\n<p>2) O tener las caracter\u00edsticas definidas de mutuo acuerdo entre las partes o ser apto para cualquier uso especial buscado por el comprador, puesto en conocimiento del vendedor y aceptado por \u00e9ste.<\/p>\n<p>-Art\u00edculo<em>L211-12 del C\u00f3digo del Consumidor<\/em>: La acci\u00f3n resultante de la falta de conformidad prescribe en dos a\u00f1os a partir de la entrega de los bienes.<\/p>\n<p>&#8211;  <em>Art\u00edculo 1641 del C\u00f3digo Civil:  <\/em>El vendedor es responsable de los vicios ocultos de la cosa vendida que la hagan impropia para el uso al que se destina, o que disminuyan de tal manera ese uso que el comprador no la habr\u00eda adquirido, o habr\u00eda pagado un precio inferior por ella, si los hubiera conocido.<\/p>\n<p>&#8211; <em>Art\u00edculo 1648 al 1er del C\u00f3digo Civil: La <\/em>acci\u00f3n derivada de los vicios redhibitorios debe ser ejercida por el comprador en el plazo de dos a\u00f1os desde el descubrimiento del vicio.<\/p>\n<p>El cliente dispone de un plazo de 14 d\u00edas a partir de la fecha de entrega para realizar cualquier reserva o reclamaci\u00f3n por no conformidad o defectos aparentes de los art\u00edculos entregados, por correo electr\u00f3nico a trav\u00e9s del formulario de contacto; o por correo certificado con acuse de recibo a la siguiente direcci\u00f3n BANDIT BANDIT &#8211; Servicio de atenci\u00f3n al cliente, 30 rue Carle H\u00e9bert 92 400 COURBEVOIE.<\/p>\n<p>Transcurrido este plazo y en ausencia de cumplimiento de esta formalidad, los art\u00edculos se considerar\u00e1n conformes y libres de cualquier defecto aparente y ninguna reclamaci\u00f3n podr\u00e1 ser v\u00e1lidamente aceptada por BANDIT BANDIT.<\/p>\n<p>Si se demuestra el defecto aparente o la falta de conformidad del art\u00edculo, BANDIT BANDIT se compromete a sustituir el art\u00edculo o a reembolsar al cliente lo antes posible y a su cargo.<\/p>\n<p>Este reembolso se efectuar\u00e1 en un plazo m\u00e1ximo de 30 d\u00edas.<\/p>\n<p>BANDIT BANDIT no se hace responsable del mal uso y\/o del uso intensivo de los art\u00edculos por parte del cliente.<\/p>\n<p><strong>11. Propiedad Intelectual<\/strong><\/p>\n<p>Todos los textos, comentarios, obras, ilustraciones e im\u00e1genes reproducidos en svcard.fr est\u00e1n reservados por la ley de derechos de autor y propiedad intelectual para todo el mundo. A este respecto, y de acuerdo con las disposiciones del c\u00f3digo de la propiedad intelectual, s\u00f3lo se autoriza la utilizaci\u00f3n para uso privado, sin perjuicio de otras disposiciones, a\u00fan m\u00e1s restrictivas, del c\u00f3digo de la propiedad intelectual. Cualquier reproducci\u00f3n total o parcial del sitio web svcard.fr est\u00e1 estrictamente prohibida sin acuerdo previo.<\/p>\n<p><strong>12. Informaci\u00f3n personal, nominativa o privada<\/strong><\/p>\n<p>Los datos personales recogidos en el marco de la venta a distancia son obligatorios, ya que son indispensables para la tramitaci\u00f3n y la entrega de los pedidos, as\u00ed como para la elaboraci\u00f3n de las facturas y los contratos de garant\u00eda. Si no se facilita esta informaci\u00f3n, el pedido no se validar\u00e1.<\/p>\n<p>De conformidad con la ley \u00abInform\u00e1tica y Libertades\u00bb, el tratamiento de la informaci\u00f3n personal relativa a los clientes ha sido declarado a la Comisi\u00f3n Nacional de Inform\u00e1tica y Libertades (CNIL). El cliente dispone de un derecho de acceso, de modificaci\u00f3n, de rectificaci\u00f3n y de supresi\u00f3n de los datos que le conciernen (art\u00edculo 34 de la ley francesa del 6 de enero de 1978), que puede ejercer escribiendo a BANDIT BANDIT &#8211; Servicio de Atenci\u00f3n al Cliente, 30 rue Carle H\u00e9bert 92 400 COURBEVOIE Francia, indicando su apellido, nombre, direcci\u00f3n, direcci\u00f3n de correo electr\u00f3nico y, si es posible, la referencia del cliente con el fin de acelerar el tratamiento de su solicitud Adem\u00e1s, SVCARD no revelar\u00e1, ni de forma gratuita ni a cambio de un pago, los datos de sus clientes a ning\u00fan tercero.<\/p>\n<p><strong>13 Legislaci\u00f3n aplicable<\/strong><\/p>\n<p>Las Condiciones Generales est\u00e1n sujetas a la legislaci\u00f3n francesa. El lugar de jurisdicci\u00f3n en caso de litigio ser\u00e1 el lugar de residencia del demandado o, a elecci\u00f3n del demandante, el lugar donde se entreg\u00f3 efectivamente el Producto.<\/p>\n<p>El Sitio Web se ajusta a la legislaci\u00f3n francesa y, en ning\u00fan caso, BANDIT BANDIT garantiza el cumplimiento de la legislaci\u00f3n local aplicable cuando se accede al Sitio Web desde otros pa\u00edses.<\/p>\n<p>[\/et_pb_text][\/et_pb_column][\/et_pb_row][\/et_pb_section]<\/p>\n","protected":false},"excerpt":{"rendered":"<p>Condiciones generales de venta Identificaci\u00f3n Aceptaci\u00f3n de las condiciones Pedir Premios Pago Forma de pago Entrega Retirada y reclamaciones Asegurar las transacciones Garant\u00eda Propiedad Intelectual Informaci\u00f3n personal, nominativa o privada Legislaci\u00f3n aplicable 1. Identificaci\u00f3n El sitio SVCARD.fr es propiedad de la empresa BANDIT BANDIT, con domicilio social en 33 rue Pergol\u00e8se 75116 Par\u00eds, Francia, en [&hellip;]<\/p>\n","protected":false},"author":1,"featured_media":0,"parent":0,"menu_order":0,"comment_status":"closed","ping_status":"closed","template":"","meta":{"_seopress_robots_primary_cat":"","_seopress_titles_title":"Condiciones generales de venta","_seopress_titles_desc":"Condiciones generales de Svcard","_seopress_robots_index":"","_et_pb_use_builder":"on","_et_pb_old_content":"","_et_gb_content_width":"","footnotes":""},"class_list":["post-3037","page","type-page","status-publish","hentry"],"_links":{"self":[{"href":"https:\/\/svcard.fr\/es\/wp-json\/wp\/v2\/pages\/3037","targetHints":{"allow":["GET"]}}],"collection":[{"href":"https:\/\/svcard.fr\/es\/wp-json\/wp\/v2\/pages"}],"about":[{"href":"https:\/\/svcard.fr\/es\/wp-json\/wp\/v2\/types\/page"}],"author":[{"embeddable":true,"href":"https:\/\/svcard.fr\/es\/wp-json\/wp\/v2\/users\/1"}],"replies":[{"embeddable":true,"href":"https:\/\/svcard.fr\/es\/wp-json\/wp\/v2\/comments?post=3037"}],"version-history":[{"count":0,"href":"https:\/\/svcard.fr\/es\/wp-json\/wp\/v2\/pages\/3037\/revisions"}],"wp:attachment":[{"href":"https:\/\/svcard.fr\/es\/wp-json\/wp\/v2\/media?parent=3037"}],"curies":[{"name":"wp","href":"https:\/\/api.w.org\/{rel}","templated":true}]}}