{"id":3034,"date":"2022-03-13T17:39:51","date_gmt":"2022-03-13T16:39:51","guid":{"rendered":"https:\/\/svcard.fr\/politica-de-privacidad\/"},"modified":"2022-11-12T14:05:07","modified_gmt":"2022-11-12T13:05:07","slug":"politica-de-privacidad","status":"publish","type":"page","link":"https:\/\/svcard.fr\/es\/politica-de-privacidad\/","title":{"rendered":"Pol\u00edtica de privacidad"},"content":{"rendered":"<p>[et_pb_section fb_built=\u00bb1&#8243; _builder_version=\u00bb4.14.9&#8243; _module_preset=\u00bbdefault\u00bb global_colors_info=\u00bb{}\u00bb][et_pb_row _builder_version=\u00bb4.14.9&#8243; _module_preset=\u00bbdefault\u00bb global_colors_info=\u00bb{}\u00bb][et_pb_column type=\u00bb4_4&#8243; _builder_version=\u00bb4.14.9&#8243; _module_preset=\u00bbdefault\u00bb global_colors_info=\u00bb{}\u00bb][et_pb_text admin_label=\u00bbPolitique de confidentialit\u00e9\u00bb _builder_version=\u00bb4.14.9&#8243; _module_preset=\u00bbdefault\u00bb global_colors_info=\u00bb{}\u00bb]<\/p>\n<h1><span style=\"color: #999999;\"><strong>Pol\u00edtica de privacidad<\/strong><\/span><\/h1>\n<p><span style=\"color: #999999;\">SVCARD.COM concede especial importancia a la privacidad de los usuarios de Internet y se compromete a proteger sus datos personales de acuerdo con la legislaci\u00f3n francesa y europea vigente. No se solicita ning\u00fan dato personal a los visitantes para que puedan consultar el sitio web www.banditbandit.com.<\/span><\/p>\n<p><span style=\"color: #999999;\">Esta pol\u00edtica de privacidad, en lo sucesivo la \u00abPol\u00edtica\u00bb, establece nuestras pr\u00e1cticas en relaci\u00f3n con la informaci\u00f3n que podemos recoger en el Sitio y su uso.<\/span><\/p>\n<p><span style=\"color: #999999;\"><strong>Identidad del controlador<\/strong><\/span><\/p>\n<p><span style=\"color: #999999;\">La empresa BANDIT BANDIT, tal y como se identifica a continuaci\u00f3n, act\u00faa como responsable del tratamiento de los datos personales recogidos en la versi\u00f3n francesa del Sitio:<\/span><\/p>\n<p><span style=\"color: #999999;\">BANDIT BANDIT<\/span><br \/><span style=\"color: #999999;\">Calle Pergol\u00e8se 33<\/span><br \/><span style=\"color: #999999;\">75016 Par\u00eds<\/span><\/p>\n<p><span style=\"color: #999999;\"><strong>Alcance y aceptaci\u00f3n de esta pol\u00edtica<\/strong><\/span><\/p>\n<p><span style=\"color: #999999;\">Esta Pol\u00edtica se aplica \u00fanicamente a la informaci\u00f3n recogida en nuestro Sitio y no se aplica a la informaci\u00f3n recogida de otras fuentes, incluyendo, pero sin limitarse a, Facebook\u00ae, Twitter\u00ae, YouTube\u00ae o cualquier otro sitio o red social de terceros.<\/span><\/p>\n<p><span style=\"color: #999999;\">Al utilizar nuestro Sitio, usted acepta los t\u00e9rminos de esta Pol\u00edtica. Si no est\u00e1 de acuerdo con los t\u00e9rminos de esta pol\u00edtica, no utilice nuestro sitio ni nos env\u00ede informaci\u00f3n personal.<\/span><\/p>\n<p><span style=\"color: #999999;\"><strong>Datos recogidos en nuestro sitio web<\/strong><\/span><\/p>\n<p><span style=\"color: #999999;\">Recogemos y almacenamos determinados datos personales sobre usted (es decir, informaci\u00f3n que le identifica directa o indirectamente), en lo sucesivo denominados \u00abDatos personales\u00bb, s\u00f3lo cuando usted los proporciona voluntariamente en nuestro Sitio.<\/span><\/p>\n<p><span style=\"color: #999999;\">En particular, tratamos su nombre, apellidos, direcci\u00f3n de correo electr\u00f3nico, direcci\u00f3n IP, etc.<\/span><\/p>\n<p><span style=\"color: #999999;\">Podemos pedirle que nos proporcione informaci\u00f3n personal, en particular en los siguientes casos<\/span><\/p>\n<ul>\n<li><span style=\"color: #999999;\">cuando rellena los formularios para ponerse en contacto con nosotros<\/span><\/li>\n<li><span style=\"color: #999999;\">al rellenar los formularios para subir documentos<\/span><\/li>\n<\/ul>\n<p><span style=\"color: #999999;\">Cuando usted navega por nuestro Sitio, SVCARD.COM s\u00f3lo recoger\u00e1 la Informaci\u00f3n Personal que usted nos proporcione voluntariamente, a excepci\u00f3n de ciertos elementos de Informaci\u00f3n Personal que son recogidos autom\u00e1ticamente por los sistemas de informaci\u00f3n y programas utilizados para operar el Sitio y cuya transmisi\u00f3n es inherente al uso de Internet.<\/span><\/p>\n<p><span style=\"color: #999999;\">S\u00f3lo le pediremos la informaci\u00f3n estrictamente necesaria para su participaci\u00f3n en las actividades de nuestro Sitio. A tal efecto, el car\u00e1cter facultativo u obligatorio de los datos personales solicitados se indica mediante un asterisco o cualquier otro medio.<\/span><\/p>\n<p><span style=\"color: #999999;\"><strong>Finalidades de la recogida de datos personales<\/strong><\/span><\/p>\n<p><span style=\"color: #999999;\">Cada formulario del sitio web limita la recogida de datos personales a lo estrictamente necesario e indica sistem\u00e1ticamente :<\/span><\/p>\n<ul>\n<li><span style=\"color: #999999;\">los fines de la recogida de datos personales<\/span><\/li>\n<li><span style=\"color: #999999;\">si los datos son obligatorios u opcionales<\/span><\/li>\n<\/ul>\n<p>&nbsp;<\/p>\n<p><span style=\"color: #999999;\">En ning\u00fan caso SVCARD.COM utilizar\u00e1 esta informaci\u00f3n personal para fines distintos a los expl\u00edcitamente indicados en el formulario y aceptados por el usuario. Asimismo, estos datos personales no podr\u00e1n ser cedidos o transferidos a terceros sin que se mencione expl\u00edcitamente esta posibilidad en el formulario.<\/span><\/p>\n<p><span style=\"color: #999999;\"><strong>Destinatario de los datos personales<\/strong><\/span><\/p>\n<p><span style=\"color: #999999;\">Los datos personales recogidos en nuestro Sitio est\u00e1n destinados a ser utilizados por SVCARD.COM.<\/span><\/p>\n<p><span style=\"color: #999999;\">En su caso, sus Datos Personales podr\u00e1n ser comunicados a nuestros socios comerciales para su propia actividad, de acuerdo con las bases legales aplicables.<\/span><\/p>\n<p><span style=\"color: #999999;\">Por \u00faltimo, SVCARD.COM puede revelar informaci\u00f3n personal a las autoridades policiales o de otro tipo seg\u00fan lo exija la ley.<\/span><\/p>\n<p><span style=\"color: #999999;\"><strong>Vida \u00fatil<\/strong><\/span><\/p>\n<p><span style=\"color: #999999;\">SVCARD.COM conservar\u00e1 sus datos personales durante el tiempo que sea necesario o que exija la legislaci\u00f3n aplicable.<\/span><\/p>\n<p><span style=\"color: #999999;\"><strong>Sus derechos<\/strong><\/span><\/p>\n<p><span style=\"color: #999999;\">De acuerdo con la Ley de Protecci\u00f3n de Datos de 6 de enero de 1978 (art. 34), usted tiene derecho a acceder, modificar, rectificar y eliminar los datos que le conciernen. Para ejercer este derecho, puede ponerse en contacto con el departamento correspondiente de SVCARD.COM por correo electr\u00f3nico en contact@banditbandit.com o por correo postal en la siguiente direcci\u00f3n<\/span><\/p>\n<p><span style=\"color: #999999;\">SVCARD.FR 16 rue Pergol\u00e8se &#8211; 75016 Par\u00eds &#8211; Francia<\/span><\/p>\n<p><span style=\"color: #999999;\">De acuerdo con la normativa vigente, su solicitud debe ir firmada y acompa\u00f1ada de una fotocopia de un documento de identidad con su firma y especificar la direcci\u00f3n a la que debe enviarse la respuesta. Se le enviar\u00e1 una respuesta en un plazo de 2 meses a partir de la recepci\u00f3n de la solicitud.<\/span><\/p>\n<p><span style=\"color: #999999;\"><strong>Seguridad<\/strong><\/span><\/p>\n<p><span style=\"color: #999999;\">La seguridad de su informaci\u00f3n personal es muy importante para nosotros. Los datos personales recogidos en el sitio web www.banditbandit.com se tratan mediante protocolos seguros que limitan considerablemente los riesgos de interceptaci\u00f3n o recuperaci\u00f3n por parte de terceros.<\/span><\/p>\n<p><span style=\"color: #999999;\">Sin embargo, debido a la naturaleza abierta de Internet, no podemos excluir los actos de pirater\u00eda o el acceso no autorizado por parte de terceros. Al continuar utilizando nuestro Sitio, usted acepta estos riesgos.<\/span><\/p>\n<p><span style=\"color: #999999;\">En la medida en que lo permita la legislaci\u00f3n aplicable, no seremos responsables de ning\u00fan da\u00f1o directo o indirecto, p\u00e9rdida o coste, ya sea contractual o extracontractual, incluida la negligencia, que usted pueda sufrir como resultado del acceso no autorizado, la p\u00e9rdida o la alteraci\u00f3n de sus datos personales.<\/span><\/p>\n<p>&nbsp;<\/p>\n<p>[\/et_pb_text][\/et_pb_column][\/et_pb_row][\/et_pb_section]<\/p>\n","protected":false},"excerpt":{"rendered":"<p>Pol\u00edtica de privacidad SVCARD.COM concede especial importancia a la privacidad de los usuarios de Internet y se compromete a proteger sus datos personales de acuerdo con la legislaci\u00f3n francesa y europea vigente. No se solicita ning\u00fan dato personal a los visitantes para que puedan consultar el sitio web www.banditbandit.com. Esta pol\u00edtica de privacidad, en lo [&hellip;]<\/p>\n","protected":false},"author":1,"featured_media":0,"parent":0,"menu_order":0,"comment_status":"closed","ping_status":"closed","template":"","meta":{"_seopress_robots_primary_cat":"","_seopress_titles_title":"","_seopress_titles_desc":"","_seopress_robots_index":"","_et_pb_use_builder":"on","_et_pb_old_content":"","_et_gb_content_width":"","footnotes":""},"class_list":["post-3034","page","type-page","status-publish","hentry"],"_links":{"self":[{"href":"https:\/\/svcard.fr\/es\/wp-json\/wp\/v2\/pages\/3034","targetHints":{"allow":["GET"]}}],"collection":[{"href":"https:\/\/svcard.fr\/es\/wp-json\/wp\/v2\/pages"}],"about":[{"href":"https:\/\/svcard.fr\/es\/wp-json\/wp\/v2\/types\/page"}],"author":[{"embeddable":true,"href":"https:\/\/svcard.fr\/es\/wp-json\/wp\/v2\/users\/1"}],"replies":[{"embeddable":true,"href":"https:\/\/svcard.fr\/es\/wp-json\/wp\/v2\/comments?post=3034"}],"version-history":[{"count":0,"href":"https:\/\/svcard.fr\/es\/wp-json\/wp\/v2\/pages\/3034\/revisions"}],"wp:attachment":[{"href":"https:\/\/svcard.fr\/es\/wp-json\/wp\/v2\/media?parent=3034"}],"curies":[{"name":"wp","href":"https:\/\/api.w.org\/{rel}","templated":true}]}}