{"id":2993,"date":"2022-03-08T23:01:11","date_gmt":"2022-03-08T22:01:11","guid":{"rendered":"https:\/\/svcard.fr\/informacion-legal\/"},"modified":"2022-08-18T10:03:16","modified_gmt":"2022-08-18T08:03:16","slug":"informacion-legal","status":"publish","type":"page","link":"https:\/\/svcard.fr\/es\/informacion-legal\/","title":{"rendered":"Informaci\u00f3n legal"},"content":{"rendered":"<p>[et_pb_section fb_built=\u00bb1&#8243; _builder_version=\u00bb4.14.8&#8243; _module_preset=\u00bbdefault\u00bb global_colors_info=\u00bb{}\u00bb][et_pb_row _builder_version=\u00bb4.14.8&#8243; _module_preset=\u00bbdefault\u00bb global_colors_info=\u00bb{}\u00bb][et_pb_column type=\u00bb4_4&#8243; _builder_version=\u00bb4.14.8&#8243; _module_preset=\u00bbdefault\u00bb global_colors_info=\u00bb{}\u00bb][et_pb_text admin_label=\u00bbTexte Mentions l\u00e9gales\u00bb _builder_version=\u00bb4.14.8&#8243; _module_preset=\u00bbdefault\u00bb hover_enabled=\u00bb0&#8243; global_colors_info=\u00bb{}\u00bb sticky_enabled=\u00bb0&#8243;]<\/p>\n<h2>Informaci\u00f3n legal<\/h2>\n<h4>Identificaci\u00f3n del editor y del anfitri\u00f3n del sitio<\/h4>\n<p>La p\u00e1gina web svcard.fr es editada por BANDIT BANDIT SAS, con un capital de 39.000 euros, sociedad inscrita en el RCS 501738 249 de Par\u00eds con el n\u00famero 50173824900025, cuyo domicilio social se encuentra en 33 rue Pergol\u00e8se 75016 Par\u00eds.<br \/>N\u00famero de IVA intracomunitario: FR90501738249.<br \/>Se puede contactar con BANDIT BANDIT SAS en contact@svcard.fr<\/p>\n<p>El sitio est\u00e1 alojado en OVH, 2 rue Kellerman BP 80157 59053 ROUBAIX Cedex 1. La informaci\u00f3n sobre la recopilaci\u00f3n y el tratamiento de datos personales (pol\u00edtica y declaraci\u00f3n) se proporciona en la pol\u00edtica de datos personales del sitio.<\/p>\n<p>[\/et_pb_text][\/et_pb_column][\/et_pb_row][\/et_pb_section]<\/p>\n","protected":false},"excerpt":{"rendered":"<p>Informaci\u00f3n legal Identificaci\u00f3n del editor y del anfitri\u00f3n del sitio La p\u00e1gina web svcard.fr es editada por BANDIT BANDIT SAS, con un capital de 39.000 euros, sociedad inscrita en el RCS 501738 249 de Par\u00eds con el n\u00famero 50173824900025, cuyo domicilio social se encuentra en 33 rue Pergol\u00e8se 75016 Par\u00eds.N\u00famero de IVA intracomunitario: FR90501738249.Se puede [&hellip;]<\/p>\n","protected":false},"author":1,"featured_media":0,"parent":0,"menu_order":0,"comment_status":"closed","ping_status":"closed","template":"","meta":{"_seopress_robots_primary_cat":"","_seopress_titles_title":"","_seopress_titles_desc":"","_seopress_robots_index":"","_et_pb_use_builder":"on","_et_pb_old_content":"","_et_gb_content_width":"","footnotes":""},"class_list":["post-2993","page","type-page","status-publish","hentry"],"_links":{"self":[{"href":"https:\/\/svcard.fr\/es\/wp-json\/wp\/v2\/pages\/2993","targetHints":{"allow":["GET"]}}],"collection":[{"href":"https:\/\/svcard.fr\/es\/wp-json\/wp\/v2\/pages"}],"about":[{"href":"https:\/\/svcard.fr\/es\/wp-json\/wp\/v2\/types\/page"}],"author":[{"embeddable":true,"href":"https:\/\/svcard.fr\/es\/wp-json\/wp\/v2\/users\/1"}],"replies":[{"embeddable":true,"href":"https:\/\/svcard.fr\/es\/wp-json\/wp\/v2\/comments?post=2993"}],"version-history":[{"count":0,"href":"https:\/\/svcard.fr\/es\/wp-json\/wp\/v2\/pages\/2993\/revisions"}],"wp:attachment":[{"href":"https:\/\/svcard.fr\/es\/wp-json\/wp\/v2\/media?parent=2993"}],"curies":[{"name":"wp","href":"https:\/\/api.w.org\/{rel}","templated":true}]}}