{"id":2879,"date":"2022-03-08T21:40:09","date_gmt":"2022-03-08T20:40:09","guid":{"rendered":"https:\/\/svcard.fr\/tarjeta-svcard-en-madera\/"},"modified":"2023-01-28T14:45:13","modified_gmt":"2023-01-28T13:45:13","slug":"tarjeta-svcard-en-madera","status":"publish","type":"page","link":"https:\/\/svcard.fr\/es\/tarjeta-svcard-en-madera\/","title":{"rendered":"Tarjeta SVCard en madera"},"content":{"rendered":"<p>[et_pb_section fb_built=\u00bb1&#8243; _builder_version=\u00bb4.18.0&#8243; _module_preset=\u00bbdefault\u00bb custom_padding=\u00bb2px||1px|||\u00bb global_colors_info=\u00bb{}\u00bb][et_pb_row _builder_version=\u00bb4.18.0&#8243; _module_preset=\u00bbdefault\u00bb custom_padding=\u00bb0px||2px|||\u00bb global_colors_info=\u00bb{}\u00bb][et_pb_column type=\u00bb4_4&#8243; _builder_version=\u00bb4.18.0&#8243; _module_preset=\u00bbdefault\u00bb global_colors_info=\u00bb{}\u00bb][et_pb_nextend_smart_slider_3 slider=\u00bb24&#8243; _builder_version=\u00bb4.18.0&#8243; _module_preset=\u00bbdefault\u00bb global_colors_info=\u00bb{}\u00bb][\/et_pb_nextend_smart_slider_3][\/et_pb_column][\/et_pb_row][\/et_pb_section][et_pb_section fb_built=\u00bb1&#8243; _builder_version=\u00bb4.18.0&#8243; _module_preset=\u00bbdefault\u00bb custom_padding=\u00bb3px||4px|||\u00bb global_colors_info=\u00bb{}\u00bb][et_pb_row _builder_version=\u00bb4.18.0&#8243; _module_preset=\u00bbdefault\u00bb global_colors_info=\u00bb{}\u00bb][et_pb_column type=\u00bb4_4&#8243; _builder_version=\u00bb4.18.0&#8243; _module_preset=\u00bbdefault\u00bb global_colors_info=\u00bb{}\u00bb][et_pb_text admin_label=\u00bbTitre 5 SVCard en bois\u00bb _builder_version=\u00bb4.18.0&#8243; _module_preset=\u00bbdefault\u00bb global_colors_info=\u00bb{}\u00bb]<\/p>\n<h2 style=\"text-align: center;\"><strong>La SVCard de madera permite elegir entre 5 especies diferentes<\/strong><\/h2>\n<p>[\/et_pb_text][\/et_pb_column][\/et_pb_row][et_pb_row column_structure=\u00bb1_5,1_5,1_5,1_5,1_5&#8243; _builder_version=\u00bb4.18.0&#8243; _module_preset=\u00bbdefault\u00bb global_colors_info=\u00bb{}\u00bb][et_pb_column type=\u00bb1_5&#8243; _builder_version=\u00bb4.18.0&#8243; _module_preset=\u00bbdefault\u00bb global_colors_info=\u00bb{}\u00bb][dsm_image_reveal reveal_text=\u00bbSVCard color madera Avena\u00bb src=\u00bbhttps:\/\/svcard.fr\/wp-content\/uploads\/2022\/06\/SVCard-NFC-bois-avoine-001.jpg\u00bb alt=\u00bbSVCard NFC en madera de avena\u00bb title_text=\u00bbSVCard-NFC-madera-avoine-001&#8243; reveal_overlay_color=\u00bb#eddbc8&#8243; admin_label=\u00bbSVCard bois couleur Avoine\u00bb _builder_version=\u00bb4.18.0&#8243; _module_preset=\u00bbdefault\u00bb background_enable_color=\u00bboff\u00bb global_colors_info=\u00bb{}\u00bb][\/dsm_image_reveal][\/et_pb_column][et_pb_column type=\u00bb1_5&#8243; _builder_version=\u00bb4.18.0&#8243; _module_preset=\u00bbdefault\u00bb global_colors_info=\u00bb{}\u00bb][dsm_image_reveal reveal_text=\u00bbSVCard madera Bamb\u00fa\u00bb src=\u00bbhttps:\/\/svcard.fr\/wp-content\/uploads\/2022\/06\/SVCard-NFC-bois-bamboo-001.jpg\u00bb alt=\u00bbSVCard NFC en madera de bamb\u00fa\u00bb title_text=\u00bbSVCard-NFC-madera-bamb\u00fa-001&#8243; reveal_overlay_color=\u00bb#dbb06b\u00bb admin_label=\u00bbSVCard bois Bamboo\u00bb _builder_version=\u00bb4.18.0&#8243; _module_preset=\u00bbdefault\u00bb background_enable_color=\u00bboff\u00bb global_colors_info=\u00bb{}\u00bb][\/dsm_image_reveal][\/et_pb_column][et_pb_column type=\u00bb1_5&#8243; _builder_version=\u00bb4.18.0&#8243; _module_preset=\u00bbdefault\u00bb global_colors_info=\u00bb{}\u00bb][dsm_image_reveal reveal_text=\u00bbSVCard Madera de cerezo\u00bb src=\u00bbhttps:\/\/svcard.fr\/wp-content\/uploads\/2022\/06\/SVCard-NFC-bois-cerisier-001.jpg\u00bb alt=\u00bbSVCard NFC en madera de cerezo\u00bb title_text=\u00bbSVCard-NFC-madera-cereza-001&#8243; reveal_overlay_color=\u00bb#c07a39&#8243; admin_label=\u00bbSVCard bois Cerisier\u00bb _builder_version=\u00bb4.18.0&#8243; _module_preset=\u00bbdefault\u00bb background_enable_color=\u00bboff\u00bb hover_enabled=\u00bb0&#8243; global_colors_info=\u00bb{}\u00bb sticky_enabled=\u00bb0&#8243;][\/dsm_image_reveal][\/et_pb_column][et_pb_column type=\u00bb1_5&#8243; _builder_version=\u00bb4.18.0&#8243; _module_preset=\u00bbdefault\u00bb global_colors_info=\u00bb{}\u00bb][dsm_image_reveal reveal_text=\u00bbSVCard color madera caoba\u00bb src=\u00bbhttps:\/\/svcard.fr\/wp-content\/uploads\/2022\/06\/SVCard-NFC-bois-acajou-001.jpg\u00bb alt=\u00bbSVCard NFC en madera de caoba\u00bb title_text=\u00bbSVCard-NFC-madera-caoba-001&#8243; reveal_overlay_color=\u00bb#9a4e26&#8243; admin_label=\u00bbSVCard bois Acajou\u00bb _builder_version=\u00bb4.18.0&#8243; _module_preset=\u00bbdefault\u00bb background_enable_color=\u00bboff\u00bb hover_enabled=\u00bb0&#8243; global_colors_info=\u00bb{}\u00bb sticky_enabled=\u00bb0&#8243;][\/dsm_image_reveal][\/et_pb_column][et_pb_column type=\u00bb1_5&#8243; _builder_version=\u00bb4.18.0&#8243; _module_preset=\u00bbdefault\u00bb global_colors_info=\u00bb{}\u00bb][dsm_image_reveal reveal_text=\u00bbSVCard color madera Negro\u00bb src=\u00bbhttps:\/\/svcard.fr\/wp-content\/uploads\/2022\/06\/SVCard-NFC-bois-noir-001.jpg\u00bb alt=\u00bbSVCard NFC en madera, negro\u00bb title_text=\u00bbSVCard-NFC-bois-noir-001&#8243; reveal_overlay_color=\u00bb#000000&#8243; admin_label=\u00bbSVCard bois Acajou\u00bb _builder_version=\u00bb4.18.0&#8243; _module_preset=\u00bbdefault\u00bb background_enable_color=\u00bboff\u00bb hover_enabled=\u00bb0&#8243; global_colors_info=\u00bb{}\u00bb sticky_enabled=\u00bb0&#8243;][\/dsm_image_reveal][\/et_pb_column][\/et_pb_row][\/et_pb_section][et_pb_section fb_built=\u00bb1&#8243; specialty=\u00bbon\u00bb _builder_version=\u00bb4.18.0&#8243; _module_preset=\u00bbdefault\u00bb background_color=\u00bbrgba(51,149,209,0.1)\u00bb custom_padding=\u00bb17px||8px|||\u00bb global_colors_info=\u00bb{}\u00bb][et_pb_column type=\u00bb1_2&#8243; _builder_version=\u00bb4.16&#8243; custom_padding=\u00bb|||\u00bb global_colors_info=\u00bb{}\u00bb custom_padding__hover=\u00bb|||\u00bb][et_pb_code _builder_version=\u00bb4.16&#8243; _module_preset=\u00bbdefault\u00bb module_alignment=\u00bbcenter\u00bb custom_padding=\u00bb7px|||||\u00bb global_colors_info=\u00bb{}\u00bb][\/et_pb_code][et_pb_button button_url=\u00bbhttps:\/\/svcard.fr\/produit\/svcard-nfc-bois\/\u00bb button_text=\u00bbDeseo recibir mi tarjeta SVCard en madera\u00bb button_alignment=\u00bbcenter\u00bb admin_label=\u00bbDemande de devis\u00bb _builder_version=\u00bb4.17.3&#8243; _module_preset=\u00bbdefault\u00bb custom_button=\u00bbon\u00bb button_text_size=\u00bb21px\u00bb button_text_color=\u00bb#a003a8&#8243; button_font=\u00bb|300|||||||\u00bb button_icon=\u00bb&#xf584;||fa||400&#8243; animation_style=\u00bbbounce\u00bb box_shadow_style=\u00bbpreset2&#8243; global_colors_info=\u00bb{}\u00bb][\/et_pb_button][\/et_pb_column][et_pb_column type=\u00bb1_2&#8243; specialty_columns=\u00bb2&#8243; _builder_version=\u00bb4.16&#8243; custom_padding=\u00bb|||\u00bb global_colors_info=\u00bb{}\u00bb custom_padding__hover=\u00bb|||\u00bb][et_pb_row_inner _builder_version=\u00bb4.16&#8243; _module_preset=\u00bbdefault\u00bb global_colors_info=\u00bb{}\u00bb][et_pb_column_inner saved_specialty_column_type=\u00bb1_2&#8243; _builder_version=\u00bb4.16&#8243; _module_preset=\u00bbdefault\u00bb global_colors_info=\u00bb{}\u00bb][et_pb_text admin_label=\u00bbTitre SVCard bois\u00bb _builder_version=\u00bb4.17.3&#8243; _module_preset=\u00bbdefault\u00bb global_colors_info=\u00bb{}\u00bb]<\/p>\n<h1><span style=\"color: #a003a8;\"><strong>SVCard en madera<\/strong><\/span><\/h1>\n<p>[\/et_pb_text][et_pb_text admin_label=\u00bbTexte SVCard standard Bois\u00bb _builder_version=\u00bb4.17.3&#8243; _module_preset=\u00bbdefault\u00bb global_colors_info=\u00bb{}\u00bb]<\/p>\n<h4><strong><span style=\"color: #a003a8;\">Transfiera su informaci\u00f3n en un solo paso:  <\/span><\/strong><\/h4>\n<ul>\n<li><span style=\"color: #000000;\">\u00bfUna feria? Un enlace a la URL de su elecci\u00f3n<\/span><\/li>\n<li><span style=\"color: #000000;\">\u00bfUn evento? Una p\u00e1gina de Instagram<\/span><\/li>\n<li><span style=\"color: #000000;\">\u00bfUn nuevo producto? Un video en youtube<\/span><\/li>\n<li><span style=\"color: #000000;\">\u00bfSu pro\ufb01l? Linkedin<\/span><\/li>\n<\/ul>\n<p><span style=\"color: #000000;\">O, por supuesto, para el diario su tarjeta de visita con la informaci\u00f3n que desee:<\/span><\/p>\n<ul>\n<li><span style=\"color: #000000;\">Foto, Nombre, Apellido, Direcci\u00f3n, Tel\u00e9fono, Cargo, Correo, Twitter, etc&#8230;.<\/span><\/li>\n<\/ul>\n<p style=\"text-align: center;\"><span style=\"color: #a003a8;\"><strong>Gracias a la SVCard, sea m\u00e1s visible, desarrolle su presencia en las redes sociales y comparta sus enlaces con sus clientes y prospectos en un solo clic.<\/strong><\/span><\/p>\n<p>[\/et_pb_text][\/et_pb_column_inner][\/et_pb_row_inner][et_pb_row_inner column_structure=\u00bb1_2,1_2&#8243; _builder_version=\u00bb4.16&#8243; _module_preset=\u00bbdefault\u00bb custom_margin=\u00bb-22px|||||\u00bb custom_padding=\u00bb0px||10px|||\u00bb global_colors_info=\u00bb{}\u00bb][et_pb_column_inner type=\u00bb1_2&#8243; saved_specialty_column_type=\u00bb1_2&#8243; _builder_version=\u00bb4.16&#8243; _module_preset=\u00bbdefault\u00bb global_colors_info=\u00bb{}\u00bb][et_pb_image src=\u00bbhttps:\/\/svcard.fr\/wp-content\/uploads\/2022\/05\/SVCard-bois-005B.jpg\u00bb alt=\u00bbSVCard en madera\u00bb title_text=\u00bbSVCard en madera\u00bb admin_label=\u00bbImage SVCard en Bois\u00bb _builder_version=\u00bb4.17.3&#8243; _module_preset=\u00bbdefault\u00bb global_colors_info=\u00bb{}\u00bb][\/et_pb_image][\/et_pb_column_inner][et_pb_column_inner type=\u00bb1_2&#8243; saved_specialty_column_type=\u00bb1_2&#8243; _builder_version=\u00bb4.16&#8243; _module_preset=\u00bbdefault\u00bb global_colors_info=\u00bb{}\u00bb][et_pb_image src=\u00bbhttps:\/\/svcard.fr\/wp-content\/uploads\/2022\/05\/SVCard-bois-006B.jpg\u00bb alt=\u00bbSVCard en madera\u00bb title_text=\u00bbSVCard en madera\u00bb admin_label=\u00bbImage SVCard en Bois\u00bb _builder_version=\u00bb4.17.3&#8243; _module_preset=\u00bbdefault\u00bb global_colors_info=\u00bb{}\u00bb][\/et_pb_image][\/et_pb_column_inner][\/et_pb_row_inner][\/et_pb_column][\/et_pb_section][et_pb_section fb_built=\u00bb1&#8243; _builder_version=\u00bb4.18.0&#8243; _module_preset=\u00bbdefault\u00bb background_enable_color=\u00bboff\u00bb custom_padding=\u00bb15px||12px|||\u00bb global_colors_info=\u00bb{}\u00bb][et_pb_row column_structure=\u00bb3_5,2_5&#8243; _builder_version=\u00bb4.16&#8243; _module_preset=\u00bbdefault\u00bb custom_padding=\u00bb10px||15px|||\u00bb global_colors_info=\u00bb{}\u00bb][et_pb_column type=\u00bb3_5&#8243; _builder_version=\u00bb4.16&#8243; _module_preset=\u00bbdefault\u00bb global_colors_info=\u00bb{}\u00bb][et_pb_text admin_label=\u00bbTexte personnalisation SVCard en Bois\u00bb _builder_version=\u00bb4.17.3&#8243; _module_preset=\u00bbdefault\u00bb custom_padding=\u00bb24px|||||\u00bb global_colors_info=\u00bb{}\u00bb]<\/p>\n<h2><span style=\"color: #a003a8;\"><strong>Su SVCard de madera es una tarjeta personalizable.<\/strong><\/span><\/h2>\n<p style=\"text-align: justify;\">Podemos personalizar su SVCard de madera a su imagen, respetar\u00e1 fielmente su carta gr\u00e1fica.<br \/>La SVCard de madera puede personalizarse con un grabado l\u00e1ser en ambas caras.<br \/>Antes de imprimir su tarjeta SVCard en Wood, recibir\u00e1 una aprobaci\u00f3n de impresi\u00f3n para validar la misma.<br \/>S\u00f3lo tiene que enviarnos su logotipo o el dise\u00f1o gr\u00e1fico de su SVCard.<\/p>\n<p>[\/et_pb_text][\/et_pb_column][et_pb_column type=\u00bb2_5&#8243; _builder_version=\u00bb4.16&#8243; _module_preset=\u00bbdefault\u00bb global_colors_info=\u00bb{}\u00bb][et_pb_image src=\u00bbhttps:\/\/svcard.fr\/wp-content\/uploads\/2022\/03\/svcard-img-gravure-laser-bois-A.png\u00bb alt=\u00bbGrabado l\u00e1ser en madera Svcard\u00bb title_text=\u00bbGrabado l\u00e1ser en madera Svcard\u00bb _builder_version=\u00bb4.16&#8243; _module_preset=\u00bbdefault\u00bb custom_padding=\u00bb0px||0px|||\u00bb global_colors_info=\u00bb{}\u00bb][\/et_pb_image][\/et_pb_column][\/et_pb_row][\/et_pb_section][et_pb_section fb_built=\u00bb1&#8243; _builder_version=\u00bb4.18.0&#8243; _module_preset=\u00bbdefault\u00bb background_color=\u00bbrgba(51,149,209,0.1)\u00bb custom_padding=\u00bb21px||9px|||\u00bb global_colors_info=\u00bb{}\u00bb][et_pb_row column_structure=\u00bb2_5,3_5&#8243; _builder_version=\u00bb4.16&#8243; _module_preset=\u00bbdefault\u00bb custom_margin=\u00bb-8px|auto||auto||\u00bb custom_padding=\u00bb||13px|||\u00bb global_colors_info=\u00bb{}\u00bb][et_pb_column type=\u00bb2_5&#8243; _builder_version=\u00bb4.16&#8243; _module_preset=\u00bbdefault\u00bb global_colors_info=\u00bb{}\u00bb][et_pb_image src=\u00bbhttps:\/\/svcard.fr\/wp-content\/uploads\/2022\/03\/svcard-img-saisie.png\u00bb alt=\u00bbZona de entrada segura de la Svcard\u00bb title_text=\u00bbZona de entrada segura de la Svcard\u00bb admin_label=\u00bbImage saisie\u00bb _builder_version=\u00bb4.16&#8243; _module_preset=\u00bbdefault\u00bb global_colors_info=\u00bb{}\u00bb][\/et_pb_image][\/et_pb_column][et_pb_column type=\u00bb3_5&#8243; _builder_version=\u00bb4.16&#8243; _module_preset=\u00bbdefault\u00bb global_colors_info=\u00bb{}\u00bb][et_pb_text admin_label=\u00bbTexte saisie\u00bb _builder_version=\u00bb4.17.3&#8243; _module_preset=\u00bbdefault\u00bb custom_padding=\u00bb37px|||||\u00bb global_colors_info=\u00bb{}\u00bb]<\/p>\n<h3><span style=\"color: #a003a8;\"><strong>Personalice su SVCard de madera<\/strong><\/span><\/h3>\n<p>En cuanto reciba su SVCard, podr\u00e1 personalizar completamente su formulario de contacto en l\u00ednea.<br \/>Tendr\u00e1 acceso a una zona segura para conectarse y gestionar su tarjeta SVCard de madera.<br \/>No hay l\u00edmite para los cambios, puedes cambiar toda la informaci\u00f3n como quieras.<\/p>\n<p>[\/et_pb_text][\/et_pb_column][\/et_pb_row][\/et_pb_section][et_pb_section fb_built=\u00bb1&#8243; specialty=\u00bbon\u00bb _builder_version=\u00bb4.18.0&#8243; _module_preset=\u00bbdefault\u00bb background_enable_color=\u00bboff\u00bb custom_padding=\u00bb12px||11px|||\u00bb global_colors_info=\u00bb{}\u00bb][et_pb_column type=\u00bb1_2&#8243; specialty_columns=\u00bb2&#8243; _builder_version=\u00bb4.16&#8243; custom_padding=\u00bb|||\u00bb global_colors_info=\u00bb{}\u00bb custom_padding__hover=\u00bb|||\u00bb][et_pb_row_inner _builder_version=\u00bb4.16&#8243; _module_preset=\u00bbdefault\u00bb custom_padding=\u00bb16px|||||\u00bb global_colors_info=\u00bb{}\u00bb][et_pb_column_inner saved_specialty_column_type=\u00bb1_2&#8243; _builder_version=\u00bb4.16&#8243; _module_preset=\u00bbdefault\u00bb global_colors_info=\u00bb{}\u00bb][et_pb_text _builder_version=\u00bb4.17.3&#8243; _module_preset=\u00bbdefault\u00bb global_colors_info=\u00bb{}\u00bb]<\/p>\n<h2><span style=\"color: #a003a8;\"><strong>Muy f\u00e1cil de usar<\/strong><\/span><\/h2>\n<h5><span style=\"color: #999999;\"><strong>No hace falta una aplicaci\u00f3n, la SVCard funciona con todos los smartphones<\/strong><\/span><\/h5>\n<p>La tarjeta SVCard de madera se utiliza de dos maneras<br \/>Ya sea mediante tecnolog\u00eda NFC o de c\u00f3digo QR.<\/p>\n<p>[\/et_pb_text][\/et_pb_column_inner][\/et_pb_row_inner][et_pb_row_inner column_structure=\u00bb1_2,1_2&#8243; _builder_version=\u00bb4.16&#8243; _module_preset=\u00bbdefault\u00bb custom_margin=\u00bb-23px|||||\u00bb custom_padding=\u00bb||8px|||\u00bb global_colors_info=\u00bb{}\u00bb][et_pb_column_inner type=\u00bb1_2&#8243; saved_specialty_column_type=\u00bb1_2&#8243; _builder_version=\u00bb4.16&#8243; _module_preset=\u00bbdefault\u00bb global_colors_info=\u00bb{}\u00bb][et_pb_text _builder_version=\u00bb4.17.3&#8243; _module_preset=\u00bbdefault\u00bb global_colors_info=\u00bb{}\u00bb]<\/p>\n<h5><strong><span style=\"color: #999999;\">Tecnolog\u00eda NFC<\/span><\/strong><\/h5>\n<p>S\u00f3lo tienes que poner tu Svcard en un smartphone.<br \/>Al abrir la notificaci\u00f3n se puede registrar su Vcard.<\/p>\n<p>[\/et_pb_text][\/et_pb_column_inner][et_pb_column_inner type=\u00bb1_2&#8243; saved_specialty_column_type=\u00bb1_2&#8243; _builder_version=\u00bb4.16&#8243; _module_preset=\u00bbdefault\u00bb global_colors_info=\u00bb{}\u00bb][et_pb_text _builder_version=\u00bb4.17.3&#8243; _module_preset=\u00bbdefault\u00bb global_colors_info=\u00bb{}\u00bb]<\/p>\n<h5><strong><span style=\"color: #999999;\">Por c\u00f3digo QR<\/span><\/strong><\/h5>\n<p style=\"text-align: justify;\">Utilizando la c\u00e1mara de su smartphone, la persona con la que est\u00e1 hablando puede escanear el c\u00f3digo QR que aparece en el reverso de su SVCard de madera.<br \/>Al abrir la notificaci\u00f3n se puede registrar su Vcard.<\/p>\n<p>[\/et_pb_text][\/et_pb_column_inner][\/et_pb_row_inner][et_pb_row_inner _builder_version=\u00bb4.16&#8243; _module_preset=\u00bbdefault\u00bb custom_padding=\u00bb7px|||||\u00bb global_colors_info=\u00bb{}\u00bb][et_pb_column_inner saved_specialty_column_type=\u00bb1_2&#8243; _builder_version=\u00bb4.16&#8243; _module_preset=\u00bbdefault\u00bb global_colors_info=\u00bb{}\u00bb][et_pb_text _builder_version=\u00bb4.17.3&#8243; _module_preset=\u00bbdefault\u00bb global_colors_info=\u00bb{}\u00bb]<\/p>\n<p style=\"text-align: justify;\"><span style=\"color: #999999;\">Si necesita m\u00e1s informaci\u00f3n, nuestra secci\u00f3n <a href=\"https:\/\/svcard.fr\/es\/faq-svcard\/\">de preguntas frecuentes<\/a> est\u00e1 a su disposici\u00f3n o tambi\u00e9n puede ponerse en contacto con nosotros en el +33 1 41 16 39 60 o a trav\u00e9s de <a href=\"https:\/\/svcard.fr\/es\/solicitud-de-presupuesto\/\">contacto<\/a>.<\/span><\/p>\n<p>[\/et_pb_text][\/et_pb_column_inner][\/et_pb_row_inner][\/et_pb_column][et_pb_column type=\u00bb1_4&#8243; _builder_version=\u00bb4.16&#8243; custom_padding=\u00bb|||\u00bb global_colors_info=\u00bb{}\u00bb custom_padding__hover=\u00bb|||\u00bb][et_pb_image src=\u00bbhttps:\/\/svcard.fr\/wp-content\/uploads\/2022\/03\/svcard-img-iphone.png\u00bb alt=\u00bbConexi\u00f3n de la tarjeta Svcard\u00bb title_text=\u00bbConexi\u00f3n de la tarjeta Svcard\u00bb admin_label=\u00bbImage iPhone\u00bb _builder_version=\u00bb4.16&#8243; _module_preset=\u00bbdefault\u00bb custom_margin=\u00bb24px|||||\u00bb global_colors_info=\u00bb{}\u00bb][\/et_pb_image][\/et_pb_column][et_pb_column type=\u00bb1_4&#8243; _builder_version=\u00bb4.16&#8243; custom_padding=\u00bb|||\u00bb global_colors_info=\u00bb{}\u00bb custom_padding__hover=\u00bb|||\u00bb][et_pb_text admin_label=\u00bbTexte Cr\u00e9ation d&#8217;infomation\u00bb _builder_version=\u00bb4.17.3&#8243; _module_preset=\u00bbdefault\u00bb custom_margin=\u00bb||7px|||\u00bb global_colors_info=\u00bb{}\u00bb]<\/p>\n<p><span style=\"color: #808080;\"><span style=\"color: #a003a8;\">\u2666<\/span> Creaci\u00f3n de su informaci\u00f3n para ser transmitida<\/span><br \/><span style=\"color: #808080;\">a trav\u00e9s de la interfaz de usuario segura<\/span><\/p>\n<p>[\/et_pb_text][et_pb_divider _builder_version=\u00bb4.17.3&#8243; _module_preset=\u00bbdefault\u00bb custom_margin=\u00bb||8px|||\u00bb global_colors_info=\u00bb{}\u00bb][\/et_pb_divider][et_pb_text admin_label=\u00bbTexte M \u00e0 J\u00bb _builder_version=\u00bb4.17.3&#8243; _module_preset=\u00bbdefault\u00bb custom_margin=\u00bb||16px|||\u00bb global_colors_info=\u00bb{}\u00bb]<\/p>\n<p><span style=\"color: #808080;\"><span style=\"color: #a003a8;\">\u2666<\/span> Actualiza tus datos sin l\u00edmite<\/span><br \/><span style=\"color: #808080;\">a trav\u00e9s de la interfaz de usuario segura<\/span><\/p>\n<p>[\/et_pb_text][et_pb_divider _builder_version=\u00bb4.16&#8243; _module_preset=\u00bbdefault\u00bb custom_margin=\u00bb||10px|||\u00bb global_colors_info=\u00bb{}\u00bb][\/et_pb_divider][et_pb_text admin_label=\u00bbTexte Partage\u00bb _builder_version=\u00bb4.17.3&#8243; _module_preset=\u00bbdefault\u00bb global_colors_info=\u00bb{}\u00bb]<\/p>\n<p><span style=\"color: #808080;\"><span style=\"color: #a003a8;\">\u2666 Comparte<\/span> tus datos sin l\u00edmites<\/span><br \/><span style=\"color: #808080;\">y aprovechar al m\u00e1ximo la tecnolog\u00eda sin contacto<\/span><\/p>\n<p>[\/et_pb_text][\/et_pb_column][\/et_pb_section]<\/p>\n","protected":false},"excerpt":{"rendered":"<p>La SVCard de madera permite elegir entre 5 especies diferentes[dsm_image_reveal reveal_text=\u00bbSVCard color madera Avena\u00bb src=\u00bbhttps:\/\/svcard.fr\/wp-content\/uploads\/2022\/06\/SVCard-NFC-bois-avoine-001.jpg\u00bb alt=\u00bbSVCard NFC en madera de avena\u00bb title_text=\u00bbSVCard-NFC-madera-avoine-001&#8243; reveal_overlay_color=\u00bb#eddbc8&#8243; admin_label=\u00bbSVCard bois couleur Avoine\u00bb _builder_version=\u00bb4.18.0&#8243; _module_preset=\u00bbdefault\u00bb background_enable_color=\u00bboff\u00bb global_colors_info=\u00bb{}\u00bb][\/dsm_image_reveal][dsm_image_reveal reveal_text=\u00bbSVCard madera Bamb\u00fa\u00bb src=\u00bbhttps:\/\/svcard.fr\/wp-content\/uploads\/2022\/06\/SVCard-NFC-bois-bamboo-001.jpg\u00bb alt=\u00bbSVCard NFC en madera de bamb\u00fa\u00bb title_text=\u00bbSVCard-NFC-madera-bamb\u00fa-001&#8243; reveal_overlay_color=\u00bb#dbb06b\u00bb admin_label=\u00bbSVCard bois Bamboo\u00bb _builder_version=\u00bb4.18.0&#8243; _module_preset=\u00bbdefault\u00bb background_enable_color=\u00bboff\u00bb global_colors_info=\u00bb{}\u00bb][\/dsm_image_reveal][dsm_image_reveal reveal_text=\u00bbSVCard Madera de cerezo\u00bb src=\u00bbhttps:\/\/svcard.fr\/wp-content\/uploads\/2022\/06\/SVCard-NFC-bois-cerisier-001.jpg\u00bb [&hellip;]<\/p>\n","protected":false},"author":1,"featured_media":0,"parent":0,"menu_order":0,"comment_status":"closed","ping_status":"closed","template":"","meta":{"_seopress_robots_primary_cat":"","_seopress_titles_title":"Svcard Madera","_seopress_titles_desc":"Tarjeta de visita virtual Svcard Transfiere tu informaci\u00f3n con tecnolog\u00eda NFC Para que compartas tu informaci\u00f3n sin contacto con los smartphones","_seopress_robots_index":"","_et_pb_use_builder":"on","_et_pb_old_content":"","_et_gb_content_width":"","footnotes":""},"class_list":["post-2879","page","type-page","status-publish","hentry"],"_links":{"self":[{"href":"https:\/\/svcard.fr\/es\/wp-json\/wp\/v2\/pages\/2879","targetHints":{"allow":["GET"]}}],"collection":[{"href":"https:\/\/svcard.fr\/es\/wp-json\/wp\/v2\/pages"}],"about":[{"href":"https:\/\/svcard.fr\/es\/wp-json\/wp\/v2\/types\/page"}],"author":[{"embeddable":true,"href":"https:\/\/svcard.fr\/es\/wp-json\/wp\/v2\/users\/1"}],"replies":[{"embeddable":true,"href":"https:\/\/svcard.fr\/es\/wp-json\/wp\/v2\/comments?post=2879"}],"version-history":[{"count":0,"href":"https:\/\/svcard.fr\/es\/wp-json\/wp\/v2\/pages\/2879\/revisions"}],"wp:attachment":[{"href":"https:\/\/svcard.fr\/es\/wp-json\/wp\/v2\/media?parent=2879"}],"curies":[{"name":"wp","href":"https:\/\/api.w.org\/{rel}","templated":true}]}}