{"id":2873,"date":"2022-03-07T11:10:21","date_gmt":"2022-03-07T10:10:21","guid":{"rendered":"https:\/\/svcard.fr\/productos-svcard\/"},"modified":"2022-11-12T14:05:06","modified_gmt":"2022-11-12T13:05:06","slug":"productos-svcard","status":"publish","type":"page","link":"https:\/\/svcard.fr\/es\/productos-svcard\/","title":{"rendered":"Productos SVCard"},"content":{"rendered":"<p>[et_pb_section fb_built=\u00bb1&#8243; _builder_version=\u00bb4.16&#8243; _module_preset=\u00bbdefault\u00bb background_color=\u00bbRGBA(255,255,255,0)\u00bb custom_padding=\u00bb||8px|||\u00bb global_colors_info=\u00bb{}\u00bb][et_pb_row _builder_version=\u00bb4.16&#8243; _module_preset=\u00bbdefault\u00bb global_colors_info=\u00bb{}\u00bb][et_pb_column type=\u00bb4_4&#8243; _builder_version=\u00bb4.16&#8243; _module_preset=\u00bbdefault\u00bb global_colors_info=\u00bb{}\u00bb][et_pb_text _builder_version=\u00bb4.17.3&#8243; _module_preset=\u00bbdefault\u00bb hover_enabled=\u00bb0&#8243; global_colors_info=\u00bb{}\u00bb sticky_enabled=\u00bb0&#8243;]<\/p>\n<h1 style=\"text-align: center;\"><span style=\"color: #a003a8;\"><strong>Ofrecemos 3 tipos de SVCard<\/strong><\/span><\/h1>\n<p>[\/et_pb_text][\/et_pb_column][\/et_pb_row][et_pb_row column_structure=\u00bb1_3,1_3,1_3&#8243; _builder_version=\u00bb4.16&#8243; _module_preset=\u00bbdefault\u00bb global_colors_info=\u00bb{}\u00bb][et_pb_column type=\u00bb1_3&#8243; _builder_version=\u00bb4.16&#8243; _module_preset=\u00bbdefault\u00bb global_colors_info=\u00bb{}\u00bb][et_pb_image src=\u00bbhttps:\/\/svcard.fr\/wp-content\/uploads\/2022\/05\/SVCard-pvc-noir-blanc-001B.jpg\u00bb alt=\u00bbSVCard PVC\u00bb title_text=\u00bbSVCard PVC\u00bb url=\u00bbhttps:\/\/svcard.fr\/es\/tarjeta-svcard-en-pvc\/\u00bb _builder_version=\u00bb4.17.3&#8243; _module_preset=\u00bbdefault\u00bb hover_enabled=\u00bb0&#8243; global_colors_info=\u00bb{}\u00bb sticky_enabled=\u00bb0&#8243;][\/et_pb_image][et_pb_text admin_label=\u00bbTitre Svcard PVC\u00bb _builder_version=\u00bb4.17.3&#8243; _module_preset=\u00bbdefault\u00bb hover_enabled=\u00bb0&#8243; global_colors_info=\u00bb{}\u00bb sticky_enabled=\u00bb0&#8243;]<\/p>\n<h3><a title=\"SVCARD PVC\" href=\"https:\/\/svcard.fr\/es\/tarjeta-svcard-en-pvc\/\"><span style=\"color: #a003a8;\"><strong>SVCard PVC<\/strong><\/span><\/a><\/h3>\n<p>La soluci\u00f3n m\u00e1s econ\u00f3mica<\/p>\n<p>[\/et_pb_text][et_pb_divider color=\u00bb#0C71C3&#8243; _builder_version=\u00bb4.16&#8243; _module_preset=\u00bbdefault\u00bb global_colors_info=\u00bb{}\u00bb][\/et_pb_divider][et_pb_text admin_label=\u00bbListe fonctions Svcard PVC\u00bb _builder_version=\u00bb4.17.3&#8243; _module_preset=\u00bbdefault\u00bb hover_enabled=\u00bb0&#8243; global_colors_info=\u00bb{}\u00bb sticky_enabled=\u00bb0&#8243;]<\/p>\n<ul>\n<li><span style=\"color: #999999;\">Tarjeta SVCard en PVC<\/span><\/li>\n<li><span style=\"color: #999999;\">Impresi\u00f3n en color<\/span><\/li>\n<li><span style=\"color: #999999;\">Personalizaci\u00f3n en ambas caras<\/span><\/li>\n<li><span style=\"color: #999999;\">Tecnolog\u00eda NFC (sin contacto)<\/span><\/li>\n<li><span style=\"color: #999999;\">Compatible con Apple y Android<\/span><\/li>\n<li><span style=\"color: #999999;\">Fabricaci\u00f3n francesa<\/span><\/li>\n<li><span style=\"color: #999999;\">F\u00e1cil de usar<\/span><\/li>\n<li><span style=\"color: #999999;\">Datos seguros en servidores de Francia<\/span><\/li>\n<\/ul>\n<p>[\/et_pb_text][et_pb_button button_url=\u00bbhttps:\/\/svcard.fr\/es\/tarjeta-svcard-en-pvc\/\u00bb button_text=\u00bbLeer m\u00e1s\u00bb admin_label=\u00bbBouton en savoir +\u00bb _builder_version=\u00bb4.17.3&#8243; _module_preset=\u00bbdefault\u00bb custom_button=\u00bbon\u00bb button_border_width=\u00bb1px\u00bb hover_enabled=\u00bb0&#8243; global_colors_info=\u00bb{}\u00bb sticky_enabled=\u00bb0&#8243;][\/et_pb_button][\/et_pb_column][et_pb_column type=\u00bb1_3&#8243; _builder_version=\u00bb4.16&#8243; _module_preset=\u00bbdefault\u00bb global_colors_info=\u00bb{}\u00bb][et_pb_image src=\u00bbhttps:\/\/svcard.fr\/wp-content\/uploads\/2022\/05\/SVCard-bois-001B.jpg\u00bb alt=\u00bbSVCard en madera\u00bb title_text=\u00bbSVCard en madera\u00bb url=\u00bbhttps:\/\/svcard.fr\/es\/tarjeta-svcard-en-madera\/\u00bb _builder_version=\u00bb4.17.3&#8243; _module_preset=\u00bbdefault\u00bb hover_enabled=\u00bb0&#8243; global_colors_info=\u00bb{}\u00bb sticky_enabled=\u00bb0&#8243;][\/et_pb_image][et_pb_text admin_label=\u00bbTitre Svcard BOIS\u00bb _builder_version=\u00bb4.17.3&#8243; _module_preset=\u00bbdefault\u00bb hover_enabled=\u00bb0&#8243; global_colors_info=\u00bb{}\u00bb sticky_enabled=\u00bb0&#8243;]<\/p>\n<h3><a title=\"Svcard de madera\" href=\"https:\/\/svcard.fr\/es\/tarjeta-svcard-en-madera\/\"><span style=\"color: #a003a8;\"><strong>SVCard Madera<\/strong><\/span><\/a><\/h3>\n<p>La soluci\u00f3n m\u00e1s ecol\u00f3gica<\/p>\n<p>[\/et_pb_text][et_pb_divider color=\u00bb#0C71C3&#8243; _builder_version=\u00bb4.16&#8243; _module_preset=\u00bbdefault\u00bb global_colors_info=\u00bb{}\u00bb][\/et_pb_divider][et_pb_text admin_label=\u00bbListe fonctions Svcard BOIS\u00bb _builder_version=\u00bb4.17.3&#8243; _module_preset=\u00bbdefault\u00bb hover_enabled=\u00bb0&#8243; global_colors_info=\u00bb{}\u00bb sticky_enabled=\u00bb0&#8243;]<\/p>\n<ul>\n<li><span style=\"color: #999999;\">SVCard en madera<\/span><\/li>\n<li><span style=\"color: #999999;\">Grabado por l\u00e1ser<\/span><\/li>\n<li><span style=\"color: #999999;\">Personalizaci\u00f3n en ambas caras<\/span><\/li>\n<li><span style=\"color: #999999;\">Tecnolog\u00eda NFC (sin contacto)<\/span><\/li>\n<li><span style=\"color: #999999;\">Compatible con Apple y Android<\/span><\/li>\n<li><span style=\"color: #999999;\">Fabricaci\u00f3n francesa<\/span><\/li>\n<li><span style=\"color: #999999;\">F\u00e1cil de usar<\/span><\/li>\n<li><span style=\"color: #999999;\">Datos seguros en servidores de Francia<\/span><\/li>\n<\/ul>\n<p>[\/et_pb_text][et_pb_button button_url=\u00bbhttps:\/\/svcard.fr\/es\/tarjeta-svcard-en-madera\/\u00bb button_text=\u00bbLeer m\u00e1s\u00bb admin_label=\u00bbBouton en savoir +\u00bb _builder_version=\u00bb4.16&#8243; _module_preset=\u00bbdefault\u00bb custom_button=\u00bbon\u00bb button_border_width=\u00bb1px\u00bb global_colors_info=\u00bb{}\u00bb][\/et_pb_button][\/et_pb_column][et_pb_column type=\u00bb1_3&#8243; _builder_version=\u00bb4.16&#8243; _module_preset=\u00bbdefault\u00bb global_colors_info=\u00bb{}\u00bb][et_pb_image src=\u00bbhttps:\/\/svcard.fr\/wp-content\/uploads\/2022\/05\/SVCard-metal-001B.jpg\u00bb alt=\u00bbSVCard en metal\u00bb title_text=\u00bbSVCard en metal\u00bb url=\u00bbhttps:\/\/svcard.fr\/es\/svcard-en-metal\/\u00bb _builder_version=\u00bb4.17.3&#8243; _module_preset=\u00bbdefault\u00bb global_colors_info=\u00bb{}\u00bb][\/et_pb_image][et_pb_text admin_label=\u00bbTitre Svcard M\u00c9TAL\u00bb _builder_version=\u00bb4.17.3&#8243; _module_preset=\u00bbdefault\u00bb hover_enabled=\u00bb0&#8243; global_colors_info=\u00bb{}\u00bb sticky_enabled=\u00bb0&#8243;]<\/p>\n<h3><a title=\"Svcard METAL\" href=\"https:\/\/svcard.fr\/es\/svcard-en-metal\/\"><span style=\"color: #a003a8;\"><strong>SVCard METAL<\/strong><\/span><\/a><\/h3>\n<p>La soluci\u00f3n de alta gama<\/p>\n<p>[\/et_pb_text][et_pb_divider color=\u00bb#0C71C3&#8243; _builder_version=\u00bb4.16&#8243; _module_preset=\u00bbdefault\u00bb global_colors_info=\u00bb{}\u00bb][\/et_pb_divider][et_pb_text admin_label=\u00bbListe fonctions Svcard M\u00c9TAL\u00bb _builder_version=\u00bb4.17.3&#8243; _module_preset=\u00bbdefault\u00bb hover_enabled=\u00bb0&#8243; global_colors_info=\u00bb{}\u00bb sticky_enabled=\u00bb0&#8243;]<\/p>\n<ul>\n<li><span style=\"color: #999999;\">SVCard en metal<\/span><\/li>\n<li><span style=\"color: #999999;\">Grabado por l\u00e1ser<\/span><\/li>\n<li><span style=\"color: #999999;\">Personalizaci\u00f3n en ambas caras<\/span><\/li>\n<li><span style=\"color: #999999;\">Tecnolog\u00eda NFC (sin contacto)<\/span><\/li>\n<li><span style=\"color: #999999;\">Compatible con Apple y Android<\/span><\/li>\n<li><span style=\"color: #999999;\">Fabricaci\u00f3n francesa<\/span><\/li>\n<li><span style=\"color: #999999;\">F\u00e1cil de usar<\/span><\/li>\n<li><span style=\"color: #999999;\">Datos seguros en servidores de Francia<\/span><\/li>\n<\/ul>\n<p>[\/et_pb_text][et_pb_button button_url=\u00bbhttps:\/\/svcard.fr\/es\/svcard-en-metal\/\u00bb button_text=\u00bbLeer m\u00e1s\u00bb admin_label=\u00bbBouton en savoir +\u00bb _builder_version=\u00bb4.16&#8243; _module_preset=\u00bbdefault\u00bb custom_button=\u00bbon\u00bb button_border_width=\u00bb1px\u00bb global_colors_info=\u00bb{}\u00bb][\/et_pb_button][\/et_pb_column][\/et_pb_row][\/et_pb_section]<\/p>\n","protected":false},"excerpt":{"rendered":"<p>Ofrecemos 3 tipos de SVCardSVCard PVC La soluci\u00f3n m\u00e1s econ\u00f3mica Tarjeta SVCard en PVC Impresi\u00f3n en color Personalizaci\u00f3n en ambas caras Tecnolog\u00eda NFC (sin contacto) Compatible con Apple y Android Fabricaci\u00f3n francesa F\u00e1cil de usar Datos seguros en servidores de Francia SVCard Madera La soluci\u00f3n m\u00e1s ecol\u00f3gica SVCard en madera Grabado por l\u00e1ser Personalizaci\u00f3n en [&hellip;]<\/p>\n","protected":false},"author":1,"featured_media":0,"parent":0,"menu_order":0,"comment_status":"closed","ping_status":"closed","template":"","meta":{"_seopress_robots_primary_cat":"","_seopress_titles_title":"Producto Svcard - PVC - MADERA - METAL","_seopress_titles_desc":"Tarjeta de visita virtual Svcard Transfiere tu informaci\u00f3n con tecnolog\u00eda NFC Para que compartas tu informaci\u00f3n sin contacto con los smartphones","_seopress_robots_index":"","_et_pb_use_builder":"on","_et_pb_old_content":"","_et_gb_content_width":"","footnotes":""},"class_list":["post-2873","page","type-page","status-publish","hentry"],"_links":{"self":[{"href":"https:\/\/svcard.fr\/es\/wp-json\/wp\/v2\/pages\/2873","targetHints":{"allow":["GET"]}}],"collection":[{"href":"https:\/\/svcard.fr\/es\/wp-json\/wp\/v2\/pages"}],"about":[{"href":"https:\/\/svcard.fr\/es\/wp-json\/wp\/v2\/types\/page"}],"author":[{"embeddable":true,"href":"https:\/\/svcard.fr\/es\/wp-json\/wp\/v2\/users\/1"}],"replies":[{"embeddable":true,"href":"https:\/\/svcard.fr\/es\/wp-json\/wp\/v2\/comments?post=2873"}],"version-history":[{"count":0,"href":"https:\/\/svcard.fr\/es\/wp-json\/wp\/v2\/pages\/2873\/revisions"}],"wp:attachment":[{"href":"https:\/\/svcard.fr\/es\/wp-json\/wp\/v2\/media?parent=2873"}],"curies":[{"name":"wp","href":"https:\/\/api.w.org\/{rel}","templated":true}]}}