{"id":2847,"date":"2022-03-05T16:37:13","date_gmt":"2022-03-05T15:37:13","guid":{"rendered":"https:\/\/svcard.fr\/inicio\/"},"modified":"2023-05-18T15:45:53","modified_gmt":"2023-05-18T13:45:53","slug":"inicio","status":"publish","type":"page","link":"https:\/\/svcard.fr\/es\/inicio\/","title":{"rendered":"Inicio"},"content":{"rendered":"<p>[et_pb_section fb_built=\u00bb1&#8243; _builder_version=\u00bb4.16&#8243; _module_preset=\u00bbdefault\u00bb background_color=\u00bbRGBA(255,255,255,0)\u00bb min_height=\u00bb131px\u00bb custom_padding=\u00bb1px||0px|||\u00bb global_colors_info=\u00bb{}\u00bb][et_pb_row _builder_version=\u00bb4.16&#8243; _module_preset=\u00bbdefault\u00bb background_color=\u00bbRGBA(255,255,255,0)\u00bb custom_padding=\u00bb1px||0px|||\u00bb global_colors_info=\u00bb{}\u00bb][et_pb_column type=\u00bb4_4&#8243; _builder_version=\u00bb4.16&#8243; _module_preset=\u00bbdefault\u00bb global_colors_info=\u00bb{}\u00bb][et_pb_nextend_smart_slider_3 slider=\u00bb19&#8243; admin_label=\u00bbSvcard la carte de visite sans contact\u00bb _builder_version=\u00bb4.18.0&#8243; _module_preset=\u00bbdefault\u00bb global_colors_info=\u00bb{}\u00bb][\/et_pb_nextend_smart_slider_3][\/et_pb_column][\/et_pb_row][\/et_pb_section][et_pb_section fb_built=\u00bb1&#8243; _builder_version=\u00bb4.16&#8243; _module_preset=\u00bbdefault\u00bb background_color=\u00bbrgba(51,149,209,0.1)\u00bb min_height=\u00bb54.9px\u00bb custom_margin=\u00bb-5px|||||\u00bb custom_padding=\u00bb5px||11px|||\u00bb global_colors_info=\u00bb{}\u00bb][et_pb_row column_structure=\u00bb1_2,1_2&#8243; _builder_version=\u00bb4.16&#8243; _module_preset=\u00bbdefault\u00bb background_color=\u00bbRGBA(255,255,255,0)\u00bb custom_margin=\u00bb-5px|auto||auto||\u00bb custom_padding=\u00bb5px||13px|||\u00bb global_colors_info=\u00bb{}\u00bb][et_pb_column type=\u00bb1_2&#8243; _builder_version=\u00bb4.16&#8243; _module_preset=\u00bbdefault\u00bb global_colors_info=\u00bb{}\u00bb][et_pb_text admin_label=\u00bbVotre SVCARD\u00bb _builder_version=\u00bb4.18.0&#8243; _module_preset=\u00bbdefault\u00bb custom_padding=\u00bb43px|||||\u00bb global_colors_info=\u00bb{}\u00bb]<\/p>\n<h1><span style=\"color: #a003a8;\"><strong>SVCard, la nueva tarjeta de visita NFC<\/strong><\/span><\/h1>\n<h4><span style=\"color: #808080;\"><strong>Transfiera su informaci\u00f3n en un solo paso:<\/strong><\/span><\/h4>\n<ul>\n<li>\u00bfUna feria? Un enlace a la URL de su elecci\u00f3n<\/li>\n<li>\u00bfUn evento? Una p\u00e1gina de Instagram<\/li>\n<li>\u00bfUn nuevo producto? Un video en youtube<\/li>\n<li>\u00bfSu pro\ufb01l? Linkedin<\/li>\n<\/ul>\n<p>O, por supuesto, para el diario su tarjeta de visita con la informaci\u00f3n que desee:<\/p>\n<ul>\n<li>Foto, Nombre, Apellido, Direcci\u00f3n, Tel\u00e9fono, Cargo, Correo, Twitter, etc&#8230;.<\/li>\n<\/ul>\n<p>[\/et_pb_text][et_pb_button button_url=\u00bbhttps:\/\/svcard.fr\/es\/solicitud-de-presupuesto\/\u00bb button_text=\u00bbSolicitud de presupuesto\u00bb admin_label=\u00bbBouton Demande de devis\u00bb _builder_version=\u00bb4.16&#8243; _module_preset=\u00bbdefault\u00bb custom_button=\u00bbon\u00bb button_text_color=\u00bb#FFFFFF\u00bb button_bg_color=\u00bb#3395d1&#8243; button_border_width=\u00bb1px\u00bb button_text_shadow_style=\u00bbpreset1&#8243; box_shadow_style=\u00bbpreset3&#8243; global_colors_info=\u00bb{}\u00bb][\/et_pb_button][\/et_pb_column][et_pb_column type=\u00bb1_2&#8243; _builder_version=\u00bb4.16&#8243; _module_preset=\u00bbdefault\u00bb global_colors_info=\u00bb{}\u00bb][et_pb_code _builder_version=\u00bb4.19.0&#8243; _module_preset=\u00bbdefault\u00bb custom_margin=\u00bb36px|||||\u00bb custom_padding=\u00bb0px|10px||3px||\u00bb global_colors_info=\u00bb{}\u00bb][\/et_pb_code][\/et_pb_column][\/et_pb_row][\/et_pb_section][et_pb_section fb_built=\u00bb1&#8243; _builder_version=\u00bb4.16&#8243; _module_preset=\u00bbdefault\u00bb background_color=\u00bbRGBA(255,255,255,0)\u00bb custom_padding=\u00bb17px||8px|||\u00bb global_colors_info=\u00bb{}\u00bb][et_pb_row _builder_version=\u00bb4.16&#8243; _module_preset=\u00bbdefault\u00bb global_colors_info=\u00bb{}\u00bb][et_pb_column type=\u00bb4_4&#8243; _builder_version=\u00bb4.16&#8243; _module_preset=\u00bbdefault\u00bb global_colors_info=\u00bb{}\u00bb][et_pb_text _builder_version=\u00bb4.17.3&#8243; _module_preset=\u00bbdefault\u00bb global_colors_info=\u00bb{}\u00bb]<\/p>\n<h3 style=\"text-align: center;\"><span style=\"color: #808080;\">Gracias a la SVCard, sea m\u00e1s visible, desarrolle su presencia en las redes sociales y comparta sus enlaces con sus clientes y prospectos en un solo clic.<\/span><\/h3>\n<p>[\/et_pb_text][et_pb_text _builder_version=\u00bb4.17.3&#8243; _module_preset=\u00bbdefault\u00bb global_colors_info=\u00bb{}\u00bb]<\/p>\n<h2 style=\"text-align: center;\"><span style=\"color: #a003a8;\"><strong>Ofrecemos 3 tipos de SVCard<\/strong><\/span><\/h2>\n<p>[\/et_pb_text][\/et_pb_column][\/et_pb_row][et_pb_row column_structure=\u00bb1_3,1_3,1_3&#8243; _builder_version=\u00bb4.16&#8243; _module_preset=\u00bbdefault\u00bb global_colors_info=\u00bb{}\u00bb][et_pb_column type=\u00bb1_3&#8243; _builder_version=\u00bb4.16&#8243; _module_preset=\u00bbdefault\u00bb global_colors_info=\u00bb{}\u00bb][et_pb_image src=\u00bbhttps:\/\/svcard.fr\/wp-content\/uploads\/2022\/10\/SVCard-NFC-pvc-blanc-couleur-fr-tr-v3-01.png\u00bb alt=\u00bbSVCard NFC en PVC blanco\u00bb title_text=\u00bbSVCard NFC en PVC blanco\u00bb url=\u00bbhttps:\/\/svcard.fr\/es\/?page_id=8161&#8243; _builder_version=\u00bb4.19.5&#8243; _module_preset=\u00bbdefault\u00bb global_colors_info=\u00bb{}\u00bb][\/et_pb_image][et_pb_text admin_label=\u00bbTitre Svcard Standard\u00bb _builder_version=\u00bb4.17.3&#8243; _module_preset=\u00bbdefault\u00bb global_colors_info=\u00bb{}\u00bb]<\/p>\n<h4><a href=\"https:\/\/svcard.fr\/es\/tarjeta-svcard-en-pvc\/\"><span style=\"color: #a003a8;\"><strong>SVCard PVC<\/strong><\/span><\/a><\/h4>\n<p>La soluci\u00f3n econ\u00f3mica a partir de<strong> 31\u20ac<\/strong> sin IVA.<\/p>\n<p>[\/et_pb_text][et_pb_divider color=\u00bb#0C71C3&#8243; _builder_version=\u00bb4.16&#8243; _module_preset=\u00bbdefault\u00bb global_colors_info=\u00bb{}\u00bb][\/et_pb_divider][et_pb_text admin_label=\u00bbListe fonctions Svcard Standard\u00bb _builder_version=\u00bb4.17.3&#8243; _module_preset=\u00bbdefault\u00bb global_colors_info=\u00bb{}\u00bb]<\/p>\n<ul>\n<li><span style=\"color: #999999;\">Tarjeta SVCard en PVC<\/span><\/li>\n<li><span style=\"color: #999999;\">Impresi\u00f3n en color<\/span><\/li>\n<li><span style=\"color: #999999;\">Personalizaci\u00f3n en ambas caras<\/span><\/li>\n<li><span style=\"color: #999999;\">Tecnolog\u00eda NFC (sin contacto)<\/span><\/li>\n<li><span style=\"color: #999999;\">Compatible con Apple y Android<\/span><\/li>\n<li><span style=\"color: #999999;\">Fabricaci\u00f3n francesa<\/span><\/li>\n<li><span style=\"color: #999999;\">F\u00e1cil de usar<\/span><\/li>\n<li><span style=\"color: #999999;\">Datos seguros en servidores de Francia<\/span><\/li>\n<\/ul>\n<p>[\/et_pb_text][et_pb_button button_url=\u00bbhttps:\/\/svcard.fr\/es\/?page_id=8161&#8243; button_text=\u00bbLeer m\u00e1s\u00bb admin_label=\u00bbBouton en savoir +\u00bb _builder_version=\u00bb4.19.0&#8243; _module_preset=\u00bbdefault\u00bb custom_button=\u00bbon\u00bb button_border_width=\u00bb1px\u00bb global_colors_info=\u00bb{}\u00bb][\/et_pb_button][\/et_pb_column][et_pb_column type=\u00bb1_3&#8243; _builder_version=\u00bb4.16&#8243; _module_preset=\u00bbdefault\u00bb global_colors_info=\u00bb{}\u00bb][et_pb_image src=\u00bbhttps:\/\/svcard.fr\/wp-content\/uploads\/2022\/10\/SVCard-NFC-bois-bamboo-fr-tr-v3-01.png\u00bb alt=\u00bbSVCard NFC en madera de bamb\u00fa\u00bb title_text=\u00bbSVCard NFC en madera de bamb\u00fa\u00bb url=\u00bbhttps:\/\/svcard.fr\/es\/productos-svcard-nfc-en-madera\/\u00bb _builder_version=\u00bb4.19.0&#8243; _module_preset=\u00bbdefault\u00bb global_colors_info=\u00bb{}\u00bb][\/et_pb_image][et_pb_text admin_label=\u00bbTitre Svcard Bois\u00bb _builder_version=\u00bb4.17.3&#8243; _module_preset=\u00bbdefault\u00bb global_colors_info=\u00bb{}\u00bb]<\/p>\n<h4><a href=\"https:\/\/svcard.fr\/es\/tarjeta-svcard-en-madera\/\"><span style=\"color: #a003a8;\"><strong>SVCard Madera<\/strong><\/span><\/a><\/h4>\n<p>La soluci\u00f3n ecol\u00f3gica a partir de <strong>38 \u20ac<\/strong> sin IVA<\/p>\n<p>[\/et_pb_text][et_pb_divider color=\u00bb#0C71C3&#8243; _builder_version=\u00bb4.16&#8243; _module_preset=\u00bbdefault\u00bb global_colors_info=\u00bb{}\u00bb][\/et_pb_divider][et_pb_text admin_label=\u00bbListe fonctions Svcard Bois\u00bb _builder_version=\u00bb4.17.3&#8243; _module_preset=\u00bbdefault\u00bb global_colors_info=\u00bb{}\u00bb]<\/p>\n<ul>\n<li><span style=\"color: #999999;\">SVCard en madera<\/span><\/li>\n<li><span style=\"color: #999999;\">Grabado por l\u00e1ser<\/span><\/li>\n<li><span style=\"color: #999999;\">Personalizaci\u00f3n en ambas caras<\/span><\/li>\n<li><span style=\"color: #999999;\">Tecnolog\u00eda NFC (sin contacto)<\/span><\/li>\n<li><span style=\"color: #999999;\">Compatible con Apple y Android<\/span><\/li>\n<li><span style=\"color: #999999;\">Fabricaci\u00f3n francesa<\/span><\/li>\n<li><span style=\"color: #999999;\">F\u00e1cil de usar<\/span><\/li>\n<li><span style=\"color: #999999;\">Datos seguros en servidores de Francia<\/span><\/li>\n<\/ul>\n<p>[\/et_pb_text][et_pb_button button_url=\u00bbhttps:\/\/svcard.fr\/es\/productos-svcard-nfc-en-madera\/\u00bb button_text=\u00bbLeer m\u00e1s\u00bb admin_label=\u00bbBouton en savoir +\u00bb _builder_version=\u00bb4.19.0&#8243; _module_preset=\u00bbdefault\u00bb custom_button=\u00bbon\u00bb button_border_width=\u00bb1px\u00bb global_colors_info=\u00bb{}\u00bb][\/et_pb_button][\/et_pb_column][et_pb_column type=\u00bb1_3&#8243; _builder_version=\u00bb4.16&#8243; _module_preset=\u00bbdefault\u00bb global_colors_info=\u00bb{}\u00bb][et_pb_image src=\u00bbhttps:\/\/svcard.fr\/wp-content\/uploads\/2022\/11\/SVCard-nfc-metal-noir-silver-imp-silver-v3-01.png\u00bb alt=\u00bbSVCard NFC Metal Negro plata\u00bb title_text=\u00bbSVCard NFC Metal Negro plata\u00bb url=\u00bbhttps:\/\/svcard.fr\/es\/svcard-en-metal\/\u00bb admin_label=\u00bbImage\u00bb _builder_version=\u00bb4.19.0&#8243; _module_preset=\u00bbdefault\u00bb global_colors_info=\u00bb{}\u00bb][\/et_pb_image][et_pb_text admin_label=\u00bbTitre Svcard M\u00e9talique\u00bb _builder_version=\u00bb4.17.3&#8243; _module_preset=\u00bbdefault\u00bb global_colors_info=\u00bb{}\u00bb]<\/p>\n<h4><a href=\"https:\/\/svcard.fr\/es\/svcard-en-metal\/\"><span style=\"color: #a003a8;\"><strong>SVCard METAL<\/strong><\/span><\/a><\/h4>\n<p>La soluci\u00f3n de gama alta a partir de <strong>52 euros<\/strong> sin impuestos.<\/p>\n<p>[\/et_pb_text][et_pb_divider color=\u00bb#0C71C3&#8243; _builder_version=\u00bb4.16&#8243; _module_preset=\u00bbdefault\u00bb global_colors_info=\u00bb{}\u00bb][\/et_pb_divider][et_pb_text admin_label=\u00bbListe fonctions Svcard M\u00e9talique\u00bb _builder_version=\u00bb4.17.3&#8243; _module_preset=\u00bbdefault\u00bb global_colors_info=\u00bb{}\u00bb]<\/p>\n<ul>\n<li><span style=\"color: #999999;\">SVCard en metal<\/span><\/li>\n<li><span style=\"color: #999999;\">Grabado por l\u00e1ser<\/span><\/li>\n<li><span style=\"color: #999999;\">Personalizaci\u00f3n en ambas caras<\/span><\/li>\n<li><span style=\"color: #999999;\">Tecnolog\u00eda NFC (sin contacto)<\/span><\/li>\n<li><span style=\"color: #999999;\">Compatible con Apple y Android<\/span><\/li>\n<li><span style=\"color: #999999;\">Fabricaci\u00f3n francesa<\/span><\/li>\n<li><span style=\"color: #999999;\">F\u00e1cil de usar<\/span><\/li>\n<li><span style=\"color: #999999;\">Datos seguros en servidores de Francia<\/span><\/li>\n<\/ul>\n<p>[\/et_pb_text][et_pb_button button_url=\u00bbhttps:\/\/svcard.fr\/es\/produit\/svcard-nfc-metal-silver\/\u00bb button_text=\u00bbLeer m\u00e1s\u00bb admin_label=\u00bbBouton en savoir +\u00bb _builder_version=\u00bb4.19.0&#8243; _module_preset=\u00bbdefault\u00bb custom_button=\u00bbon\u00bb button_border_width=\u00bb1px\u00bb global_colors_info=\u00bb{}\u00bb][\/et_pb_button][\/et_pb_column][\/et_pb_row][\/et_pb_section][et_pb_section fb_built=\u00bb1&#8243; _builder_version=\u00bb4.16&#8243; _module_preset=\u00bbdefault\u00bb background_color=\u00bbrgba(51,149,209,0.1)\u00bb custom_padding=\u00bb17px||6px|||\u00bb global_colors_info=\u00bb{}\u00bb][et_pb_row _builder_version=\u00bb4.16&#8243; _module_preset=\u00bbdefault\u00bb custom_padding=\u00bb23px|||||\u00bb global_colors_info=\u00bb{}\u00bb][et_pb_column type=\u00bb4_4&#8243; _builder_version=\u00bb4.16&#8243; _module_preset=\u00bbdefault\u00bb global_colors_info=\u00bb{}\u00bb][et_pb_text _builder_version=\u00bb4.17.3&#8243; _module_preset=\u00bbdefault\u00bb global_colors_info=\u00bb{}\u00bb]<\/p>\n<h2 style=\"text-align: center;\"><span style=\"color: #a003a8;\"><strong>Diga s\u00ed a la nueva generaci\u00f3n de tarjetas de visita<\/strong><\/span><\/h2>\n<h3 style=\"text-align: center;\"><span style=\"color: #808080;\"><strong>Con la SVCard estar\u00e1 en la cima de la tecnolog\u00eda<\/strong><\/span><\/h3>\n<p>[\/et_pb_text][\/et_pb_column][\/et_pb_row][et_pb_row column_structure=\u00bb1_3,1_3,1_3&#8243; _builder_version=\u00bb4.16&#8243; _module_preset=\u00bbdefault\u00bb global_colors_info=\u00bb{}\u00bb][et_pb_column type=\u00bb1_3&#8243; _builder_version=\u00bb4.16&#8243; _module_preset=\u00bbdefault\u00bb global_colors_info=\u00bb{}\u00bb][et_pb_image src=\u00bbhttps:\/\/svcard.fr\/wp-content\/uploads\/2022\/03\/svcard-img-eco-a.png\u00bb alt=\u00bbSvcard una tarjeta econ\u00f3mica\u00bb title_text=\u00bbSvcard una tarjeta econ\u00f3mica\u00bb admin_label=\u00bbImage S\u00e9curit\u00e9\u00bb _builder_version=\u00bb4.16&#8243; _module_preset=\u00bbdefault\u00bb global_colors_info=\u00bb{}\u00bb][\/et_pb_image][et_pb_text admin_label=\u00bbTexte S\u00e9curit\u00e9\u00bb _builder_version=\u00bb4.17.3&#8243; _module_preset=\u00bbdefault\u00bb global_colors_info=\u00bb{}\u00bb]<\/p>\n<h4><strong><span style=\"color: #a003a8;\">Una tarjeta econ\u00f3mica<\/span><\/strong><\/h4>\n<p>No es necesario reimprimir las tarjetas por un cambio en los datos de contacto, la SVCard es totalmente modi\ufb01cable. Actualiza tus datos cuando quieras.<\/p>\n<p>[\/et_pb_text][\/et_pb_column][et_pb_column type=\u00bb1_3&#8243; _builder_version=\u00bb4.16&#8243; _module_preset=\u00bbdefault\u00bb global_colors_info=\u00bb{}\u00bb][et_pb_image src=\u00bbhttps:\/\/svcard.fr\/wp-content\/uploads\/2022\/03\/svcard-img-datacenter-a.png\u00bb alt=\u00bbAlmacenamiento de sus datos\u00bb title_text=\u00bbAlmacenamiento de sus datos\u00bb admin_label=\u00bbImage Data Center\u00bb _builder_version=\u00bb4.16&#8243; _module_preset=\u00bbdefault\u00bb global_colors_info=\u00bb{}\u00bb][\/et_pb_image][et_pb_text admin_label=\u00bbTexte Data Center\u00bb _builder_version=\u00bb4.17.3&#8243; _module_preset=\u00bbdefault\u00bb global_colors_info=\u00bb{}\u00bb]<\/p>\n<h4><strong><span style=\"color: #a003a8;\">Almacenamiento de sus datos<\/span><\/strong><\/h4>\n<p>Sus datos se almacenan en Francia en OVH, el l\u00edder franc\u00e9s y europeo de la nube. OVH es una empresa francesa dedicada al alojamiento web y al cloud computing.<\/p>\n<p>[\/et_pb_text][\/et_pb_column][et_pb_column type=\u00bb1_3&#8243; _builder_version=\u00bb4.16&#8243; _module_preset=\u00bbdefault\u00bb global_colors_info=\u00bb{}\u00bb][et_pb_image src=\u00bbhttps:\/\/svcard.fr\/wp-content\/uploads\/2022\/03\/svcard-img-ecologique-a.png\u00bb alt=\u00bbLa Svcard es respetuosa con el medio ambiente\u00bb title_text=\u00bbsvcard-img-ecological-a\u00bb admin_label=\u00bbImage Ecologique\u00bb _builder_version=\u00bb4.16&#8243; _module_preset=\u00bbdefault\u00bb global_colors_info=\u00bb{}\u00bb][\/et_pb_image][et_pb_text admin_label=\u00bbTexte Ecologique\u00bb _builder_version=\u00bb4.17.3&#8243; _module_preset=\u00bbdefault\u00bb global_colors_info=\u00bb{}\u00bb]<\/p>\n<h4><strong><span style=\"color: #a003a8;\">Una soluci\u00f3n ecol\u00f3gica<\/span><\/strong><\/h4>\n<p>Un gesto por la ecolog\u00eda, \u00a1una sola tarjeta de visita impresa una vez! \u00a1Kilos de papel ahorrados!<\/p>\n<p>[\/et_pb_text][\/et_pb_column][\/et_pb_row][\/et_pb_section][et_pb_section fb_built=\u00bb1&#8243; _builder_version=\u00bb4.17.3&#8243; _module_preset=\u00bbdefault\u00bb background_color=\u00bbRGBA(255,255,255,0)\u00bb custom_padding=\u00bb11px||11px|||\u00bb global_colors_info=\u00bb{}\u00bb][et_pb_row _builder_version=\u00bb4.16&#8243; _module_preset=\u00bbdefault\u00bb custom_padding=\u00bb||9px|||\u00bb global_colors_info=\u00bb{}\u00bb][et_pb_column type=\u00bb4_4&#8243; _builder_version=\u00bb4.16&#8243; _module_preset=\u00bbdefault\u00bb global_colors_info=\u00bb{}\u00bb][et_pb_text admin_label=\u00bbTexte Comment \u00e7a fonctionne ?\u00bb _builder_version=\u00bb4.16&#8243; _module_preset=\u00bbdefault\u00bb global_colors_info=\u00bb{}\u00bb]<\/p>\n<h2 style=\"text-align: center;\"><strong><span style=\"color: #a003a8;\">\u00bfC\u00f3mo funciona?<\/span><\/strong><\/h2>\n<p>[\/et_pb_text][\/et_pb_column][\/et_pb_row][\/et_pb_section][et_pb_section fb_built=\u00bb1&#8243; specialty=\u00bbon\u00bb _builder_version=\u00bb4.17.3&#8243; _module_preset=\u00bbdefault\u00bb background_color=\u00bbRGBA(255,255,255,0)\u00bb custom_padding=\u00bb12px||11px|||\u00bb global_colors_info=\u00bb{}\u00bb][et_pb_column type=\u00bb1_2&#8243; specialty_columns=\u00bb2&#8243; _builder_version=\u00bb4.16&#8243; custom_padding=\u00bb|||\u00bb global_colors_info=\u00bb{}\u00bb custom_padding__hover=\u00bb|||\u00bb][et_pb_row_inner _builder_version=\u00bb4.16&#8243; _module_preset=\u00bbdefault\u00bb custom_padding=\u00bb16px|||||\u00bb global_colors_info=\u00bb{}\u00bb][et_pb_column_inner saved_specialty_column_type=\u00bb1_2&#8243; _builder_version=\u00bb4.16&#8243; _module_preset=\u00bbdefault\u00bb global_colors_info=\u00bb{}\u00bb][et_pb_text _builder_version=\u00bb4.17.3&#8243; _module_preset=\u00bbdefault\u00bb global_colors_info=\u00bb{}\u00bb]<\/p>\n<h2><span style=\"color: #a003a8;\"><strong>Muy f\u00e1cil de usar<\/strong><\/span><\/h2>\n<h5><span style=\"color: #a003a8;\">Un simple gesto para intercambiar sus datos<\/span><\/h5>\n<p>No hace falta una aplicaci\u00f3n, la SVCard funciona con el 99% de los smartphones.<br \/>La tarjeta SVCard se utiliza de dos maneras.<br \/>Ya sea mediante la tecnolog\u00eda NFC o\/y el c\u00f3digo QR.<\/p>\n<p>[\/et_pb_text][\/et_pb_column_inner][\/et_pb_row_inner][et_pb_row_inner column_structure=\u00bb1_2,1_2&#8243; _builder_version=\u00bb4.16&#8243; _module_preset=\u00bbdefault\u00bb custom_margin=\u00bb-23px|||||\u00bb custom_padding=\u00bb||8px|||\u00bb global_colors_info=\u00bb{}\u00bb][et_pb_column_inner type=\u00bb1_2&#8243; saved_specialty_column_type=\u00bb1_2&#8243; _builder_version=\u00bb4.16&#8243; _module_preset=\u00bbdefault\u00bb global_colors_info=\u00bb{}\u00bb][et_pb_text _builder_version=\u00bb4.16&#8243; _module_preset=\u00bbdefault\u00bb global_colors_info=\u00bb{}\u00bb]<\/p>\n<h5><strong><span style=\"color: #999999;\">Tecnolog\u00eda NFC<\/span><\/strong><\/h5>\n<ul>\n<li style=\"text-align: left;\">Acerque su SVCard al m\u00f3vil de su contacto.<\/li>\n<li style=\"text-align: left;\">Su contacto abre la noti\ufb01caci\u00f3n.<\/li>\n<\/ul>\n<p style=\"text-align: left;\">Eso es todo, \u00a1sus datos se transmiten!<\/p>\n<p>[\/et_pb_text][\/et_pb_column_inner][et_pb_column_inner type=\u00bb1_2&#8243; saved_specialty_column_type=\u00bb1_2&#8243; _builder_version=\u00bb4.16&#8243; _module_preset=\u00bbdefault\u00bb global_colors_info=\u00bb{}\u00bb][et_pb_text _builder_version=\u00bb4.17.3&#8243; _module_preset=\u00bbdefault\u00bb global_colors_info=\u00bb{}\u00bb]<\/p>\n<h5><strong><span style=\"color: #999999;\">Por c\u00f3digo QR<\/span><\/strong><\/h5>\n<ul>\n<li style=\"text-align: left;\">Su persona de contacto escanea el c\u00f3digo QR en el reverso de su Svcard.<\/li>\n<li style=\"text-align: left;\">Su contacto abre la noti\ufb01caci\u00f3n.<\/li>\n<\/ul>\n<p style=\"text-align: left;\">Eso es todo, \u00a1sus datos se transmiten!<\/p>\n<p>[\/et_pb_text][\/et_pb_column_inner][\/et_pb_row_inner][et_pb_row_inner _builder_version=\u00bb4.16&#8243; _module_preset=\u00bbdefault\u00bb custom_padding=\u00bb7px|||||\u00bb global_colors_info=\u00bb{}\u00bb][et_pb_column_inner saved_specialty_column_type=\u00bb1_2&#8243; _builder_version=\u00bb4.16&#8243; _module_preset=\u00bbdefault\u00bb global_colors_info=\u00bb{}\u00bb][et_pb_text admin_label=\u00bbTexte FAQ\u00bb _builder_version=\u00bb4.16&#8243; _module_preset=\u00bbdefault\u00bb global_colors_info=\u00bb{}\u00bb]<\/p>\n<p style=\"text-align: justify;\"><span style=\"color: #999999;\">Si necesita m\u00e1s informaci\u00f3n, nuestra secci\u00f3n <a href=\"https:\/\/svcard.fr\/es\/faq-svcard\/\">de preguntas frecuentes<\/a> est\u00e1 a su disposici\u00f3n o tambi\u00e9n puede ponerse en contacto con nosotros en el +33 1 41 16 39 60 o a trav\u00e9s de <a href=\"https:\/\/svcard.fr\/es\/solicitud-de-presupuesto\/\">contacto<\/a>.<\/span><\/p>\n<p>[\/et_pb_text][\/et_pb_column_inner][\/et_pb_row_inner][\/et_pb_column][et_pb_column type=\u00bb1_4&#8243; _builder_version=\u00bb4.16&#8243; custom_padding=\u00bb|||\u00bb global_colors_info=\u00bb{}\u00bb custom_padding__hover=\u00bb|||\u00bb][et_pb_image src=\u00bbhttps:\/\/svcard.fr\/wp-content\/uploads\/2022\/03\/svcard-img-iphone.png\u00bb alt=\u00bbConexi\u00f3n de la tarjeta Svcard\u00bb title_text=\u00bbConexi\u00f3n de la tarjeta Svcard\u00bb admin_label=\u00bbImage iPhone\u00bb _builder_version=\u00bb4.16&#8243; _module_preset=\u00bbdefault\u00bb custom_margin=\u00bb24px|||||\u00bb global_colors_info=\u00bb{}\u00bb][\/et_pb_image][\/et_pb_column][et_pb_column type=\u00bb1_4&#8243; _builder_version=\u00bb4.16&#8243; custom_padding=\u00bb|||\u00bb global_colors_info=\u00bb{}\u00bb custom_padding__hover=\u00bb|||\u00bb][et_pb_text admin_label=\u00bbTexte Cr\u00e9ation d&#8217;infomation\u00bb _builder_version=\u00bb4.16&#8243; _module_preset=\u00bbdefault\u00bb custom_margin=\u00bb||7px|||\u00bb global_colors_info=\u00bb{}\u00bb]<\/p>\n<p style=\"text-align: justify;\"><span style=\"color: #808080;\"><span style=\"color: #a003a8;\">\u2666<\/span> Crear su informaci\u00f3n para transmitirla a trav\u00e9s de la interfaz de usuario segura.<\/span><\/p>\n<p>[\/et_pb_text][et_pb_divider _builder_version=\u00bb4.16&#8243; _module_preset=\u00bbdefault\u00bb custom_margin=\u00bb||8px|||\u00bb global_colors_info=\u00bb{}\u00bb][\/et_pb_divider][et_pb_text admin_label=\u00bbTexte M \u00e0 J\u00bb _builder_version=\u00bb4.16&#8243; _module_preset=\u00bbdefault\u00bb custom_margin=\u00bb||16px|||\u00bb global_colors_info=\u00bb{}\u00bb]<\/p>\n<p style=\"text-align: justify;\"><span style=\"color: #808080;\"><span style=\"color: #a003a8;\">\u2666<\/span> Actualiza tus datos sin l\u00edmites a trav\u00e9s de la interfaz de usuario segura.<\/span><\/p>\n<p>[\/et_pb_text][et_pb_divider _builder_version=\u00bb4.16&#8243; _module_preset=\u00bbdefault\u00bb custom_margin=\u00bb||10px|||\u00bb global_colors_info=\u00bb{}\u00bb][\/et_pb_divider][et_pb_text admin_label=\u00bbTexte Partage\u00bb _builder_version=\u00bb4.16&#8243; _module_preset=\u00bbdefault\u00bb global_colors_info=\u00bb{}\u00bb]<\/p>\n<p style=\"text-align: justify;\"><span style=\"color: #808080;\"><span style=\"color: #a003a8;\">\u2666 Comparte<\/span> tus datos sin l\u00edmites y aprovecha al m\u00e1ximo la tecnolog\u00eda sin contacto.<\/span><\/p>\n<p>[\/et_pb_text][\/et_pb_column][\/et_pb_section]<\/p>\n","protected":false},"excerpt":{"rendered":"<p>SVCard, la nueva tarjeta de visita NFC Transfiera su informaci\u00f3n en un solo paso: \u00bfUna feria? Un enlace a la URL de su elecci\u00f3n \u00bfUn evento? Una p\u00e1gina de Instagram \u00bfUn nuevo producto? Un video en youtube \u00bfSu pro\ufb01l? Linkedin O, por supuesto, para el diario su tarjeta de visita con la informaci\u00f3n que desee: [&hellip;]<\/p>\n","protected":false},"author":1,"featured_media":0,"parent":0,"menu_order":0,"comment_status":"closed","ping_status":"closed","template":"","meta":{"_seopress_robots_primary_cat":"","_seopress_titles_title":"SVCard | Su tarjeta de visita NFC sin contacto","_seopress_titles_desc":"Pida sus tarjetas de visita NFC personalizadas para intercambiar informaci\u00f3n al instante. Aumente la visibilidad ante sus clientes","_seopress_robots_index":"","_et_pb_use_builder":"on","_et_pb_old_content":"","_et_gb_content_width":"","footnotes":""},"class_list":["post-2847","page","type-page","status-publish","hentry"],"_links":{"self":[{"href":"https:\/\/svcard.fr\/es\/wp-json\/wp\/v2\/pages\/2847","targetHints":{"allow":["GET"]}}],"collection":[{"href":"https:\/\/svcard.fr\/es\/wp-json\/wp\/v2\/pages"}],"about":[{"href":"https:\/\/svcard.fr\/es\/wp-json\/wp\/v2\/types\/page"}],"author":[{"embeddable":true,"href":"https:\/\/svcard.fr\/es\/wp-json\/wp\/v2\/users\/1"}],"replies":[{"embeddable":true,"href":"https:\/\/svcard.fr\/es\/wp-json\/wp\/v2\/comments?post=2847"}],"version-history":[{"count":0,"href":"https:\/\/svcard.fr\/es\/wp-json\/wp\/v2\/pages\/2847\/revisions"}],"wp:attachment":[{"href":"https:\/\/svcard.fr\/es\/wp-json\/wp\/v2\/media?parent=2847"}],"curies":[{"name":"wp","href":"https:\/\/api.w.org\/{rel}","templated":true}]}}