{"id":2821,"date":"2022-03-06T18:40:28","date_gmt":"2022-03-06T17:40:28","guid":{"rendered":"https:\/\/svcard.fr\/lista-de-smartphones\/"},"modified":"2022-11-12T14:05:21","modified_gmt":"2022-11-12T13:05:21","slug":"lista-de-smartphones","status":"publish","type":"page","link":"https:\/\/svcard.fr\/es\/lista-de-smartphones\/","title":{"rendered":"Lista de smartphones"},"content":{"rendered":"<p>[et_pb_section fb_built=\u00bb1&#8243; _builder_version=\u00bb4.14.8&#8243; _module_preset=\u00bbdefault\u00bb global_colors_info=\u00bb{}\u00bb][et_pb_row _builder_version=\u00bb4.14.8&#8243; _module_preset=\u00bbdefault\u00bb global_colors_info=\u00bb{}\u00bb][et_pb_column type=\u00bb4_4&#8243; _builder_version=\u00bb4.14.8&#8243; _module_preset=\u00bbdefault\u00bb global_colors_info=\u00bb{}\u00bb][et_pb_text admin_label=\u00bbTexte Liste de smartephone compatible\u00bb _builder_version=\u00bb4.14.9&#8243; _module_preset=\u00bbdefault\u00bb global_colors_info=\u00bb{}\u00bb]<\/p>\n<h1 style=\"text-align: center;\"><strong><span style=\"color: #a003a8;\">Lista de smartphones con NFC<\/span><\/strong><\/h1>\n<p>[\/et_pb_text][\/et_pb_column][\/et_pb_row][et_pb_row column_structure=\u00bb1_4,1_4,1_4,1_4&#8243; _builder_version=\u00bb4.14.8&#8243; _module_preset=\u00bbdefault\u00bb global_colors_info=\u00bb{}\u00bb][et_pb_column type=\u00bb1_4&#8243; _builder_version=\u00bb4.14.8&#8243; _module_preset=\u00bbdefault\u00bb global_colors_info=\u00bb{}\u00bb][et_pb_image src=\u00bbhttps:\/\/svcard.fr\/wp-content\/uploads\/2022\/03\/svcard-logo-iphone.png\u00bb alt=\u00bbiPhone\u00bb title_text=\u00bbiPhone\u00bb align=\u00bbcenter\u00bb admin_label=\u00bbImage Apple\u00bb _builder_version=\u00bb4.14.9&#8243; _module_preset=\u00bbdefault\u00bb global_colors_info=\u00bb{}\u00bb][\/et_pb_image][et_pb_divider _builder_version=\u00bb4.14.9&#8243; _module_preset=\u00bbdefault\u00bb global_colors_info=\u00bb{}\u00bb][\/et_pb_divider][et_pb_text admin_label=\u00bbListe Apple\u00bb _builder_version=\u00bb4.14.8&#8243; _module_preset=\u00bbdefault\u00bb global_colors_info=\u00bb{}\u00bb]<\/p>\n<h2 class=\"title\" style=\"text-align: left;\"><span style=\"color: #808080;\"><strong>Manzana<\/strong><\/span><\/h2>\n<ul class=\"models\">\n<li>Los iPhones que se han lanzado desde 2017 incluyen<\/li>\n<li>Serie iPhone 8<\/li>\n<li>Serie iPhone X<\/li>\n<li>iPhone serie 11<\/li>\n<li>Serie iPhone 12<\/li>\n<li>Serie iPhone 13<\/li>\n<li>Serie iPhone SE (2020)<\/li>\n<\/ul>\n<p>[\/et_pb_text][\/et_pb_column][et_pb_column type=\u00bb1_4&#8243; _builder_version=\u00bb4.14.8&#8243; _module_preset=\u00bbdefault\u00bb global_colors_info=\u00bb{}\u00bb][et_pb_image src=\u00bbhttps:\/\/svcard.fr\/wp-content\/uploads\/2022\/03\/svcard-logo-samsung.png\u00bb alt=\u00bbSamsung\u00bb title_text=\u00bbSamsung\u00bb align=\u00bbcenter\u00bb admin_label=\u00bbImage Samsung\u00bb _builder_version=\u00bb4.14.9&#8243; _module_preset=\u00bbdefault\u00bb global_colors_info=\u00bb{}\u00bb][\/et_pb_image][et_pb_divider _builder_version=\u00bb4.14.8&#8243; _module_preset=\u00bbdefault\u00bb global_colors_info=\u00bb{}\u00bb][\/et_pb_divider][et_pb_text admin_label=\u00bbListe Samsung\u00bb _builder_version=\u00bb4.14.9&#8243; _module_preset=\u00bbdefault\u00bb global_colors_info=\u00bb{}\u00bb]<\/p>\n<h2 class=\"title\" style=\"text-align: left;\"><span style=\"color: #808080;\"><strong>Samsung<\/strong><\/span><\/h2>\n<ul class=\"models\">\n<li>Entre los tel\u00e9fonos inteligentes que han salido al mercado desde 2014 se encuentran<\/li>\n<li>Serie S<\/li>\n<li>Serie A<\/li>\n<\/ul>\n<p>[\/et_pb_text][\/et_pb_column][et_pb_column type=\u00bb1_4&#8243; _builder_version=\u00bb4.14.8&#8243; _module_preset=\u00bbdefault\u00bb global_colors_info=\u00bb{}\u00bb][et_pb_image src=\u00bbhttps:\/\/svcard.fr\/wp-content\/uploads\/2022\/03\/svcard-logo-huawei.png\u00bb alt=\u00bbHuawei\u00bb title_text=\u00bbHuawei\u00bb align=\u00bbcenter\u00bb admin_label=\u00bbImage Huawei\u00bb _builder_version=\u00bb4.14.9&#8243; _module_preset=\u00bbdefault\u00bb global_colors_info=\u00bb{}\u00bb][\/et_pb_image][et_pb_divider _builder_version=\u00bb4.14.8&#8243; _module_preset=\u00bbdefault\u00bb global_colors_info=\u00bb{}\u00bb][\/et_pb_divider][et_pb_text admin_label=\u00bbListe Huawei\u00bb _builder_version=\u00bb4.14.9&#8243; _module_preset=\u00bbdefault\u00bb global_colors_info=\u00bb{}\u00bb]<\/p>\n<h2 style=\"text-align: left;\"><span style=\"color: #808080;\"><strong>Huawei<\/strong><\/span><\/h2>\n<ul class=\"models\">\n<li>Entre los smartphones que han salido al mercado desde 2016 se encuentran<\/li>\n<li>Serie P<\/li>\n<\/ul>\n<p>[\/et_pb_text][\/et_pb_column][et_pb_column type=\u00bb1_4&#8243; _builder_version=\u00bb4.14.8&#8243; _module_preset=\u00bbdefault\u00bb global_colors_info=\u00bb{}\u00bb][et_pb_image src=\u00bbhttps:\/\/svcard.fr\/wp-content\/uploads\/2022\/03\/svcard-logo-google.png\u00bb alt=\u00bbGoogle\u00bb title_text=\u00bbGoogle\u00bb align=\u00bbcenter\u00bb admin_label=\u00bbImage Google\u00bb _builder_version=\u00bb4.14.9&#8243; _module_preset=\u00bbdefault\u00bb global_colors_info=\u00bb{}\u00bb][\/et_pb_image][et_pb_divider _builder_version=\u00bb4.14.8&#8243; _module_preset=\u00bbdefault\u00bb global_colors_info=\u00bb{}\u00bb][\/et_pb_divider][et_pb_text admin_label=\u00bbListe Huawei\u00bb _builder_version=\u00bb4.14.9&#8243; _module_preset=\u00bbdefault\u00bb global_colors_info=\u00bb{}\u00bb]<\/p>\n<h2 style=\"text-align: left;\"><span style=\"color: #808080;\"><strong>Google<\/strong><\/span><\/h2>\n<ul class=\"models\">\n<li>Entre los smartphones que han salido al mercado desde 2015 se encuentran<\/li>\n<li>Serie de p\u00edxeles<\/li>\n<li>Serie Nexus<\/li>\n<\/ul>\n<p>[\/et_pb_text][\/et_pb_column][\/et_pb_row][\/et_pb_section]<\/p>\n","protected":false},"excerpt":{"rendered":"<p>Lista de smartphones con NFCManzana Los iPhones que se han lanzado desde 2017 incluyen Serie iPhone 8 Serie iPhone X iPhone serie 11 Serie iPhone 12 Serie iPhone 13 Serie iPhone SE (2020) Samsung Entre los tel\u00e9fonos inteligentes que han salido al mercado desde 2014 se encuentran Serie S Serie A Huawei Entre los smartphones [&hellip;]<\/p>\n","protected":false},"author":1,"featured_media":0,"parent":0,"menu_order":0,"comment_status":"closed","ping_status":"closed","template":"","meta":{"_seopress_robots_primary_cat":"","_seopress_titles_title":"Lista de smartphones compatibles","_seopress_titles_desc":"Tarjeta de visita virtual Svcard Transfiere tu informaci\u00f3n con tecnolog\u00eda NFC Para que compartas tu informaci\u00f3n sin contacto con los smartphones","_seopress_robots_index":"","_et_pb_use_builder":"on","_et_pb_old_content":"","_et_gb_content_width":"","footnotes":""},"class_list":["post-2821","page","type-page","status-publish","hentry"],"_links":{"self":[{"href":"https:\/\/svcard.fr\/es\/wp-json\/wp\/v2\/pages\/2821","targetHints":{"allow":["GET"]}}],"collection":[{"href":"https:\/\/svcard.fr\/es\/wp-json\/wp\/v2\/pages"}],"about":[{"href":"https:\/\/svcard.fr\/es\/wp-json\/wp\/v2\/types\/page"}],"author":[{"embeddable":true,"href":"https:\/\/svcard.fr\/es\/wp-json\/wp\/v2\/users\/1"}],"replies":[{"embeddable":true,"href":"https:\/\/svcard.fr\/es\/wp-json\/wp\/v2\/comments?post=2821"}],"version-history":[{"count":0,"href":"https:\/\/svcard.fr\/es\/wp-json\/wp\/v2\/pages\/2821\/revisions"}],"wp:attachment":[{"href":"https:\/\/svcard.fr\/es\/wp-json\/wp\/v2\/media?parent=2821"}],"curies":[{"name":"wp","href":"https:\/\/api.w.org\/{rel}","templated":true}]}}