{"id":2281,"date":"2022-03-24T16:58:58","date_gmt":"2022-03-24T15:58:58","guid":{"rendered":"https:\/\/svcard.fr\/tienda\/"},"modified":"2023-06-27T10:48:34","modified_gmt":"2023-06-27T08:48:34","slug":"tienda","status":"publish","type":"page","link":"https:\/\/svcard.fr\/es\/tienda\/","title":{"rendered":"La tienda"},"content":{"rendered":"<p>[et_pb_section fb_built=\u00bb1&#8243; _builder_version=\u00bb4.16&#8243; _module_preset=\u00bbdefault\u00bb global_colors_info=\u00bb{}\u00bb][et_pb_row _builder_version=\u00bb4.16&#8243; _module_preset=\u00bbdefault\u00bb global_colors_info=\u00bb{}\u00bb][et_pb_column type=\u00bb4_4&#8243; _builder_version=\u00bb4.16&#8243; _module_preset=\u00bbdefault\u00bb global_colors_info=\u00bb{}\u00bb][et_pb_text _builder_version=\u00bb4.19.4&#8243; _module_preset=\u00bbdefault\u00bb global_colors_info=\u00bb{}\u00bb]<\/p>\n<h1><span style=\"color: #a003a8;\"><strong>La tienda SVCard<\/strong><\/span><\/h1>\n<p>[\/et_pb_text][\/et_pb_column][\/et_pb_row][et_pb_row column_structure=\u00bb1_4,1_4,1_4,1_4&#8243; _builder_version=\u00bb4.16&#8243; _module_preset=\u00bbdefault\u00bb global_colors_info=\u00bb{}\u00bb][et_pb_column type=\u00bb1_4&#8243; _builder_version=\u00bb4.16&#8243; _module_preset=\u00bbdefault\u00bb global_colors_info=\u00bb{}\u00bb][et_pb_wc_title product=\u00bb7618&#8243; _builder_version=\u00bb4.19.4&#8243; _module_preset=\u00bbdefault\u00bb header_font=\u00bb|600|||||||\u00bb header_text_align=\u00bbcenter\u00bb header_text_color=\u00bb#A003A8&#8243; header_font_size=\u00bb18px\u00bb link_option_url=\u00bbhttps:\/\/svcard.fr\/produit\/svcard-nfc-pvc\/\u00bb global_colors_info=\u00bb{}\u00bb][\/et_pb_wc_title][et_pb_wc_gallery product=\u00bb7618&#8243; _builder_version=\u00bb4.19.0&#8243; _module_preset=\u00bbdefault\u00bb animation_style=\u00bbfade\u00bb auto=\u00bbon\u00bb auto_speed=\u00bb5000&#8243; global_colors_info=\u00bb{}\u00bb][\/et_pb_wc_gallery][et_pb_wc_price product=\u00bb7618&#8243; _builder_version=\u00bb4.19.0&#8243; _module_preset=\u00bbdefault\u00bb body_text_color=\u00bb#3395D1&#8243; body_font_size=\u00bb18px\u00bb text_orientation=\u00bbcenter\u00bb module_alignment=\u00bbleft\u00bb link_option_url=\u00bbhttps:\/\/svcard.fr\/produit\/svcard-nfc-pvc\/\u00bb global_colors_info=\u00bb{}\u00bb][\/et_pb_wc_price][et_pb_button button_url=\u00bbhttps:\/\/svcard.fr\/es\/produit\/svcard-nfc-pvc-blanco\/\u00bb button_text=\u00bbLeer m\u00e1s\u00bb button_alignment=\u00bbcenter\u00bb admin_label=\u00bbBouton PVC\u00bb _builder_version=\u00bb4.21.0&#8243; _module_preset=\u00bbdefault\u00bb custom_button=\u00bbon\u00bb button_border_width=\u00bb0px\u00bb button_border_radius=\u00bb0px\u00bb button_icon=\u00bb&#xf580;||fa||400&#8243; hover_enabled=\u00bb0&#8243; global_colors_info=\u00bb{}\u00bb button_bg_use_color_gradient=\u00bbon\u00bb button_text_color=\u00bb#FFFFFF\u00bb sticky_enabled=\u00bb0&#8243;][\/et_pb_button][\/et_pb_column][et_pb_column type=\u00bb1_4&#8243; _builder_version=\u00bb4.16&#8243; _module_preset=\u00bbdefault\u00bb global_colors_info=\u00bb{}\u00bb][et_pb_wc_title product=\u00bb7914&#8243; _builder_version=\u00bb4.19.4&#8243; _module_preset=\u00bbdefault\u00bb header_font=\u00bb|600|||||||\u00bb header_text_align=\u00bbcenter\u00bb header_text_color=\u00bb#A003A8&#8243; header_font_size=\u00bb18px\u00bb link_option_url=\u00bbhttps:\/\/svcard.fr\/produit\/svcard-nfc-pvc\/\u00bb global_colors_info=\u00bb{}\u00bb][\/et_pb_wc_title][et_pb_wc_gallery product=\u00bb7914&#8243; _builder_version=\u00bb4.19.4&#8243; _module_preset=\u00bbdefault\u00bb animation_style=\u00bbfade\u00bb auto=\u00bbon\u00bb auto_speed=\u00bb5000&#8243; global_colors_info=\u00bb{}\u00bb][\/et_pb_wc_gallery][et_pb_wc_price product=\u00bb7914&#8243; _builder_version=\u00bb4.19.4&#8243; _module_preset=\u00bbdefault\u00bb body_text_color=\u00bb#3395D1&#8243; body_font_size=\u00bb18px\u00bb text_orientation=\u00bbcenter\u00bb module_alignment=\u00bbleft\u00bb link_option_url=\u00bbhttps:\/\/svcard.fr\/produit\/svcard-nfc-pvc\/\u00bb global_colors_info=\u00bb{}\u00bb][\/et_pb_wc_price][et_pb_button button_url=\u00bbhttps:\/\/svcard.fr\/es\/produit\/svcard-nfc-pvc-negro\/\u00bb button_text=\u00bbLeer m\u00e1s\u00bb button_alignment=\u00bbcenter\u00bb admin_label=\u00bbBouton PVC\u00bb _builder_version=\u00bb4.21.0&#8243; _module_preset=\u00bbdefault\u00bb custom_button=\u00bbon\u00bb button_border_width=\u00bb0px\u00bb button_border_radius=\u00bb0px\u00bb button_icon=\u00bb&#xf580;||fa||400&#8243; hover_enabled=\u00bb0&#8243; global_colors_info=\u00bb{}\u00bb button_text_color=\u00bb#FFFFFF\u00bb button_bg_use_color_gradient=\u00bbon\u00bb sticky_enabled=\u00bb0&#8243;][\/et_pb_button][\/et_pb_column][et_pb_column type=\u00bb1_4&#8243; _builder_version=\u00bb4.16&#8243; _module_preset=\u00bbdefault\u00bb global_colors_info=\u00bb{}\u00bb][\/et_pb_column][et_pb_column type=\u00bb1_4&#8243; _builder_version=\u00bb4.16&#8243; _module_preset=\u00bbdefault\u00bb global_colors_info=\u00bb{}\u00bb][\/et_pb_column][\/et_pb_row][et_pb_row column_structure=\u00bb1_4,1_4,1_4,1_4&#8243; _builder_version=\u00bb4.16&#8243; _module_preset=\u00bbdefault\u00bb global_colors_info=\u00bb{}\u00bb][et_pb_column type=\u00bb1_4&#8243; _builder_version=\u00bb4.16&#8243; _module_preset=\u00bbdefault\u00bb global_colors_info=\u00bb{}\u00bb][et_pb_wc_title product=\u00bb2104&#8243; _builder_version=\u00bb4.19.4&#8243; _module_preset=\u00bbdefault\u00bb header_font=\u00bb|600|||||||\u00bb header_text_align=\u00bbcenter\u00bb header_text_color=\u00bb#A003A8&#8243; header_font_size=\u00bb18px\u00bb link_option_url=\u00bbhttps:\/\/svcard.fr\/produit\/svcard-nfc-bois\/\u00bb global_colors_info=\u00bb{}\u00bb][\/et_pb_wc_title][et_pb_wc_gallery product=\u00bb2104&#8243; _builder_version=\u00bb4.19.4&#8243; _module_preset=\u00bbdefault\u00bb animation_style=\u00bbfade\u00bb auto=\u00bbon\u00bb auto_speed=\u00bb5000&#8243; global_colors_info=\u00bb{}\u00bb][\/et_pb_wc_gallery][et_pb_wc_price product=\u00bb2104&#8243; _builder_version=\u00bb4.19.4&#8243; _module_preset=\u00bbdefault\u00bb body_text_color=\u00bb#3395D1&#8243; body_font_size=\u00bb18px\u00bb text_orientation=\u00bbcenter\u00bb module_alignment=\u00bbleft\u00bb link_option_url=\u00bbhttps:\/\/svcard.fr\/produit\/svcard-nfc-bois\/\u00bb global_colors_info=\u00bb{}\u00bb][\/et_pb_wc_price][et_pb_button button_url=\u00bbhttps:\/\/svcard.fr\/es\/produit\/svcard-nfc-en-madera-color-avena\/\u00bb button_text=\u00bbLeer m\u00e1s\u00bb button_alignment=\u00bbcenter\u00bb admin_label=\u00bbBouton Bois Avoine\u00bb _builder_version=\u00bb4.21.0&#8243; _module_preset=\u00bbdefault\u00bb custom_button=\u00bbon\u00bb button_border_width=\u00bb0px\u00bb button_border_radius=\u00bb0px\u00bb button_icon=\u00bb&#xf580;||fa||400&#8243; hover_enabled=\u00bb0&#8243; global_colors_info=\u00bb{}\u00bb button_text_color=\u00bb#FFFFFF\u00bb button_bg_use_color_gradient=\u00bbon\u00bb sticky_enabled=\u00bb0&#8243;][\/et_pb_button][\/et_pb_column][et_pb_column type=\u00bb1_4&#8243; _builder_version=\u00bb4.16&#8243; _module_preset=\u00bbdefault\u00bb global_colors_info=\u00bb{}\u00bb][et_pb_wc_title product=\u00bb2129&#8243; _builder_version=\u00bb4.19.4&#8243; _module_preset=\u00bbdefault\u00bb header_font=\u00bb|600|||||||\u00bb header_text_align=\u00bbcenter\u00bb header_text_color=\u00bb#A003A8&#8243; header_font_size=\u00bb17px\u00bb link_option_url=\u00bbhttps:\/\/svcard.fr\/produit\/svcard-nfc-bois\/\u00bb global_colors_info=\u00bb{}\u00bb][\/et_pb_wc_title][et_pb_wc_gallery product=\u00bb2129&#8243; _builder_version=\u00bb4.19.0&#8243; _module_preset=\u00bbdefault\u00bb animation_style=\u00bbfade\u00bb auto=\u00bbon\u00bb auto_speed=\u00bb5000&#8243; global_colors_info=\u00bb{}\u00bb][\/et_pb_wc_gallery][et_pb_wc_price product=\u00bb2129&#8243; _builder_version=\u00bb4.19.0&#8243; _module_preset=\u00bbdefault\u00bb body_text_color=\u00bb#3395D1&#8243; body_font_size=\u00bb18px\u00bb text_orientation=\u00bbcenter\u00bb module_alignment=\u00bbleft\u00bb link_option_url=\u00bbhttps:\/\/svcard.fr\/produit\/svcard-nfc-bois\/\u00bb global_colors_info=\u00bb{}\u00bb][\/et_pb_wc_price][et_pb_button button_url=\u00bbhttps:\/\/svcard.fr\/es\/productos-svcard-nfc-en-madera\/\u00bb button_text=\u00bbLeer m\u00e1s\u00bb button_alignment=\u00bbcenter\u00bb admin_label=\u00bbBouton Bois Bamboo\u00bb _builder_version=\u00bb4.21.0&#8243; _module_preset=\u00bbdefault\u00bb custom_button=\u00bbon\u00bb button_border_width=\u00bb0px\u00bb button_border_radius=\u00bb0px\u00bb button_icon=\u00bb&#xf580;||fa||400&#8243; hover_enabled=\u00bb0&#8243; global_colors_info=\u00bb{}\u00bb button_text_color=\u00bb#FFFFFF\u00bb button_bg_use_color_gradient=\u00bbon\u00bb sticky_enabled=\u00bb0&#8243;][\/et_pb_button][\/et_pb_column][et_pb_column type=\u00bb1_4&#8243; _builder_version=\u00bb4.16&#8243; _module_preset=\u00bbdefault\u00bb global_colors_info=\u00bb{}\u00bb][et_pb_wc_title product=\u00bb6297&#8243; _builder_version=\u00bb4.19.4&#8243; _module_preset=\u00bbdefault\u00bb header_font=\u00bb|600|||||||\u00bb header_text_align=\u00bbcenter\u00bb header_text_color=\u00bb#A003A8&#8243; header_font_size=\u00bb18px\u00bb link_option_url=\u00bbhttps:\/\/svcard.fr\/produit\/svcard-nfc-bois\/\u00bb global_colors_info=\u00bb{}\u00bb][\/et_pb_wc_title][et_pb_wc_gallery product=\u00bb6297&#8243; _builder_version=\u00bb4.19.4&#8243; _module_preset=\u00bbdefault\u00bb animation_style=\u00bbfade\u00bb auto=\u00bbon\u00bb auto_speed=\u00bb5000&#8243; global_colors_info=\u00bb{}\u00bb][\/et_pb_wc_gallery][et_pb_wc_price product=\u00bb6297&#8243; _builder_version=\u00bb4.19.4&#8243; _module_preset=\u00bbdefault\u00bb body_text_color=\u00bb#3395D1&#8243; body_font_size=\u00bb18px\u00bb text_orientation=\u00bbcenter\u00bb module_alignment=\u00bbleft\u00bb link_option_url=\u00bbhttps:\/\/svcard.fr\/produit\/svcard-nfc-bois\/\u00bb global_colors_info=\u00bb{}\u00bb][\/et_pb_wc_price][et_pb_button button_url=\u00bbhttps:\/\/svcard.fr\/es\/produit\/svcard-nfc-en-madera-de-cerezo-2\/\u00bb button_text=\u00bbLeer m\u00e1s\u00bb button_alignment=\u00bbcenter\u00bb admin_label=\u00bbBouton Bois Cerisier\u00bb _builder_version=\u00bb4.21.0&#8243; _module_preset=\u00bbdefault\u00bb custom_button=\u00bbon\u00bb button_border_width=\u00bb0px\u00bb button_border_radius=\u00bb0px\u00bb button_icon=\u00bb&#xf580;||fa||400&#8243; hover_enabled=\u00bb0&#8243; global_colors_info=\u00bb{}\u00bb button_text_color=\u00bb#FFFFFF\u00bb button_bg_use_color_gradient=\u00bbon\u00bb sticky_enabled=\u00bb0&#8243;][\/et_pb_button][\/et_pb_column][et_pb_column type=\u00bb1_4&#8243; _builder_version=\u00bb4.16&#8243; _module_preset=\u00bbdefault\u00bb global_colors_info=\u00bb{}\u00bb][et_pb_wc_title product=\u00bb2117&#8243; _builder_version=\u00bb4.19.4&#8243; _module_preset=\u00bbdefault\u00bb header_font=\u00bb|600|||||||\u00bb header_text_align=\u00bbcenter\u00bb header_text_color=\u00bb#A003A8&#8243; header_font_size=\u00bb18px\u00bb link_option_url=\u00bbhttps:\/\/svcard.fr\/produit\/svcard-nfc-bois\/\u00bb global_colors_info=\u00bb{}\u00bb][\/et_pb_wc_title][et_pb_wc_gallery product=\u00bb2117&#8243; _builder_version=\u00bb4.19.4&#8243; _module_preset=\u00bbdefault\u00bb animation_style=\u00bbfade\u00bb auto=\u00bbon\u00bb auto_speed=\u00bb5000&#8243; global_colors_info=\u00bb{}\u00bb][\/et_pb_wc_gallery][et_pb_wc_price product=\u00bb6297&#8243; _builder_version=\u00bb4.19.4&#8243; _module_preset=\u00bbdefault\u00bb body_text_color=\u00bb#3395D1&#8243; body_font_size=\u00bb18px\u00bb text_orientation=\u00bbcenter\u00bb module_alignment=\u00bbleft\u00bb link_option_url=\u00bbhttps:\/\/svcard.fr\/produit\/svcard-nfc-bois\/\u00bb hover_enabled=\u00bb0&#8243; global_colors_info=\u00bb{}\u00bb sticky_enabled=\u00bb0&#8243;][\/et_pb_wc_price][et_pb_button button_url=\u00bbhttps:\/\/svcard.fr\/es\/produit\/svcard-nfc-en-madera-color-caoba\/\u00bb button_text=\u00bbLeer m\u00e1s\u00bb button_alignment=\u00bbcenter\u00bb admin_label=\u00bbBouton Bois Acajou\u00bb _builder_version=\u00bb4.21.0&#8243; _module_preset=\u00bbdefault\u00bb custom_button=\u00bbon\u00bb button_border_width=\u00bb0px\u00bb button_border_radius=\u00bb0px\u00bb button_icon=\u00bb&#xf580;||fa||400&#8243; hover_enabled=\u00bb0&#8243; global_colors_info=\u00bb{}\u00bb sticky_enabled=\u00bb0&#8243; button_text_color=\u00bb#FFFFFF\u00bb button_bg_use_color_gradient=\u00bbon\u00bb][\/et_pb_button][\/et_pb_column][\/et_pb_row][et_pb_row column_structure=\u00bb1_4,1_4,1_4,1_4&#8243; _builder_version=\u00bb4.16&#8243; _module_preset=\u00bbdefault\u00bb global_colors_info=\u00bb{}\u00bb][et_pb_column type=\u00bb1_4&#8243; _builder_version=\u00bb4.16&#8243; _module_preset=\u00bbdefault\u00bb global_colors_info=\u00bb{}\u00bb][et_pb_wc_title product=\u00bb9910&#8243; _builder_version=\u00bb4.19.4&#8243; _module_preset=\u00bbdefault\u00bb header_font=\u00bb|600|||||||\u00bb header_text_align=\u00bbcenter\u00bb header_text_color=\u00bb#A003A8&#8243; header_font_size=\u00bb18px\u00bb link_option_url=\u00bbhttps:\/\/svcard.fr\/produit\/svcard-nfc-bois\/\u00bb global_colors_info=\u00bb{}\u00bb][\/et_pb_wc_title][et_pb_wc_gallery product=\u00bb9910&#8243; _builder_version=\u00bb4.19.4&#8243; _module_preset=\u00bbdefault\u00bb animation_style=\u00bbfade\u00bb auto=\u00bbon\u00bb auto_speed=\u00bb5000&#8243; global_colors_info=\u00bb{}\u00bb][\/et_pb_wc_gallery][et_pb_wc_price product=\u00bb9910&#8243; _builder_version=\u00bb4.19.4&#8243; _module_preset=\u00bbdefault\u00bb body_text_color=\u00bb#3395D1&#8243; body_font_size=\u00bb18px\u00bb text_orientation=\u00bbcenter\u00bb module_alignment=\u00bbleft\u00bb link_option_url=\u00bbhttps:\/\/svcard.fr\/produit\/svcard-nfc-bois\/\u00bb hover_enabled=\u00bb0&#8243; global_colors_info=\u00bb{}\u00bb sticky_enabled=\u00bb0&#8243;][\/et_pb_wc_price][et_pb_button button_url=\u00bbhttps:\/\/svcard.fr\/es\/produit\/svcard-nfc-hybrid-metal-negro-efecto-plata\/\u00bb button_text=\u00bbLeer m\u00e1s\u00bb button_alignment=\u00bbcenter\u00bb admin_label=\u00bbBouton M\u00e9tal Noir Silver\u00bb _builder_version=\u00bb4.21.0&#8243; _module_preset=\u00bbdefault\u00bb custom_button=\u00bbon\u00bb button_border_width=\u00bb0px\u00bb button_border_radius=\u00bb0px\u00bb button_icon=\u00bb&#xf580;||fa||400&#8243; hover_enabled=\u00bb0&#8243; global_colors_info=\u00bb{}\u00bb button_bg_use_color_gradient=\u00bbon\u00bb sticky_enabled=\u00bb0&#8243; button_text_color=\u00bb#FFFFFF\u00bb][\/et_pb_button][\/et_pb_column][et_pb_column type=\u00bb1_4&#8243; _builder_version=\u00bb4.16&#8243; _module_preset=\u00bbdefault\u00bb global_colors_info=\u00bb{}\u00bb][et_pb_wc_title product=\u00bb10027&#8243; _builder_version=\u00bb4.19.4&#8243; _module_preset=\u00bbdefault\u00bb header_font=\u00bb|600|||||||\u00bb header_text_align=\u00bbcenter\u00bb header_text_color=\u00bb#A003A8&#8243; header_font_size=\u00bb18px\u00bb link_option_url=\u00bbhttps:\/\/svcard.fr\/produit\/svcard-nfc-bois\/\u00bb global_colors_info=\u00bb{}\u00bb][\/et_pb_wc_title][et_pb_wc_gallery product=\u00bb10027&#8243; _builder_version=\u00bb4.19.4&#8243; _module_preset=\u00bbdefault\u00bb animation_style=\u00bbfade\u00bb auto=\u00bbon\u00bb auto_speed=\u00bb5000&#8243; global_colors_info=\u00bb{}\u00bb][\/et_pb_wc_gallery][et_pb_wc_price product=\u00bb10027&#8243; _builder_version=\u00bb4.19.4&#8243; _module_preset=\u00bbdefault\u00bb body_text_color=\u00bb#3395D1&#8243; body_font_size=\u00bb18px\u00bb text_orientation=\u00bbcenter\u00bb module_alignment=\u00bbleft\u00bb link_option_url=\u00bbhttps:\/\/svcard.fr\/produit\/svcard-nfc-bois\/\u00bb global_colors_info=\u00bb{}\u00bb][\/et_pb_wc_price][et_pb_button button_url=\u00bbhttps:\/\/svcard.fr\/es\/produit\/svcard-nfc-hybrid-metal-negro-efecto-plata-copie\/\u00bb button_text=\u00bbLeer m\u00e1s\u00bb button_alignment=\u00bbcenter\u00bb admin_label=\u00bbBouton M\u00e9tal Noir Gold\u00bb _builder_version=\u00bb4.21.0&#8243; _module_preset=\u00bbdefault\u00bb custom_button=\u00bbon\u00bb button_border_width=\u00bb0px\u00bb button_border_radius=\u00bb0px\u00bb button_icon=\u00bb&#xf580;||fa||400&#8243; hover_enabled=\u00bb0&#8243; global_colors_info=\u00bb{}\u00bb button_text_color=\u00bb#FFFFFF\u00bb button_bg_use_color_gradient=\u00bbon\u00bb sticky_enabled=\u00bb0&#8243;][\/et_pb_button][\/et_pb_column][et_pb_column type=\u00bb1_4&#8243; _builder_version=\u00bb4.16&#8243; _module_preset=\u00bbdefault\u00bb global_colors_info=\u00bb{}\u00bb][et_pb_wc_title product=\u00bb8457&#8243; _builder_version=\u00bb4.19.4&#8243; _module_preset=\u00bbdefault\u00bb header_font=\u00bb|600|||||||\u00bb header_text_align=\u00bbcenter\u00bb header_text_color=\u00bb#A003A8&#8243; header_font_size=\u00bb18px\u00bb link_option_url=\u00bbhttps:\/\/svcard.fr\/produit\/svcard-nfc-bois\/\u00bb global_colors_info=\u00bb{}\u00bb][\/et_pb_wc_title][et_pb_wc_gallery product=\u00bb8457&#8243; _builder_version=\u00bb4.19.4&#8243; _module_preset=\u00bbdefault\u00bb animation_style=\u00bbfade\u00bb auto=\u00bbon\u00bb auto_speed=\u00bb5000&#8243; global_colors_info=\u00bb{}\u00bb][\/et_pb_wc_gallery][et_pb_wc_price product=\u00bb8457&#8243; _builder_version=\u00bb4.19.4&#8243; _module_preset=\u00bbdefault\u00bb body_text_color=\u00bb#3395D1&#8243; body_font_size=\u00bb18px\u00bb text_orientation=\u00bbcenter\u00bb module_alignment=\u00bbleft\u00bb link_option_url=\u00bbhttps:\/\/svcard.fr\/produit\/svcard-nfc-bois\/\u00bb global_colors_info=\u00bb{}\u00bb][\/et_pb_wc_price][et_pb_button button_url=\u00bbhttps:\/\/svcard.fr\/es\/produit\/svcard-nfc-metal-silver\/\u00bb button_text=\u00bbLeer m\u00e1s\u00bb button_alignment=\u00bbcenter\u00bb admin_label=\u00bbBouton M\u00e9tal Silver\u00bb _builder_version=\u00bb4.21.0&#8243; _module_preset=\u00bbdefault\u00bb custom_button=\u00bbon\u00bb button_border_width=\u00bb0px\u00bb button_border_radius=\u00bb0px\u00bb button_icon=\u00bb&#xf580;||fa||400&#8243; hover_enabled=\u00bb0&#8243; global_colors_info=\u00bb{}\u00bb button_bg_use_color_gradient=\u00bbon\u00bb button_text_color=\u00bb#FFFFFF\u00bb sticky_enabled=\u00bb0&#8243;][\/et_pb_button][\/et_pb_column][et_pb_column type=\u00bb1_4&#8243; _builder_version=\u00bb4.16&#8243; _module_preset=\u00bbdefault\u00bb global_colors_info=\u00bb{}\u00bb][et_pb_wc_title product=\u00bb6374&#8243; _builder_version=\u00bb4.19.4&#8243; _module_preset=\u00bbdefault\u00bb header_font=\u00bb|600|||||||\u00bb header_text_align=\u00bbcenter\u00bb header_text_color=\u00bb#A003A8&#8243; header_font_size=\u00bb18px\u00bb link_option_url=\u00bbhttps:\/\/svcard.fr\/produit\/svcard-nfc-bois\/\u00bb global_colors_info=\u00bb{}\u00bb][\/et_pb_wc_title][et_pb_wc_gallery product=\u00bb6374&#8243; _builder_version=\u00bb4.19.4&#8243; _module_preset=\u00bbdefault\u00bb animation_style=\u00bbfade\u00bb auto=\u00bbon\u00bb auto_speed=\u00bb5000&#8243; global_colors_info=\u00bb{}\u00bb][\/et_pb_wc_gallery][et_pb_wc_price product=\u00bb6374&#8243; _builder_version=\u00bb4.19.4&#8243; _module_preset=\u00bbdefault\u00bb body_text_color=\u00bb#3395D1&#8243; body_font_size=\u00bb18px\u00bb text_orientation=\u00bbcenter\u00bb module_alignment=\u00bbleft\u00bb link_option_url=\u00bbhttps:\/\/svcard.fr\/produit\/svcard-nfc-bois\/\u00bb global_colors_info=\u00bb{}\u00bb][\/et_pb_wc_price][et_pb_button button_url=\u00bbhttps:\/\/svcard.fr\/es\/produit\/svcard-nfc-metal-gold\/\u00bb button_text=\u00bbLeer m\u00e1s\u00bb button_alignment=\u00bbcenter\u00bb admin_label=\u00bbBouton M\u00e9tal Gold\u00bb _builder_version=\u00bb4.21.0&#8243; _module_preset=\u00bbdefault\u00bb custom_button=\u00bbon\u00bb button_border_width=\u00bb0px\u00bb button_border_radius=\u00bb0px\u00bb button_icon=\u00bb&#xf580;||fa||400&#8243; hover_enabled=\u00bb0&#8243; global_colors_info=\u00bb{}\u00bb button_text_color=\u00bb#FFFFFF\u00bb button_bg_use_color_gradient=\u00bbon\u00bb sticky_enabled=\u00bb0&#8243;][\/et_pb_button][\/et_pb_column][\/et_pb_row][\/et_pb_section]<\/p>\n","protected":false},"excerpt":{"rendered":"<p>La tienda SVCard<\/p>\n","protected":false},"author":1,"featured_media":0,"parent":0,"menu_order":0,"comment_status":"closed","ping_status":"closed","template":"","meta":{"_seopress_robots_primary_cat":"","_seopress_titles_title":"","_seopress_titles_desc":"Dites oui \u00e0 une carte de visite connect\u00e9e, la SCVard est votre carte de la nouvelle g\u00e9n\u00e9ration. Plus besoins de carte de visite en papier.","_seopress_robots_index":"","_et_pb_use_builder":"on","_et_pb_old_content":"","_et_gb_content_width":"","footnotes":""},"class_list":["post-2281","page","type-page","status-publish","hentry"],"_links":{"self":[{"href":"https:\/\/svcard.fr\/es\/wp-json\/wp\/v2\/pages\/2281","targetHints":{"allow":["GET"]}}],"collection":[{"href":"https:\/\/svcard.fr\/es\/wp-json\/wp\/v2\/pages"}],"about":[{"href":"https:\/\/svcard.fr\/es\/wp-json\/wp\/v2\/types\/page"}],"author":[{"embeddable":true,"href":"https:\/\/svcard.fr\/es\/wp-json\/wp\/v2\/users\/1"}],"replies":[{"embeddable":true,"href":"https:\/\/svcard.fr\/es\/wp-json\/wp\/v2\/comments?post=2281"}],"version-history":[{"count":0,"href":"https:\/\/svcard.fr\/es\/wp-json\/wp\/v2\/pages\/2281\/revisions"}],"wp:attachment":[{"href":"https:\/\/svcard.fr\/es\/wp-json\/wp\/v2\/media?parent=2281"}],"curies":[{"name":"wp","href":"https:\/\/api.w.org\/{rel}","templated":true}]}}