{"id":11010,"date":"2023-01-26T10:19:18","date_gmt":"2023-01-26T09:19:18","guid":{"rendered":"https:\/\/svcard.fr\/nuestro-compromiso-medioambiental\/"},"modified":"2023-01-28T14:43:40","modified_gmt":"2023-01-28T13:43:40","slug":"nuestro-compromiso-medioambiental","status":"publish","type":"page","link":"https:\/\/svcard.fr\/es\/nuestro-compromiso-medioambiental\/","title":{"rendered":"Nuestro compromiso medioambiental"},"content":{"rendered":"<p>[et_pb_section fb_built=\u00bb1&#8243; _builder_version=\u00bb4.19.5&#8243; _module_preset=\u00bbdefault\u00bb custom_padding=\u00bb4px|||||\u00bb global_colors_info=\u00bb{}\u00bb][et_pb_row _builder_version=\u00bb4.19.5&#8243; _module_preset=\u00bbdefault\u00bb min_height=\u00bb373px\u00bb custom_margin=\u00bb|auto|-8px|auto||\u00bb custom_padding=\u00bb0px||0px|||\u00bb global_colors_info=\u00bb{}\u00bb][et_pb_column type=\u00bb4_4&#8243; _builder_version=\u00bb4.19.5&#8243; _module_preset=\u00bbdefault\u00bb global_colors_info=\u00bb{}\u00bb][et_pb_image src=\u00bbhttps:\/\/svcard.fr\/wp-content\/uploads\/2023\/01\/environment.png\u00bb alt=\u00bbEntorno SVCard\u00bb title_text=\u00bbEntorno SVCard\u00bb force_fullwidth=\u00bbon\u00bb _builder_version=\u00bb4.19.5&#8243; _module_preset=\u00bbdefault\u00bb global_colors_info=\u00bb{}\u00bb][\/et_pb_image][\/et_pb_column][\/et_pb_row][et_pb_row column_structure=\u00bb1_2,1_2&#8243; _builder_version=\u00bb4.19.5&#8243; _module_preset=\u00bbdefault\u00bb global_colors_info=\u00bb{}\u00bb][et_pb_column type=\u00bb1_2&#8243; _builder_version=\u00bb4.19.5&#8243; _module_preset=\u00bbdefault\u00bb global_colors_info=\u00bb{}\u00bb][et_pb_text admin_label=\u00bbEngagement SVCard\u00bb _builder_version=\u00bb4.19.5&#8243; _module_preset=\u00bbdefault\u00bb global_colors_info=\u00bb{}\u00bb]<\/p>\n<h1>Compromiso SVCard<\/h1>\n<p>[\/et_pb_text][et_pb_text _builder_version=\u00bb4.19.5&#8243; _module_preset=\u00bbdefault\u00bb global_colors_info=\u00bb{}\u00bb]<\/p>\n<p>El compromiso ecol\u00f3gico se ha convertido en una cuesti\u00f3n importante para las empresas de todos los sectores. Para reducir el impacto sobre el medio ambiente, es importante limitar las emisiones de carbono, que contribuyen al cambio clim\u00e1tico.<\/p>\n<p>La SVCard es una tarjeta de visita NFC que, al sustituir a las tradicionales tarjetas de papel, puede contribuir a este esfuerzo reduciendo el consumo de papel.<\/p>\n<p>Utilizando la SVCard NFC, no s\u00f3lo puede promover un estilo de vida m\u00e1s sostenible, sino tambi\u00e9n mostrar a sus clientes que se preocupa por el medio ambiente.<\/p>\n<p>Al utilizar tarjetas de visita ecol\u00f3gicas, puede reducir su propia huella de carbono, al tiempo que refuerza su imagen de marca ante sus clientes.<\/p>\n<p>[\/et_pb_text][\/et_pb_column][et_pb_column type=\u00bb1_2&#8243; _builder_version=\u00bb4.19.5&#8243; _module_preset=\u00bbdefault\u00bb global_colors_info=\u00bb{}\u00bb][et_pb_text admin_label=\u00bbQuel est l&#8217;impact sur l&#8217;\u00e9mission carbone en utilisant la SVCard ?\u00bb _builder_version=\u00bb4.19.5&#8243; _module_preset=\u00bbdefault\u00bb global_colors_info=\u00bb{}\u00bb]<\/p>\n<h2>\u00bfQu\u00e9 impacto tiene el uso de la tarjeta SVCard en las emisiones de carbono?<\/h2>\n<p>[\/et_pb_text][et_pb_text _builder_version=\u00bb4.19.5&#8243; _module_preset=\u00bbdefault\u00bb global_colors_info=\u00bb{}\u00bb]<\/p>\n<p>Es dif\u00edcil dar una cifra precisa sobre el impacto exacto en carbono del uso de tarjetas de visita NFC en lugar de las de papel, ya que depende de muchos factores, como la fuente de energ\u00eda utilizada para producir las tarjetas NFC, los m\u00e9todos de transporte y distribuci\u00f3n y las pr\u00e1cticas de gesti\u00f3n de residuos.<\/p>\n<p>Sin embargo, en general se acepta que las tarjetas de visita NFC pueden tener un menor impacto ambiental que las tarjetas de papel tradicionales, ya que requieren menos materias primas, menos consumo de energ\u00eda y menos transporte para su producci\u00f3n y distribuci\u00f3n. Las SVCards NFC tambi\u00e9n son m\u00e1s duraderas y pueden utilizarse varias veces, lo que reduce la cantidad de residuos producidos.<\/p>\n<p>Es importante se\u00f1alar que, para minimizar el impacto medioambiental, es importante elegir tarjetas SVCard NFC producidas de forma ecorresponsable, con materiales reciclables y energ\u00eda renovable para su producci\u00f3n. Tambi\u00e9n es importante adoptar pr\u00e1cticas adecuadas de gesti\u00f3n de residuos para las tarjetas usadas.<\/p>\n<p>[\/et_pb_text][\/et_pb_column][\/et_pb_row][et_pb_row _builder_version=\u00bb4.19.5&#8243; _module_preset=\u00bbdefault\u00bb global_colors_info=\u00bb{}\u00bb][et_pb_column type=\u00bb4_4&#8243; _builder_version=\u00bb4.19.5&#8243; _module_preset=\u00bbdefault\u00bb global_colors_info=\u00bb{}\u00bb][et_pb_text admin_label=\u00bbNotre choix\u00bb _builder_version=\u00bb4.19.5&#8243; _module_preset=\u00bbdefault\u00bb global_colors_info=\u00bb{}\u00bb]<\/p>\n<h2>\u00bfQu\u00e9 impacto tiene el uso de la tarjeta SVCard en las emisiones de carbono?<\/h2>\n<p>[\/et_pb_text][et_pb_text _builder_version=\u00bb4.19.5&#8243; _module_preset=\u00bbdefault\u00bb hover_enabled=\u00bb0&#8243; global_colors_info=\u00bb{}\u00bb sticky_enabled=\u00bb0&#8243;]<\/p>\n<p>Como empresa responsable con el medio ambiente, elegimos a OVH France, l\u00edder en infraestructuras, que lleva m\u00e1s de 20 a\u00f1os construyendo sus propios servidores y centros de datos para integrar la sostenibilidad en su modelo industrial y sus pr\u00e1cticas.<\/p>\n<p>Desde 2002, han tomado medidas para reducir su impacto ambiental utilizando su propia tecnolog\u00eda de refrigeraci\u00f3n por agua para optimizar el consumo energ\u00e9tico de sus servidores.<\/p>\n<p>Esto permite que sus centros de datos funcionen sin aire acondicionado, lo que reduce a\u00fan m\u00e1s su consumo de energ\u00eda.<\/p>\n<p>En consonancia con sus valores y su compromiso con la innovaci\u00f3n sostenible, contribuyen a la transformaci\u00f3n general del sector adoptando pr\u00e1cticas y usos m\u00e1s sostenibles.<\/p>\n<p>[\/et_pb_text][\/et_pb_column][\/et_pb_row][et_pb_row _builder_version=\u00bb4.19.5&#8243; _module_preset=\u00bbdefault\u00bb global_colors_info=\u00bb{}\u00bb][et_pb_column type=\u00bb4_4&#8243; _builder_version=\u00bb4.19.5&#8243; _module_preset=\u00bbdefault\u00bb global_colors_info=\u00bb{}\u00bb][et_pb_text admin_label=\u00bbLes rapports les plus r\u00e9cents\u00bb _builder_version=\u00bb4.19.5&#8243; _module_preset=\u00bbdefault\u00bb global_colors_info=\u00bb{}\u00bb]<\/p>\n<h2 class=\"ods-title font-weight-bold text-level--xxl mb-0 text-left \">Los informes m\u00e1s recientes<\/h2>\n<p>[\/et_pb_text][\/et_pb_column][\/et_pb_row][et_pb_row column_structure=\u00bb1_4,1_4,1_4,1_4&#8243; _builder_version=\u00bb4.19.5&#8243; _module_preset=\u00bbdefault\u00bb global_colors_info=\u00bb{}\u00bb][et_pb_column type=\u00bb1_4&#8243; _builder_version=\u00bb4.19.5&#8243; _module_preset=\u00bbdefault\u00bb global_colors_info=\u00bb{}\u00bb][et_pb_text admin_label=\u00bbBilan carbone de l&#8217;exercice 2020&#8243; _builder_version=\u00bb4.19.5&#8243; _module_preset=\u00bbdefault\u00bb header_3_font_size=\u00bb16px\u00bb global_colors_info=\u00bb{}\u00bb]<\/p>\n<h3 class=\"ods-download--card__title font-weight-bold mb-4 text-level--lg\">Huella de carbono para el a\u00f1o 2020<\/h3>\n<p>[\/et_pb_text][et_pb_button button_url=\u00bbhttps:\/\/svcard.fr\/download\/ecologie\/Carbon-Balance-OVHcloud-FY20.pdf\u00bb url_new_window=\u00bbon\u00bb button_text=\u00bbDescargar\u00bb admin_label=\u00bbT\u00e9l\u00e9charger\u00bb _builder_version=\u00bb4.19.5&#8243; _module_preset=\u00bbdefault\u00bb custom_button=\u00bbon\u00bb button_icon=\u00bb&#x43;||divi||400&#8243; global_colors_info=\u00bb{}\u00bb][\/et_pb_button][\/et_pb_column][et_pb_column type=\u00bb1_4&#8243; _builder_version=\u00bb4.19.5&#8243; _module_preset=\u00bbdefault\u00bb global_colors_info=\u00bb{}\u00bb][et_pb_text admin_label=\u00bbPolitique Energie\u00bb _builder_version=\u00bb4.19.5&#8243; _module_preset=\u00bbdefault\u00bb header_3_font_size=\u00bb16px\u00bb global_colors_info=\u00bb{}\u00bb]<\/p>\n<h3 class=\"ods-download--card__title font-weight-bold mb-4 text-level--lg\">Pol\u00edtica energ\u00e9tica<\/h3>\n<p>[\/et_pb_text][et_pb_button button_url=\u00bbhttps:\/\/svcard.fr\/download\/ecologie\/environmental-policy-fr.pdf\u00bb url_new_window=\u00bbon\u00bb button_text=\u00bbDescargar\u00bb admin_label=\u00bbT\u00e9l\u00e9charger\u00bb _builder_version=\u00bb4.19.5&#8243; _module_preset=\u00bbdefault\u00bb custom_button=\u00bbon\u00bb button_icon=\u00bb&#x43;||divi||400&#8243; global_colors_info=\u00bb{}\u00bb][\/et_pb_button][\/et_pb_column][et_pb_column type=\u00bb1_4&#8243; _builder_version=\u00bb4.19.5&#8243; _module_preset=\u00bbdefault\u00bb global_colors_info=\u00bb{}\u00bb][et_pb_text admin_label=\u00bbPolitique environnementale\u00bb _builder_version=\u00bb4.19.5&#8243; _module_preset=\u00bbdefault\u00bb header_3_font_size=\u00bb16px\u00bb global_colors_info=\u00bb{}\u00bb]<\/p>\n<h3 class=\"ods-download--card__title font-weight-bold mb-4 text-level--lg\">Pol\u00edtica medioambiental<\/h3>\n<p>[\/et_pb_text][et_pb_button button_url=\u00bbhttps:\/\/svcard.fr\/download\/ecologie\/Suppliers%20code%20of%20conduct%20OVHcloud.pdf\u00bb url_new_window=\u00bbon\u00bb button_text=\u00bbDescargar\u00bb admin_label=\u00bbT\u00e9l\u00e9charger\u00bb _builder_version=\u00bb4.19.5&#8243; _module_preset=\u00bbdefault\u00bb custom_button=\u00bbon\u00bb button_icon=\u00bb&#x43;||divi||400&#8243; global_colors_info=\u00bb{}\u00bb][\/et_pb_button][\/et_pb_column][et_pb_column type=\u00bb1_4&#8243; _builder_version=\u00bb4.19.5&#8243; _module_preset=\u00bbdefault\u00bb global_colors_info=\u00bb{}\u00bb][et_pb_text admin_label=\u00bbD\u00e9claration de Performance Extra Financi\u00e8re (DPEF)\u00bb _builder_version=\u00bb4.19.5&#8243; _module_preset=\u00bbdefault\u00bb header_3_font_size=\u00bb16px\u00bb global_colors_info=\u00bb{}\u00bb]<\/p>\n<h3 class=\"ods-download--card__title font-weight-bold mb-4 text-level--lg\">Declaraci\u00f3n extra financiera de resultados (EFPS)<\/h3>\n<p>[\/et_pb_text][et_pb_button button_url=\u00bbhttps:\/\/svcard.fr\/download\/ecologie\/ovhcloud-dpef-2022.pdf\u00bb url_new_window=\u00bbon\u00bb button_text=\u00bbDescargar\u00bb admin_label=\u00bbT\u00e9l\u00e9charger\u00bb _builder_version=\u00bb4.19.5&#8243; _module_preset=\u00bbdefault\u00bb custom_button=\u00bbon\u00bb button_icon=\u00bb&#x43;||divi||400&#8243; global_colors_info=\u00bb{}\u00bb][\/et_pb_button][\/et_pb_column][\/et_pb_row][\/et_pb_section]<\/p>\n","protected":false},"excerpt":{"rendered":"<p>Compromiso SVCardEl compromiso ecol\u00f3gico se ha convertido en una cuesti\u00f3n importante para las empresas de todos los sectores. Para reducir el impacto sobre el medio ambiente, es importante limitar las emisiones de carbono, que contribuyen al cambio clim\u00e1tico. La SVCard es una tarjeta de visita NFC que, al sustituir a las tradicionales tarjetas de papel, [&hellip;]<\/p>\n","protected":false},"author":1,"featured_media":0,"parent":0,"menu_order":0,"comment_status":"closed","ping_status":"closed","template":"","meta":{"_seopress_robots_primary_cat":"","_seopress_titles_title":"","_seopress_titles_desc":"","_seopress_robots_index":"","_et_pb_use_builder":"on","_et_pb_old_content":"","_et_gb_content_width":"","footnotes":""},"class_list":["post-11010","page","type-page","status-publish","hentry"],"_links":{"self":[{"href":"https:\/\/svcard.fr\/es\/wp-json\/wp\/v2\/pages\/11010","targetHints":{"allow":["GET"]}}],"collection":[{"href":"https:\/\/svcard.fr\/es\/wp-json\/wp\/v2\/pages"}],"about":[{"href":"https:\/\/svcard.fr\/es\/wp-json\/wp\/v2\/types\/page"}],"author":[{"embeddable":true,"href":"https:\/\/svcard.fr\/es\/wp-json\/wp\/v2\/users\/1"}],"replies":[{"embeddable":true,"href":"https:\/\/svcard.fr\/es\/wp-json\/wp\/v2\/comments?post=11010"}],"version-history":[{"count":0,"href":"https:\/\/svcard.fr\/es\/wp-json\/wp\/v2\/pages\/11010\/revisions"}],"wp:attachment":[{"href":"https:\/\/svcard.fr\/es\/wp-json\/wp\/v2\/media?parent=11010"}],"curies":[{"name":"wp","href":"https:\/\/api.w.org\/{rel}","templated":true}]}}