{"id":8729,"date":"2022-10-30T19:13:09","date_gmt":"2022-10-30T18:13:09","guid":{"rendered":"https:\/\/svcard.fr\/produit\/svcard-nfc-pvc-black\/"},"modified":"2023-05-21T16:38:18","modified_gmt":"2023-05-21T14:38:18","slug":"svcard-nfc-pvc-black","status":"publish","type":"product","link":"https:\/\/svcard.fr\/en\/produit\/svcard-nfc-pvc-black\/","title":{"rendered":"SVCard NFC in Black PVC with NFC technology"},"content":{"rendered":"<p>[et_pb_section fb_built=&#8221;1&#8243; _builder_version=&#8221;4.16&#8243; custom_padding=&#8221;0px||||false|false&#8221; global_colors_info=&#8221;{}&#8221;][et_pb_row _builder_version=&#8221;4.16&#8243; background_size=&#8221;initial&#8221; background_position=&#8221;top_left&#8221; background_repeat=&#8221;repeat&#8221; width=&#8221;100%&#8221; custom_padding=&#8221;0px||0px||false|false&#8221; global_colors_info=&#8221;{}&#8221;][et_pb_column type=&#8221;4_4&#8243; _builder_version=&#8221;4.16&#8243; custom_padding=&#8221;|||&#8221; global_colors_info=&#8221;{}&#8221; custom_padding__hover=&#8221;|||&#8221;][et_pb_wc_breadcrumb _builder_version=&#8221;4.16&#8243; global_colors_info=&#8221;{}&#8221;][\/et_pb_wc_breadcrumb][et_pb_wc_cart_notice _builder_version=&#8221;4.16&#8243; global_colors_info=&#8221;{}&#8221;][\/et_pb_wc_cart_notice][\/et_pb_column][\/et_pb_row][et_pb_row column_structure=&#8221;1_2,1_2&#8243; _builder_version=&#8221;4.16&#8243; background_size=&#8221;initial&#8221; background_position=&#8221;top_left&#8221; background_repeat=&#8221;repeat&#8221; width=&#8221;100%&#8221; custom_padding=&#8221;0px||||false|false&#8221; global_colors_info=&#8221;{}&#8221;][et_pb_column type=&#8221;1_2&#8243; _builder_version=&#8221;4.16&#8243; custom_padding=&#8221;|||&#8221; global_colors_info=&#8221;{}&#8221; custom_padding__hover=&#8221;|||&#8221;][et_pb_wc_images _builder_version=&#8221;4.18.1&#8243; global_colors_info=&#8221;{}&#8221;][\/et_pb_wc_images][\/et_pb_column][et_pb_column type=&#8221;1_2&#8243; _builder_version=&#8221;4.16&#8243; custom_padding=&#8221;|||&#8221; global_colors_info=&#8221;{}&#8221; custom_padding__hover=&#8221;|||&#8221;][et_pb_wc_title _builder_version=&#8221;4.19.2&#8243; header_font=&#8221;|600|||||||&#8221; header_text_color=&#8221;#A003A8&#8243; global_colors_info=&#8221;{}&#8221;][\/et_pb_wc_title][et_pb_wc_rating _builder_version=&#8221;4.18.1&#8243; global_colors_info=&#8221;{}&#8221;][\/et_pb_wc_rating][et_pb_wc_price _builder_version=&#8221;4.18.1&#8243; body_font=&#8221;|700|||||||&#8221; body_text_color=&#8221;#3395D1&#8243; global_colors_info=&#8221;{}&#8221;][\/et_pb_wc_price][et_pb_wc_add_to_cart show_stock=&#8221;off&#8221; _builder_version=&#8221;4.19.2&#8243; fields_background_color=&#8221;#FFA22E&#8221; fields_text_color=&#8221;#FFFFFF&#8221; dropdown_menus_background_color=&#8221;#A003A8&#8243; dropdown_menus_text_color=&#8221;#FFFFFF&#8221; fields_font=&#8221;|700|||||||&#8221; fields_line_height=&#8221;1.1em&#8221; custom_button=&#8221;on&#8221; button_text_color=&#8221;#000000&#8243; button_bg_color=&#8221;#FFA22E&#8221; button_border_width=&#8221;0px&#8221; button_border_radius=&#8221;0px&#8221; button_font=&#8221;|600|||||||&#8221; box_shadow_style_button=&#8221;preset3&#8243; global_colors_info=&#8221;{}&#8221; fields_focus_text_color__hover_enabled=&#8221;on|desktop&#8221;][\/et_pb_wc_add_to_cart][et_pb_wc_description description_type=&#8221;description&#8221; _builder_version=&#8221;4.18.1&#8243; global_colors_info=&#8221;{}&#8221;][\/et_pb_wc_description][\/et_pb_column][\/et_pb_row][et_pb_row _builder_version=&#8221;4.16&#8243; background_size=&#8221;initial&#8221; background_position=&#8221;top_left&#8221; background_repeat=&#8221;repeat&#8221; width=&#8221;100%&#8221; custom_padding=&#8221;17px|||||&#8221; global_colors_info=&#8221;{}&#8221;][et_pb_column type=&#8221;4_4&#8243; _builder_version=&#8221;4.16&#8243; custom_padding=&#8221;|||&#8221; global_colors_info=&#8221;{}&#8221; custom_padding__hover=&#8221;|||&#8221;][et_pb_wc_tabs include_tabs=&#8221;|&#8221; _builder_version=&#8221;4.16&#8243; global_colors_info=&#8221;{}&#8221;] [\/et_pb_wc_tabs][et_pb_wc_upsells _builder_version=&#8221;4.16&#8243; global_colors_info=&#8221;{}&#8221;][\/et_pb_wc_upsells][et_pb_wc_related_products product=&#8221;772&#8243; include_categories=&#8221;35&#8243; _builder_version=&#8221;4.17.3&#8243; global_colors_info=&#8221;{}&#8221;][\/et_pb_wc_related_products][\/et_pb_column][\/et_pb_row][\/et_pb_section][et_pb_section fb_built=&#8221;1&#8243; admin_label=&#8221;Section Que comprend notre o\ufb00re ?&#8221; _builder_version=&#8221;4.19.2&#8243; _module_preset=&#8221;default&#8221; background_color=&#8221;rgba(51,149,209,0.1)&#8221; locked=&#8221;off&#8221; global_colors_info=&#8221;{}&#8221;][et_pb_row column_structure=&#8221;2_5,3_5&#8243; _builder_version=&#8221;4.19.2&#8243; _module_preset=&#8221;default&#8221; global_colors_info=&#8221;{}&#8221;][et_pb_column type=&#8221;2_5&#8243; _builder_version=&#8221;4.18.1&#8243; _module_preset=&#8221;default&#8221; global_colors_info=&#8221;{}&#8221;][dsm_block_reveal_text block_reveal_text=&#8221;What does our o\ufb00re include?&#8221; _builder_version=&#8221;4.19.2&#8243; _module_preset=&#8221;default&#8221; header_text_color=&#8221;#A003A8&#8243; custom_margin=&#8221;||11px|||&#8221; global_colors_info=&#8221;{}&#8221;][\/dsm_block_reveal_text][et_pb_text _builder_version=&#8221;4.19.2&#8243; _module_preset=&#8221;default&#8221; text_font_size=&#8221;16px&#8221; global_colors_info=&#8221;{}&#8221;]<\/p>\n<ul>\n<li>  Personalization of the SVCard with your logo and information.<\/li>\n<li>Access to the platform to modi\ufb01er your pro\ufb01l and information without limit.<\/li>\n<li><strong>No subscription<\/strong><\/li>\n<li>Administrator access to manage employee cards, with different levels of access.<\/li>\n<\/ul>\n<p>[\/et_pb_text][\/et_pb_column][et_pb_column type=&#8221;3_5&#8243; _builder_version=&#8221;4.18.1&#8243; _module_preset=&#8221;default&#8221; global_colors_info=&#8221;{}&#8221;][et_pb_image src=&#8221;https:\/\/svcard.fr\/wp-content\/uploads\/2022\/03\/svcard-img-saisie.png&#8221; alt=&#8221;Svcard secure entry area&#8221; title_text=&#8221;Svcard secure entry area&#8221; _builder_version=&#8221;4.18.1&#8243; _module_preset=&#8221;default&#8221; width=&#8221;62%&#8221; width_tablet=&#8221;62%&#8221; width_phone=&#8221;62%&#8221; width_last_edited=&#8221;on|desktop&#8221; module_alignment=&#8221;center&#8221; custom_margin=&#8221;|||22px||&#8221; global_colors_info=&#8221;{}&#8221;][\/et_pb_image][\/et_pb_column][\/et_pb_row][\/et_pb_section][et_pb_section fb_built=&#8221;1&#8243; admin_label=&#8221;Section La SVCard est personnalisable&#8221; _builder_version=&#8221;4.19.2&#8243; _module_preset=&#8221;default&#8221; custom_padding=&#8221;2px||3px|||&#8221; locked=&#8221;off&#8221; global_colors_info=&#8221;{}&#8221;][et_pb_row column_structure=&#8221;2_5,3_5&#8243; _builder_version=&#8221;4.18.1&#8243; _module_preset=&#8221;default&#8221; global_colors_info=&#8221;{}&#8221;][et_pb_column type=&#8221;2_5&#8243; _builder_version=&#8221;4.18.1&#8243; _module_preset=&#8221;default&#8221; global_colors_info=&#8221;{}&#8221;][et_pb_image src=&#8221;https:\/\/svcard.fr\/wp-content\/uploads\/2022\/10\/SVCard-NFC-pvc-noir-silver-fr-tr-v3-05.png&#8221; alt=&#8221;SVCard NFC in Black PVC&#8221; title_text=&#8221;SVCard NFC in Black PVC&#8221; _builder_version=&#8221;4.19.2&#8243; _module_preset=&#8221;default&#8221; width=&#8221;62%&#8221; width_tablet=&#8221;62%&#8221; width_phone=&#8221;62%&#8221; width_last_edited=&#8221;on|desktop&#8221; module_alignment=&#8221;center&#8221; custom_margin=&#8221;|85px||||&#8221; global_colors_info=&#8221;{}&#8221;][\/et_pb_image][\/et_pb_column][et_pb_column type=&#8221;3_5&#8243; _builder_version=&#8221;4.18.1&#8243; _module_preset=&#8221;default&#8221; global_colors_info=&#8221;{}&#8221;][dsm_block_reveal_text block_reveal_text=&#8221;The SVCard is customizable&#8221; module_id=&#8221;impression&#8221; _builder_version=&#8221;4.19.0&#8243; _module_preset=&#8221;default&#8221; header_font=&#8221;||||||||&#8221; header_text_color=&#8221;#A003A8&#8243; custom_margin=&#8221;||11px|||&#8221; global_colors_info=&#8221;{}&#8221;][\/dsm_block_reveal_text][et_pb_text _builder_version=&#8221;4.19.2&#8243; _module_preset=&#8221;default&#8221; text_font_size=&#8221;16px&#8221; global_colors_info=&#8221;{}&#8221;]<\/p>\n<p>The SVCard PVC in Black is customizable in 4 ways:<\/p>\n<ul>\n<li>Silver color printing<\/li>\n<li>Gold color printing<\/li>\n<li>White printing<\/li>\n<li>Color printing<a href=\"mailto:contact@svcard.fr\">(optional, please contact us<\/a>)<\/li>\n<\/ul>\n<p>After the validation of your order you will be guided to personalize your SVCard<\/p>\n<p>As soon as you receive your graphic elements you will receive a proof before the printing of your SVCard, your 1st proof is offered<\/p>\n<p>[\/et_pb_text][\/et_pb_column][\/et_pb_row][\/et_pb_section][et_pb_section fb_built=&#8221;1&#8243; admin_label=&#8221;Section Comment \u00e7a fonctionne ? titre&#8221; _builder_version=&#8221;4.18.1&#8243; _module_preset=&#8221;default&#8221; background_color=&#8221;rgba(51,149,209,0.1)&#8221; custom_padding=&#8221;3px||4px|||&#8221; locked=&#8221;off&#8221; global_colors_info=&#8221;{}&#8221;][et_pb_row _builder_version=&#8221;4.18.1&#8243; _module_preset=&#8221;default&#8221; global_colors_info=&#8221;{}&#8221;][et_pb_column type=&#8221;4_4&#8243; _builder_version=&#8221;4.18.1&#8243; _module_preset=&#8221;default&#8221; global_colors_info=&#8221;{}&#8221;][et_pb_text _builder_version=&#8221;4.19.2&#8243; _module_preset=&#8221;default&#8221; global_colors_info=&#8221;{}&#8221;]<\/p>\n<h2 style=\"text-align: center;\"><strong><span style=\"color: #a003a8;\">How does it work?<\/span><\/strong><\/h2>\n<p>[\/et_pb_text][\/et_pb_column][\/et_pb_row][\/et_pb_section][et_pb_section fb_built=&#8221;1&#8243; specialty=&#8221;on&#8221; admin_label=&#8221;Section Comment \u00e7a fonctionne ?&#8221; _builder_version=&#8221;4.18.1&#8243; _module_preset=&#8221;default&#8221; background_color=&#8221;rgba(51,149,209,0.1)&#8221; custom_padding=&#8221;5px||3px|||&#8221; locked=&#8221;off&#8221; global_colors_info=&#8221;{}&#8221;][et_pb_column type=&#8221;1_2&#8243; specialty_columns=&#8221;2&#8243; _builder_version=&#8221;4.16&#8243; custom_padding=&#8221;|||&#8221; global_colors_info=&#8221;{}&#8221; custom_padding__hover=&#8221;|||&#8221;][et_pb_row_inner _builder_version=&#8221;4.18.1&#8243; _module_preset=&#8221;default&#8221; global_colors_info=&#8221;{}&#8221;][et_pb_column_inner saved_specialty_column_type=&#8221;1_2&#8243; _builder_version=&#8221;4.18.1&#8243; _module_preset=&#8221;default&#8221; global_colors_info=&#8221;{}&#8221;][et_pb_text _builder_version=&#8221;4.19.2&#8243; _module_preset=&#8221;default&#8221; text_font_size=&#8221;16px&#8221; global_colors_info=&#8221;{}&#8221;]<\/p>\n<h2><span style=\"color: #a003a8;\"><strong>Very easy to use<\/strong><\/span><\/h2>\n<h5><span style=\"color: #a003a8;\">A simple gesture to exchange your data<\/span><\/h5>\n<p>No need for an application, the SVCard works with 99% of smartphones.<br \/>The SVCard is used in two ways.<br \/>Either by NFC or\/and QR code technology.<\/p>\n<p>[\/et_pb_text][\/et_pb_column_inner][\/et_pb_row_inner][et_pb_row_inner column_structure=&#8221;1_2,1_2&#8243; _builder_version=&#8221;4.18.1&#8243; _module_preset=&#8221;default&#8221; global_colors_info=&#8221;{}&#8221;][et_pb_column_inner type=&#8221;1_2&#8243; saved_specialty_column_type=&#8221;1_2&#8243; _builder_version=&#8221;4.18.1&#8243; _module_preset=&#8221;default&#8221; global_colors_info=&#8221;{}&#8221;][et_pb_text admin_label=&#8221;Texte Partage&#8221; _builder_version=&#8221;4.18.1&#8243; _module_preset=&#8221;default&#8221; text_font_size=&#8221;16px&#8221; global_colors_info=&#8221;{}&#8221;]<\/p>\n<h5><strong><span style=\"color: #999999;\">NFC technology<\/span><\/strong><\/h5>\n<ul>\n<li style=\"text-align: left;\">Approach your SVCard to your contact&#8217;s mobile.<\/li>\n<li style=\"text-align: left;\">Your contact opens the noti\ufb01cation.<\/li>\n<\/ul>\n<p style=\"text-align: left;\">That&#8217;s it, your data is transmitted!<\/p>\n<p>[\/et_pb_text][\/et_pb_column_inner][et_pb_column_inner type=&#8221;1_2&#8243; saved_specialty_column_type=&#8221;1_2&#8243; _builder_version=&#8221;4.18.1&#8243; _module_preset=&#8221;default&#8221; global_colors_info=&#8221;{}&#8221;][et_pb_text admin_label=&#8221;Texte Partage&#8221; _builder_version=&#8221;4.18.1&#8243; _module_preset=&#8221;default&#8221; text_font_size=&#8221;16px&#8221; global_colors_info=&#8221;{}&#8221;]<\/p>\n<h5><strong><span style=\"color: #999999;\">By the QR code<\/span><\/strong><\/h5>\n<ul>\n<li style=\"text-align: left;\">Your contact person scans the QR code on the back of your Svcard.<\/li>\n<li style=\"text-align: left;\">Your contact opens the noti\ufb01cation.<\/li>\n<\/ul>\n<p style=\"text-align: left;\">That&#8217;s it, your data is transmitted!<\/p>\n<p>[\/et_pb_text][\/et_pb_column_inner][\/et_pb_row_inner][et_pb_row_inner _builder_version=&#8221;4.18.1&#8243; _module_preset=&#8221;default&#8221; global_colors_info=&#8221;{}&#8221;][et_pb_column_inner saved_specialty_column_type=&#8221;1_2&#8243; _builder_version=&#8221;4.18.1&#8243; _module_preset=&#8221;default&#8221; global_colors_info=&#8221;{}&#8221;][et_pb_text admin_label=&#8221;Texte FAQ&#8221; _builder_version=&#8221;4.18.1&#8243; _module_preset=&#8221;default&#8221; text_font_size=&#8221;16px&#8221; global_colors_info=&#8221;{}&#8221;]<\/p>\n<p><span style=\"color: #999999;\">If you need more information our <a href=\"https:\/\/svcard.fr\/en\/faq-svcard\/\">FAQ<\/a> section is at your disposal or you can also contact us at +33 1 41 16 39 60 or via <a href=\"https:\/\/svcard.fr\/en\/request-a-quote\/\">contact us<\/a>.<\/span><\/p>\n<p>[\/et_pb_text][\/et_pb_column_inner][\/et_pb_row_inner][\/et_pb_column][et_pb_column type=&#8221;1_4&#8243; _builder_version=&#8221;4.16&#8243; custom_padding=&#8221;|||&#8221; global_colors_info=&#8221;{}&#8221; custom_padding__hover=&#8221;|||&#8221;][et_pb_image src=&#8221;https:\/\/svcard.fr\/wp-content\/uploads\/2022\/03\/svcard-img-iphone.png&#8221; alt=&#8221;Svcard connection&#8221; title_text=&#8221;Svcard connection&#8221; admin_label=&#8221;Image iPhone&#8221; _builder_version=&#8221;4.18.1&#8243; _module_preset=&#8221;default&#8221; global_colors_info=&#8221;{}&#8221;][\/et_pb_image][\/et_pb_column][et_pb_column type=&#8221;1_4&#8243; _builder_version=&#8221;4.16&#8243; custom_padding=&#8221;|||&#8221; global_colors_info=&#8221;{}&#8221; custom_padding__hover=&#8221;|||&#8221;][et_pb_text admin_label=&#8221;Texte Cr\u00e9ation d&#8217;information&#8221; _builder_version=&#8221;4.18.1&#8243; _module_preset=&#8221;default&#8221; text_font_size=&#8221;16px&#8221; global_colors_info=&#8221;{}&#8221;]<\/p>\n<p><span style=\"color: #808080;\"><span style=\"color: #a003a8;\">\u2666<\/span> Creating your information to be transmitted through the secure user interface.<\/span><\/p>\n<p>[\/et_pb_text][et_pb_divider _builder_version=&#8221;4.18.1&#8243; _module_preset=&#8221;default&#8221; global_colors_info=&#8221;{}&#8221;][\/et_pb_divider][et_pb_text admin_label=&#8221;Texte M \u00e0 J&#8221; _builder_version=&#8221;4.18.1&#8243; _module_preset=&#8221;default&#8221; text_font_size=&#8221;16px&#8221; global_colors_info=&#8221;{}&#8221;]<\/p>\n<p><span style=\"color: #808080;\"><span style=\"color: #a003a8;\">\u2666<\/span> Update your data without limit through the secure user interface.<\/span><\/p>\n<p>[\/et_pb_text][et_pb_divider _builder_version=&#8221;4.18.1&#8243; _module_preset=&#8221;default&#8221; global_colors_info=&#8221;{}&#8221;][\/et_pb_divider][et_pb_text admin_label=&#8221;Texte Partage&#8221; _builder_version=&#8221;4.18.1&#8243; _module_preset=&#8221;default&#8221; text_font_size=&#8221;16px&#8221; global_colors_info=&#8221;{}&#8221;]<\/p>\n<p><span style=\"color: #808080;\">\u2666 <span style=\"color: #a003a8;\">S<\/span> hare your data without limits and take full advantage of contactless technology.<\/span><\/p>\n<p>[\/et_pb_text][\/et_pb_column][\/et_pb_section]<\/p>\n","protected":false},"excerpt":{"rendered":"<h4><span style=\"color: #a003a8;\"><strong>Transfer your information in one step:  <\/strong><\/span><\/h4>\n<ul>\n<li>A trade show? A link to the URL of your choice<\/li>\n<li>An event? An Instagram page<\/li>\n<li>A new product? A video on youtube<\/li>\n<li>Your pro\ufb01l? Linkedin<\/li>\n<\/ul>\n<p>Or, of course, for the daily newspaper your business card with the information you want:<\/p>\n<ul>\n<li>Photo, Name, First name, Address, Phone, Position, Mail, Twitter, etc&#8230;.<\/li>\n<\/ul>\n<p><b>Thanks to the SVCard, be more visible, develop your presence on social networks and share your links with your prospects and customers in one click!<\/b><\/p>\n","protected":false},"featured_media":13276,"template":"","meta":{"_seopress_robots_primary_cat":"none","_seopress_titles_title":"SVCard en PVC Noir technologie NFC","_seopress_titles_desc":"Gr\u00e2ce \u00e0 la SVCard PVC blanc soyez plus visible, d\u00e9veloppez votre pr\u00e9sence sur les r\u00e9seaux sociaux et partagez avec vos clients en un seul clic !","_seopress_robots_index":"","_et_pb_use_builder":"on","_et_pb_old_content":"<h4><span style=\"color: #a003a8\"><strong>SVCard la carte de visite sans contact NFC en PVC blanc<\/strong><\/span><\/h4>\r\n<strong>Une solution cl\u00e9 en main !<\/strong>\r\nLa personnalisation de la SVCard avec votre logo est comprise dans le prix\r\nCette personnalisation commence apr\u00e8s la validation de votre commande\r\nDe plus une remise par quantit\u00e9 s'applique automatiquement\r\n<h4><span style=\"color: #a003a8\"><strong>Prestations comprises<\/strong><\/span><\/h4>\r\n<ul>\r\n \t<li>Acc\u00e8s illimit\u00e9 \u00e0 l'interface de vos SVCard\u00a0<strong>sans abonnement<\/strong><\/li>\r\n \t<li><a href=\"#impression\"><span style=\"color: #a003a8\">L'impression de votre SVCard<\/span><\/a> en PVC noir <strong>avec votre Logo et vos informations<\/strong><\/li>\r\n \t<li>La livraison en\u00a0<strong>Europe est incluse\u00a0<\/strong><em>(pour toute livraison hors Europe merci de\u00a0<span style=\"color: #a003a8\"><a style=\"color: #a003a8\" href=\"mailto:contact@svcard.fr\">nous contacter<\/a><\/span>)<\/em><\/li>\r\n<\/ul>\r\n<h4><span style=\"color: #a003a8\"><b>Cr\u00e9ation de votre SVCard en 4 \u00e9tapes<\/b><\/span><\/h4>\r\n<ol>\r\n \t<li>Validez votre commande<\/li>\r\n \t<li>Vous allez \u00eatre guid\u00e9(e) pour la personnalisation de votre SVCard PVC (l'impression)<\/li>\r\n \t<li>Exp\u00e9dition de votre SVCard<\/li>\r\n \t<li>Acc\u00e8s \u00e0 l'espace d\u00e9di\u00e9 pour la cr\u00e9ation et la mise \u00e0 jour de votre fiche<\/li>\r\n<\/ol>\r\n<h4><span style=\"color: #a003a8\"><strong>Informations<\/strong><\/span><\/h4>\r\n<ul>\r\n \t<li>Les donn\u00e9es sont h\u00e9berg\u00e9es et sauvegard\u00e9es en Europe en conformit\u00e9 avec le RGPD<\/li>\r\n \t<li>Si vous souhaitez obtenir un devis personnalis\u00e9\u00a0<strong><a href=\"https:\/\/svcard.fr\/demande-de-devis\/\">cliquez ici<\/a><\/strong><\/li>\r\n \t<li>Si vous souhaitez avoir un d\u00e9mo de la SVCard en ligne<strong>\u00a0<a href=\"https:\/\/svcard.fr\/demo\/\">cliquet ici<\/a><\/strong><\/li>\r\n<\/ul>","_et_gb_content_width":""},"product_brand":[],"product_cat":[69],"product_tag":[],"class_list":{"0":"post-8729","1":"product","2":"type-product","3":"status-publish","4":"has-post-thumbnail","6":"product_cat-svcard-pvc-en","8":"first","9":"instock","10":"taxable","11":"shipping-taxable","12":"purchasable","13":"product-type-simple"},"_links":{"self":[{"href":"https:\/\/svcard.fr\/en\/wp-json\/wp\/v2\/product\/8729","targetHints":{"allow":["GET"]}}],"collection":[{"href":"https:\/\/svcard.fr\/en\/wp-json\/wp\/v2\/product"}],"about":[{"href":"https:\/\/svcard.fr\/en\/wp-json\/wp\/v2\/types\/product"}],"wp:featuredmedia":[{"embeddable":true,"href":"https:\/\/svcard.fr\/en\/wp-json\/wp\/v2\/media\/13276"}],"wp:attachment":[{"href":"https:\/\/svcard.fr\/en\/wp-json\/wp\/v2\/media?parent=8729"}],"wp:term":[{"taxonomy":"product_brand","embeddable":true,"href":"https:\/\/svcard.fr\/en\/wp-json\/wp\/v2\/product_brand?post=8729"},{"taxonomy":"product_cat","embeddable":true,"href":"https:\/\/svcard.fr\/en\/wp-json\/wp\/v2\/product_cat?post=8729"},{"taxonomy":"product_tag","embeddable":true,"href":"https:\/\/svcard.fr\/en\/wp-json\/wp\/v2\/product_tag?post=8729"}],"curies":[{"name":"wp","href":"https:\/\/api.w.org\/{rel}","templated":true}]}}