{"id":6997,"date":"2022-10-14T10:53:52","date_gmt":"2022-10-14T08:53:52","guid":{"rendered":"https:\/\/svcard.fr\/customization-of-the-svcard\/"},"modified":"2022-11-12T14:07:08","modified_gmt":"2022-11-12T13:07:08","slug":"customization-of-the-svcard","status":"publish","type":"page","link":"https:\/\/svcard.fr\/en\/customization-of-the-svcard\/","title":{"rendered":"Customization of the SVCard"},"content":{"rendered":"<p>[et_pb_section fb_built=&#8221;1&#8243; _builder_version=&#8221;4.18.0&#8243; _module_preset=&#8221;default&#8221; custom_padding=&#8221;1px||1px|||&#8221; global_colors_info=&#8221;{}&#8221;][et_pb_row _builder_version=&#8221;4.18.0&#8243; _module_preset=&#8221;default&#8221; custom_padding=&#8221;4px||1px|||&#8221; global_colors_info=&#8221;{}&#8221;][et_pb_column type=&#8221;4_4&#8243; _builder_version=&#8221;4.18.0&#8243; _module_preset=&#8221;default&#8221; global_colors_info=&#8221;{}&#8221;][et_pb_image src=&#8221;https:\/\/svcard.fr\/wp-content\/uploads\/2022\/10\/Bandeau-print-svcard.jpg&#8221; alt=&#8221;Print SVCard&#8221; title_text=&#8221;Print SVCard&#8221; _builder_version=&#8221;4.18.0&#8243; _module_preset=&#8221;default&#8221; global_colors_info=&#8221;{}&#8221;][\/et_pb_image][\/et_pb_column][\/et_pb_row][\/et_pb_section][et_pb_section fb_built=&#8221;1&#8243; _builder_version=&#8221;4.18.0&#8243; _module_preset=&#8221;default&#8221; custom_padding=&#8221;22px|||||&#8221; global_colors_info=&#8221;{}&#8221;][et_pb_row _builder_version=&#8221;4.18.0&#8243; _module_preset=&#8221;default&#8221; global_colors_info=&#8221;{}&#8221;][et_pb_column type=&#8221;4_4&#8243; _builder_version=&#8221;4.18.0&#8243; _module_preset=&#8221;default&#8221; global_colors_info=&#8221;{}&#8221;][dsm_block_reveal_text block_reveal_text=&#8221;Customize your SVCard&#8221; _builder_version=&#8221;4.18.0&#8243; _module_preset=&#8221;default&#8221; global_colors_info=&#8221;{}&#8221;][\/dsm_block_reveal_text][\/et_pb_column][\/et_pb_row][et_pb_row column_structure=&#8221;3_5,2_5&#8243; _builder_version=&#8221;4.18.0&#8243; _module_preset=&#8221;default&#8221; custom_margin=&#8221;-3px|auto||auto||&#8221; custom_padding=&#8221;3px|||||&#8221; global_colors_info=&#8221;{}&#8221;][et_pb_column type=&#8221;3_5&#8243; _builder_version=&#8221;4.18.0&#8243; _module_preset=&#8221;default&#8221; global_colors_info=&#8221;{}&#8221;][wpforms_selector form_id=&#8221;6943&#8243; _builder_version=&#8221;4.18.0&#8243; _module_preset=&#8221;default&#8221; global_colors_info=&#8221;{}&#8221;][\/wpforms_selector][\/et_pb_column][et_pb_column type=&#8221;2_5&#8243; _builder_version=&#8221;4.18.0&#8243; _module_preset=&#8221;default&#8221; global_colors_info=&#8221;{}&#8221;][et_pb_text _builder_version=&#8221;4.18.0&#8243; _module_preset=&#8221;default&#8221; header_font_size=&#8221;20px&#8221; global_colors_info=&#8221;{}&#8221;]<\/p>\n<h1>How to make your SVCard<\/h1>\n<p>In order to process your order quickly, please send us the information via this form.<\/p>\n<p>In case your order is composed of several SVCards, you must download our Excel file by <a href=\"https:\/\/svcard.fr\/gabarits\/Fichier-import-SVCard.xlsx\" target=\"_blank\" rel=\"noopener\">clicking here<\/a> and deposit it in the form with the information concerning the future users of the SVCard.<\/p>\n<p>&nbsp;<\/p>\n<p>[\/et_pb_text][\/et_pb_column][\/et_pb_row][\/et_pb_section]<\/p>\n","protected":false},"excerpt":{"rendered":"<p>[dsm_block_reveal_text block_reveal_text=&#8221;Customize your SVCard&#8221; _builder_version=&#8221;4.18.0&#8243; _module_preset=&#8221;default&#8221; global_colors_info=&#8221;{}&#8221;][\/dsm_block_reveal_text]<div class=\"et_pb_module wpforms_selector wpforms_selector_0\">\n\t\t\t\t\n\t\t\t\t\n\t\t\t\t\n\t\t\t\t\n\t\t\t\t\n\t\t\t\t\n\t\t\t\t<div class=\"et_pb_module_inner\">\n\t\t\t\t\t<div class=\"wpforms-container wpforms-container-full\" id=\"wpforms-6943\"><form id=\"wpforms-form-6943\" class=\"wpforms-validate wpforms-form wpforms-ajax-form\" data-formid=\"6943\" method=\"post\" enctype=\"multipart\/form-data\" action=\"\/en\/wp-json\/wp\/v2\/pages\/6997?wpforms_form_id=6943\" data-token=\"5efc09d785bf839a4ec813c9bff71adb\" data-token-time=\"1777658745\"><noscript class=\"wpforms-error-noscript\">Please enable JavaScript in your browser to complete this form.<\/noscript><div class=\"wpforms-field-container\"><div id=\"wpforms-6943-field_46-container\" class=\"wpforms-field wpforms-field-text\" data-field-id=\"46\"><label class=\"wpforms-field-label\" for=\"wpforms-6943-field_46\">Num\u00e9ro de votre commande <span class=\"wpforms-required-label\">*<\/span><\/label><input type=\"text\" id=\"wpforms-6943-field_46\" class=\"wpforms-field-medium wpforms-field-required\" name=\"wpforms[fields][46]\" required><\/div><div id=\"wpforms-6943-field_6-container\" class=\"wpforms-field wpforms-field-text\" data-field-id=\"6\"><label class=\"wpforms-field-label\" for=\"wpforms-6943-field_6\">Soci\u00e9t\u00e9  <span class=\"wpforms-required-label\">*<\/span><\/label><input type=\"text\" id=\"wpforms-6943-field_6\" class=\"wpforms-field-medium wpforms-field-required\" name=\"wpforms[fields][6]\" required><\/div><div id=\"wpforms-6943-field_24-container\" class=\"wpforms-field wpforms-field-select wpforms-one-third wpforms-first wpforms-field-select-style-classic\" data-field-id=\"24\"><label class=\"wpforms-field-label\" for=\"wpforms-6943-field_24\">Civilit\u00e9 <span class=\"wpforms-required-label\">*<\/span><\/label><select id=\"wpforms-6943-field_24\" class=\"wpforms-field-medium wpforms-field-required\" name=\"wpforms[fields][24]\" required=\"required\"><option value=\"Madame\" >Madame<\/option><option value=\"Monsieur\" >Monsieur<\/option><\/select><\/div><div id=\"wpforms-6943-field_3-container\" class=\"wpforms-field wpforms-field-name wpforms-two-thirds\" data-field-id=\"3\"><label class=\"wpforms-field-label\">Pr\u00e9nom et Nom <span class=\"wpforms-required-label\">*<\/span><\/label><div class=\"wpforms-field-row wpforms-field-medium\"><div class=\"wpforms-field-row-block wpforms-first wpforms-one-half\"><input type=\"text\" id=\"wpforms-6943-field_3\" class=\"wpforms-field-name-first wpforms-field-required\" name=\"wpforms[fields][3][first]\" required><label for=\"wpforms-6943-field_3\" class=\"wpforms-field-sublabel after\">First<\/label><\/div><div class=\"wpforms-field-row-block wpforms-one-half\"><input type=\"text\" id=\"wpforms-6943-field_3-last\" class=\"wpforms-field-name-last wpforms-field-required\" name=\"wpforms[fields][3][last]\" required><label for=\"wpforms-6943-field_3-last\" class=\"wpforms-field-sublabel after\">Last<\/label><\/div><\/div><\/div><div id=\"wpforms-6943-field_7-container\" class=\"wpforms-field wpforms-field-email\" data-field-id=\"7\"><label class=\"wpforms-field-label\" for=\"wpforms-6943-field_7\">E-mail <span class=\"wpforms-required-label\">*<\/span><\/label><input type=\"email\" id=\"wpforms-6943-field_7\" class=\"wpforms-field-medium wpforms-field-required\" name=\"wpforms[fields][7]\" spellcheck=\"false\" required><\/div><div id=\"wpforms-6943-field_15-container\" class=\"wpforms-field wpforms-field-phone wpforms-one-half wpforms-first\" data-field-id=\"15\"><label class=\"wpforms-field-label\" for=\"wpforms-6943-field_15\">Mobile <span class=\"wpforms-required-label\">*<\/span><\/label><input type=\"tel\" id=\"wpforms-6943-field_15\" class=\"wpforms-field-medium wpforms-field-required wpforms-smart-phone-field\" data-rule-smart-phone-field=\"true\" name=\"wpforms[fields][15]\" aria-label=\"Mobile\" required><\/div><div id=\"wpforms-6943-field_12-container\" class=\"wpforms-field wpforms-field-phone wpforms-one-half\" data-field-id=\"12\"><label class=\"wpforms-field-label\" for=\"wpforms-6943-field_12\">T\u00e9l\u00e9phone <span class=\"wpforms-required-label\">*<\/span><\/label><input type=\"tel\" id=\"wpforms-6943-field_12\" class=\"wpforms-field-medium wpforms-field-required wpforms-smart-phone-field\" data-rule-smart-phone-field=\"true\" name=\"wpforms[fields][12]\" aria-label=\"T\u00e9l\u00e9phone\" required><\/div><div id=\"wpforms-6943-field_19-container\" class=\"wpforms-field wpforms-field-textarea\" data-field-id=\"19\"><label class=\"wpforms-field-label\" for=\"wpforms-6943-field_19\">Informations compl\u00e9mentaires<\/label><textarea id=\"wpforms-6943-field_19\" class=\"wpforms-field-small\" name=\"wpforms[fields][19]\" ><\/textarea><\/div><div id=\"wpforms-6943-field_34-container\" class=\"wpforms-field wpforms-field-select wpforms-conditional-trigger wpforms-field-select-style-classic\" data-field-id=\"34\"><label class=\"wpforms-field-label\" for=\"wpforms-6943-field_34\">Choisissez votre SVCard selon votre commande <span class=\"wpforms-required-label\">*<\/span><\/label><select id=\"wpforms-6943-field_34\" class=\"wpforms-field-medium wpforms-field-required\" name=\"wpforms[fields][34]\" required=\"required\"><option value=\"Choix de la SVCard\"  selected='selected'>Choix de la SVCard<\/option><option value=\"SVCard PVC\" >SVCard PVC<\/option><option value=\"SVCard Bois\" >SVCard Bois<\/option><option value=\"SVCard M\u00e9tal\" >SVCard M\u00e9tal<\/option><\/select><\/div><div id=\"wpforms-6943-field_35-container\" class=\"wpforms-field wpforms-field-select wpforms-conditional-field wpforms-conditional-show wpforms-conditional-trigger wpforms-field-select-style-classic\" data-field-id=\"35\" style=\"display:none;\"><label class=\"wpforms-field-label\" for=\"wpforms-6943-field_35\">Choisissez la couleur de votre SVCard <span class=\"wpforms-required-label\">*<\/span><\/label><select id=\"wpforms-6943-field_35\" class=\"wpforms-field-medium wpforms-field-required\" name=\"wpforms[fields][35]\" required=\"required\"><option value=\"Choix de la couleur de la SVCard PVC\"  selected='selected'>Choix de la couleur de la SVCard PVC<\/option><option value=\"SVCard PVC Blanc\" >SVCard PVC Blanc<\/option><option value=\"SVCard PVC Noir\" >SVCard PVC Noir<\/option><\/select><\/div><div id=\"wpforms-6943-field_36-container\" class=\"wpforms-field wpforms-field-select wpforms-conditional-field wpforms-conditional-show wpforms-conditional-trigger wpforms-field-select-style-classic\" data-field-id=\"36\" style=\"display:none;\"><label class=\"wpforms-field-label\" for=\"wpforms-6943-field_36\">Choisissez l&#039;impression de votre SVCard PVC Blanc <span class=\"wpforms-required-label\">*<\/span><\/label><select id=\"wpforms-6943-field_36\" class=\"wpforms-field-medium wpforms-field-required\" name=\"wpforms[fields][36]\" required=\"required\"><option value=\"Choix de l&#039;impression\"  selected='selected'>Choix de l&#039;impression<\/option><option value=\"Impression en couleur recto\/verso\" >Impression en couleur recto\/verso<\/option><option value=\"Impression en noir et blanc recto\/verso\" >Impression en noir et blanc recto\/verso<\/option><option value=\"Impression couleur argent\u00e9e recto\/verso\" >Impression couleur argent\u00e9e recto\/verso<\/option><option value=\"Impression couleur dor\u00e9e recto\/verso\" >Impression couleur dor\u00e9e recto\/verso<\/option><\/select><\/div><div id=\"wpforms-6943-field_38-container\" class=\"wpforms-field wpforms-field-select wpforms-conditional-field wpforms-conditional-show wpforms-conditional-trigger wpforms-field-select-style-classic\" data-field-id=\"38\" style=\"display:none;\"><label class=\"wpforms-field-label\" for=\"wpforms-6943-field_38\">Choisissez l&#039;impression de votre SVCard PVC Noir <span class=\"wpforms-required-label\">*<\/span><\/label><select id=\"wpforms-6943-field_38\" class=\"wpforms-field-medium wpforms-field-required\" name=\"wpforms[fields][38]\" required=\"required\"><option value=\"Choix de l&#039;impression\"  selected='selected'>Choix de l&#039;impression<\/option><option value=\"Impression en noir et blanc recto\/verso\" >Impression en noir et blanc recto\/verso<\/option><option value=\"Impression couleur argent\u00e9e recto\/verso\" >Impression couleur argent\u00e9e recto\/verso<\/option><option value=\"Impression couleur dor\u00e9e recto\/verso\" >Impression couleur dor\u00e9e recto\/verso<\/option><\/select><\/div><div id=\"wpforms-6943-field_40-container\" class=\"wpforms-field wpforms-field-select wpforms-conditional-field wpforms-conditional-show wpforms-conditional-trigger wpforms-field-select-style-classic\" data-field-id=\"40\" style=\"display:none;\"><label class=\"wpforms-field-label\" for=\"wpforms-6943-field_40\">Choisissez votre SVCard en Bois <span class=\"wpforms-required-label\">*<\/span><\/label><select id=\"wpforms-6943-field_40\" class=\"wpforms-field-medium wpforms-field-required\" name=\"wpforms[fields][40]\" required=\"required\"><option value=\"Choix votre SVCard en Bois\"  selected='selected'>Choix votre SVCard en Bois<\/option><option value=\"SVCard Bois couleur Acajou\" >SVCard Bois couleur Acajou<\/option><option value=\"SVCard Bois couleur Avoine\" >SVCard Bois couleur Avoine<\/option><option value=\"SVCard Bois Bamboo\" >SVCard Bois Bamboo<\/option><option value=\"SVCard Bois Cerisier\" >SVCard Bois Cerisier<\/option><option value=\"SVCard Bois couleur Noire\" >SVCard Bois couleur Noire<\/option><\/select><\/div><div id=\"wpforms-6943-field_41-container\" class=\"wpforms-field wpforms-field-select wpforms-conditional-field wpforms-conditional-show wpforms-conditional-trigger wpforms-field-select-style-classic\" data-field-id=\"41\" style=\"display:none;\"><label class=\"wpforms-field-label wpforms-label-hide\" for=\"wpforms-6943-field_41\">Choisissez l&#039;impression de votre SVCard Bois<\/label><select id=\"wpforms-6943-field_41\" class=\"wpforms-field-medium\" name=\"wpforms[fields][41]\"><option value=\"Choix de l&#039;impression\"  selected='selected'>Choix de l&#039;impression<\/option><option value=\"Gravure en Laser recto\/verso\" >Gravure en Laser recto\/verso<\/option><option value=\"Impression en couleur recto\/verso\" >Impression en couleur recto\/verso<\/option><\/select><\/div><div id=\"wpforms-6943-field_43-container\" class=\"wpforms-field wpforms-field-select wpforms-conditional-field wpforms-conditional-show wpforms-conditional-trigger wpforms-field-select-style-classic\" data-field-id=\"43\" style=\"display:none;\"><label class=\"wpforms-field-label wpforms-label-hide\" for=\"wpforms-6943-field_43\">Choisissez votre SVCard en M\u00e9tal<\/label><select id=\"wpforms-6943-field_43\" class=\"wpforms-field-medium\" name=\"wpforms[fields][43]\"><option value=\"Choix votre SVCard en M\u00e9tal\"  selected='selected'>Choix votre SVCard en M\u00e9tal<\/option><option value=\"SVCard Hybride IRON\" >SVCard Hybride IRON<\/option><option value=\"SVCard Hybride OR\" >SVCard Hybride OR<\/option><\/select><\/div><div id=\"wpforms-6943-field_44-container\" class=\"wpforms-field wpforms-field-select wpforms-conditional-field wpforms-conditional-show wpforms-conditional-trigger wpforms-field-select-style-classic\" data-field-id=\"44\" style=\"display:none;\"><label class=\"wpforms-field-label\" for=\"wpforms-6943-field_44\">Choisissez l&#039;impression de votre SVCard IRON <span class=\"wpforms-required-label\">*<\/span><\/label><select id=\"wpforms-6943-field_44\" class=\"wpforms-field-medium wpforms-field-required\" name=\"wpforms[fields][44]\" required=\"required\"><option value=\"Choix de l&#039;impression\"  selected='selected'>Choix de l&#039;impression<\/option><option value=\"Gravure en Laser au recto et num\u00e9rique couleur argent\u00e9e au verso\" >Gravure en Laser au recto et num\u00e9rique couleur argent\u00e9e au verso<\/option><\/select><\/div><div id=\"wpforms-6943-field_45-container\" class=\"wpforms-field wpforms-field-select wpforms-conditional-field wpforms-conditional-show wpforms-conditional-trigger wpforms-field-select-style-classic\" data-field-id=\"45\" style=\"display:none;\"><label class=\"wpforms-field-label wpforms-label-hide\" for=\"wpforms-6943-field_45\">Choisissez l&#039;impression de votre SVCard OR<\/label><select id=\"wpforms-6943-field_45\" class=\"wpforms-field-medium\" name=\"wpforms[fields][45]\"><option value=\"Choix de l&#039;impression\"  selected='selected'>Choix de l&#039;impression<\/option><option value=\"Gravure en Laser au recto et num\u00e9rique couleur noire au verso\" >Gravure en Laser au recto et num\u00e9rique couleur noire au verso<\/option><\/select><\/div><div id=\"wpforms-6943-field_39-container\" class=\"wpforms-field wpforms-field-file-upload wpforms-conditional-field wpforms-conditional-show\" data-field-id=\"39\" style=\"display:none;\"><label class=\"wpforms-field-label\" for=\"wpforms-6943-field_39\">D\u00e9posez votre fichier d&#039;impression de votre logo <span class=\"wpforms-required-label\">*<\/span><\/label><div\n\t\tclass=\"wpforms-uploader\"\n\t\tdata-field-id=\"39\"\n\t\tdata-form-id=\"6943\"\n\t\tdata-input-name=\"wpforms_6943_39\"\n\t\tdata-extensions=\"pdf,svg,ai,eps,png,jpg,jpeg,zip\"\n\t\tdata-max-size=\"10485760\"\n\t\tdata-max-file-number=\"4\"\n\t\tdata-post-max-size=\"67108864\"\n\t\tdata-max-parallel-uploads=\"4\"\n\t\tdata-parallel-uploads=\"true\"\n\t\tdata-file-chunk-size=\"2097152\">\n\t<div class=\"dz-message\">\n\t\t<svg viewBox=\"0 0 1024 1024\" focusable=\"false\" data-icon=\"inbox\" width=\"50px\" height=\"50px\" fill=\"currentColor\" aria-hidden=\"true\">\n\t\t\t<path d=\"M885.2 446.3l-.2-.8-112.2-285.1c-5-16.1-19.9-27.2-36.8-27.2H281.2c-17 0-32.1 11.3-36.9 27.6L139.4 443l-.3.7-.2.8c-1.3 4.9-1.7 9.9-1 14.8-.1 1.6-.2 3.2-.2 4.8V830a60.9 60.9 0 0 0 60.8 60.8h627.2c33.5 0 60.8-27.3 60.9-60.8V464.1c0-1.3 0-2.6-.1-3.7.4-4.9 0-9.6-1.3-14.1zm-295.8-43l-.3 15.7c-.8 44.9-31.8 75.1-77.1 75.1-22.1 0-41.1-7.1-54.8-20.6S436 441.2 435.6 419l-.3-15.7H229.5L309 210h399.2l81.7 193.3H589.4zm-375 76.8h157.3c24.3 57.1 76 90.8 140.4 90.8 33.7 0 65-9.4 90.3-27.2 22.2-15.6 39.5-37.4 50.7-63.6h156.5V814H214.4V480.1z\"><\/path>\n\t\t<\/svg>\n\t\t<span class=\"modern-title\">Click or drag files to this area to upload.<\/span>\n\n\t\t\t\t\t<span class=\"modern-hint\">You can upload up to 4 files.<\/span>\n\t\t\t<\/div>\n<\/div>\n<input\n\t\ttype=\"text\"\n\t\tautocomplete=\"off\"\n\t\treadonly\n\t\tclass=\"dropzone-input\"\n\t\tstyle=\"position:absolute!important;clip:rect(0,0,0,0)!important;height:1px!important;width:1px!important;border:0!important;overflow:hidden!important;padding:0!important;margin:0!important;\"\n\t\tid=\"wpforms-6943-field_39\"\n\t\tname=\"wpforms_6943_39\" required\t\tvalue=\"\">\n<div class=\"wpforms-field-description\">Seuls les fichiers .pdf, .ai, .eps, .svg, .png, .jepg, .jpg sont accept\u00e9s.\r\nLes fichiers doivent \u00eatre au minimum 300 dpi. Taille maximale est de 5 Mo<\/div><\/div><div id=\"wpforms-6943-field_53-container\" class=\"wpforms-field wpforms-field-number wpforms-conditional-field wpforms-conditional-show wpforms-conditional-trigger\" data-field-id=\"53\" style=\"display:none;\"><label class=\"wpforms-field-label\" for=\"wpforms-6943-field_53\">Nombres de SVCard command\u00e9e <span class=\"wpforms-required-label\">*<\/span><\/label><input type=\"number\" id=\"wpforms-6943-field_53\" class=\"wpforms-field-medium wpforms-field-required\" name=\"wpforms[fields][53]\" step=\"any\" required><\/div><div id=\"wpforms-6943-field_55-container\" class=\"wpforms-field wpforms-field-file-upload wpforms-conditional-field wpforms-conditional-show\" data-field-id=\"55\" style=\"display:none;\"><label class=\"wpforms-field-label\" for=\"wpforms-6943-field_55\">D\u00e9posez le fichier .xls avec vos informations <span class=\"wpforms-required-label\">*<\/span><\/label><div\n\t\tclass=\"wpforms-uploader\"\n\t\tdata-field-id=\"55\"\n\t\tdata-form-id=\"6943\"\n\t\tdata-input-name=\"wpforms_6943_55\"\n\t\tdata-extensions=\"xls,xlsx\"\n\t\tdata-max-size=\"2097152\"\n\t\tdata-max-file-number=\"1\"\n\t\tdata-post-max-size=\"67108864\"\n\t\tdata-max-parallel-uploads=\"4\"\n\t\tdata-parallel-uploads=\"true\"\n\t\tdata-file-chunk-size=\"2097152\">\n\t<div class=\"dz-message\">\n\t\t<svg viewBox=\"0 0 1024 1024\" focusable=\"false\" data-icon=\"inbox\" width=\"50px\" height=\"50px\" fill=\"currentColor\" aria-hidden=\"true\">\n\t\t\t<path d=\"M885.2 446.3l-.2-.8-112.2-285.1c-5-16.1-19.9-27.2-36.8-27.2H281.2c-17 0-32.1 11.3-36.9 27.6L139.4 443l-.3.7-.2.8c-1.3 4.9-1.7 9.9-1 14.8-.1 1.6-.2 3.2-.2 4.8V830a60.9 60.9 0 0 0 60.8 60.8h627.2c33.5 0 60.8-27.3 60.9-60.8V464.1c0-1.3 0-2.6-.1-3.7.4-4.9 0-9.6-1.3-14.1zm-295.8-43l-.3 15.7c-.8 44.9-31.8 75.1-77.1 75.1-22.1 0-41.1-7.1-54.8-20.6S436 441.2 435.6 419l-.3-15.7H229.5L309 210h399.2l81.7 193.3H589.4zm-375 76.8h157.3c24.3 57.1 76 90.8 140.4 90.8 33.7 0 65-9.4 90.3-27.2 22.2-15.6 39.5-37.4 50.7-63.6h156.5V814H214.4V480.1z\"><\/path>\n\t\t<\/svg>\n\t\t<span class=\"modern-title\">Click or drag a file to this area to upload.<\/span>\n\n\t\t\t<\/div>\n<\/div>\n<input\n\t\ttype=\"text\"\n\t\tautocomplete=\"off\"\n\t\treadonly\n\t\tclass=\"dropzone-input\"\n\t\tstyle=\"position:absolute!important;clip:rect(0,0,0,0)!important;height:1px!important;width:1px!important;border:0!important;overflow:hidden!important;padding:0!important;margin:0!important;\"\n\t\tid=\"wpforms-6943-field_55\"\n\t\tname=\"wpforms_6943_55\" required\t\tvalue=\"\">\n<div class=\"wpforms-field-description\">Seuls un fichier Excel peut \u00eatre d\u00e9pos\u00e9<\/div><\/div><div id=\"wpforms-6943-field_62-container\" class=\"wpforms-field wpforms-field-gdpr-checkbox\" data-field-id=\"62\"><label class=\"wpforms-field-label\">Accord RGPD <span class=\"wpforms-required-label\">*<\/span><\/label><ul id=\"wpforms-6943-field_62\" class=\"wpforms-field-required\"><li class=\"choice-1\"><input type=\"checkbox\" id=\"wpforms-6943-field_62_1\" name=\"wpforms[fields][62][]\" value=\"Je consens \u00e0 ce que SVCard stocke mes informations envoy\u00e9es afin qu\u2019ils puissent r\u00e9pondre \u00e0 ma requ\u00eate.\" required ><label class=\"wpforms-field-label-inline\" for=\"wpforms-6943-field_62_1\">Je consens \u00e0 ce que SVCard stocke mes informations envoy\u00e9es afin qu\u2019ils puissent r\u00e9pondre \u00e0 ma requ\u00eate.<\/label><\/li><\/ul><\/div><\/div><!-- .wpforms-field-container --><div class=\"wpforms-recaptcha-container wpforms-is-recaptcha wpforms-is-recaptcha-type-v3\" ><input type=\"hidden\" name=\"wpforms[recaptcha]\" value=\"\"><\/div><div class=\"wpforms-submit-container\" ><input type=\"hidden\" name=\"wpforms[id]\" value=\"6943\"><input type=\"hidden\" name=\"page_title\" value=\"\"><input type=\"hidden\" name=\"page_url\" value=\"https:\/\/svcard.fr\/en\/wp-json\/wp\/v2\/pages\/6997\"><input type=\"hidden\" name=\"url_referer\" value=\"\"><button type=\"submit\" name=\"wpforms[submit]\" id=\"wpforms-submit-6943\" class=\"wpforms-submit\" data-alt-text=\"Envoi...\" data-submit-text=\"Envoyer\" aria-live=\"assertive\" value=\"wpforms-submit\">Envoyer<\/button><img loading=\"lazy\" decoding=\"async\" src=\"https:\/\/svcard.fr\/wp-content\/plugins\/wpforms\/assets\/images\/submit-spin.svg\" class=\"wpforms-submit-spinner\" style=\"display: none;\" width=\"26\" height=\"26\" alt=\"Loading\"><\/div><\/form><\/div>  <!-- .wpforms-container -->\n\t\t\t\t<\/div>\n\t\t\t<\/div>How to make your SVCard In order to process your order quickly, please send us the information via this form. In case your order is composed of several SVCards, you must download our Excel file by clicking here and deposit it in the form with [&hellip;]<\/p>\n","protected":false},"author":1,"featured_media":0,"parent":0,"menu_order":0,"comment_status":"closed","ping_status":"closed","template":"","meta":{"_seopress_robots_primary_cat":"","_seopress_titles_title":"","_seopress_titles_desc":"","_seopress_robots_index":"","_et_pb_use_builder":"on","_et_pb_old_content":"","_et_gb_content_width":"","footnotes":""},"class_list":["post-6997","page","type-page","status-publish","hentry"],"_links":{"self":[{"href":"https:\/\/svcard.fr\/en\/wp-json\/wp\/v2\/pages\/6997","targetHints":{"allow":["GET"]}}],"collection":[{"href":"https:\/\/svcard.fr\/en\/wp-json\/wp\/v2\/pages"}],"about":[{"href":"https:\/\/svcard.fr\/en\/wp-json\/wp\/v2\/types\/page"}],"author":[{"embeddable":true,"href":"https:\/\/svcard.fr\/en\/wp-json\/wp\/v2\/users\/1"}],"replies":[{"embeddable":true,"href":"https:\/\/svcard.fr\/en\/wp-json\/wp\/v2\/comments?post=6997"}],"version-history":[{"count":0,"href":"https:\/\/svcard.fr\/en\/wp-json\/wp\/v2\/pages\/6997\/revisions"}],"wp:attachment":[{"href":"https:\/\/svcard.fr\/en\/wp-json\/wp\/v2\/media?parent=6997"}],"curies":[{"name":"wp","href":"https:\/\/api.w.org\/{rel}","templated":true}]}}